{"id":12091,"date":"2020-02-24T12:59:48","date_gmt":"2020-02-24T11:59:48","guid":{"rendered":"https:\/\/baselle.com\/?post_type=product&#038;p=12091"},"modified":"2020-03-14T12:34:36","modified_gmt":"2020-03-14T11:34:36","slug":"louis-vuitton-neo-alma-pm-12091","status":"publish","type":"product","link":"https:\/\/baselle.com\/en\/product\/louis-vuitton-neo-alma-pm-12091\/","title":{"rendered":"Louis Vuitton N\u00e9o Alma PM"},"content":{"rendered":"<p>\n<strong>Louis Vuitton N\u00e9o Alma PM Empreinte Leder Handtasche Beschreibung<\/strong><\/p>\n<p>Die originale Louis Vuitton N\u00e9o Alma PM Empreinte Leder Handtasche geh\u00f6rt zu den zeitlosen Ikonen von Louis Vuitton und besticht durch geschmeidiges Monogram Empreinte Leder. Mit der klassischen Form und dem ger\u00e4umigen Interieur ist dieses raffinierte Modell ein praktischer und stylischer Alltagsbegleiter. Die N\u00e9o Alma PM Handtasche ist aus Rindsleder gefertigt und verf\u00fcgt \u00fcber goldfarbene Hardware-Akzente, doppelt gerollte weiche Ledergriffe sowie einen abnehmbaren Schulterriemen f\u00fcr maximalen Tragekomfort.<\/p>\n<p>Der umlaufende Rei\u00dfverschluss \u00f6ffnet sich zu einem leuchtend blauen Innenfutter mit zwei Steckf\u00e4chern, die sich ideal f\u00fcr die Aufbewahrung wichtiger Dinge des t\u00e4glichen Bedarfs eignen. Die Louis Vuitton N\u00e9o Alma pr\u00e4sentiert gekonnt den besonderen Hauch von Luxus und Stil von Louis Vuitton.\n<\/p>\n<p>\n<strong>Mint condition<\/strong><br \/>\nDiese Louis Vuitton N\u00e9o Alma PM Empreinte Leder Handtasche aus zweiter Hand ist in einem neuwertigen Zustand. Sie wurde im Februar 2020 gekauft und riecht daher noch wie neu. Das Rindsleder, die goldfarbenen Beschl\u00e4ge sowie das Innenfutter sind in einem einwandfreien Zustand.\n<\/p>\n<p>\n<strong>Style:<\/strong> Shoulder bag, handbag, crossbody<br \/>\n<strong>Size:<\/strong> PM<br \/>\n<strong>Dimensions (approx.):<\/strong> Breite 35 cm * H\u00f6he 23 cm * Tiefe 15 cm<br \/>\n<strong>Strap length (approx.):<\/strong> 86 cm\n<\/p>\n<p>\n<strong>Exterior material:<\/strong> genarbtes Rindsleder<br \/>\n<strong>Interior Material<\/strong> microfibre lining\n<\/p>\n<p>The pictures represent the offered bag. The picture rights are held by MyLovelyBoutique.com. <\/p>\n<p>Follow us on <a href=\"https:\/\/www.instagram.com\/mylovelyboutique.de\/\" rel=\"noopener noreferrer\" target=\"_blank\"><span style=\"color: #96588a;\">Instagram<\/span><\/a> and get inspired. <\/p>","protected":false},"excerpt":{"rendered":"<table class=\"mlb-product-details\">\n<tbody>\n<tr>\n<td class=\"mlb-details-caption\">Model<\/td>\n<td class=\"mlb-details-value\">N\u00e9o Alma PM Mon. Empreinte Leder (M44832)<\/td>\n<\/tr>\n<tr>\n<td class=\"mlb-details-caption\">Colour<\/td>\n<td class=\"mlb-details-value\">Black<\/td>\n<\/tr>\n<tr>\n<td class=\"mlb-details-caption\">Hardware<\/td>\n<td class=\"mlb-details-value\">Gold<\/td>\n<\/tr>\n<tr>\n<td class=\"mlb-details-caption\">Year<\/td>\n<td class=\"mlb-details-value\">2020<\/td>\n<\/tr>\n<tr>\n<td class=\"mlb-details-caption\">Accessoires<\/td>\n<td class=\"mlb-details-value\">Rechnung, Box, Staubbeutel, Schloss + Schl\u00fcssel im kleinen Staubbeutel, Clochette, LV-Booklet, abnehmbarer Schulterriemen<\/td>\n<\/tr>\n<tr>\n<td class=\"mlb-details-caption\">Condition<\/td>\n<td class=\"mlb-details-value\">Mint condition<\/td>\n<\/tr>\n<\/tbody>\n<\/table>","protected":false},"featured_media":12094,"template":"","meta":[],"product_brand":[],"product_cat":[87,154,68,1431,99],"product_tag":[],"class_list":{"0":"post-12091","1":"product","2":"type-product","3":"status-publish","4":"has-post-thumbnail","6":"product_cat-crossbodytaschen","7":"product_cat-designer","8":"product_cat-handtaschen","9":"product_cat-louisvuitton","10":"product_cat-taschen","11":"product_shipping_class-bis1000","13":"first","14":"outofstock","15":"sold-individually","16":"shipping-taxable","17":"purchasable","18":"product-type-simple"},"_links":{"self":[{"href":"https:\/\/baselle.com\/en\/wp-json\/wp\/v2\/product\/12091","targetHints":{"allow":["GET"]}}],"collection":[{"href":"https:\/\/baselle.com\/en\/wp-json\/wp\/v2\/product"}],"about":[{"href":"https:\/\/baselle.com\/en\/wp-json\/wp\/v2\/types\/product"}],"wp:featuredmedia":[{"embeddable":true,"href":"https:\/\/baselle.com\/en\/wp-json\/wp\/v2\/media\/12094"}],"wp:attachment":[{"href":"https:\/\/baselle.com\/en\/wp-json\/wp\/v2\/media?parent=12091"}],"wp:term":[{"taxonomy":"product_brand","embeddable":true,"href":"https:\/\/baselle.com\/en\/wp-json\/wp\/v2\/product_brand?post=12091"},{"taxonomy":"product_cat","embeddable":true,"href":"https:\/\/baselle.com\/en\/wp-json\/wp\/v2\/product_cat?post=12091"},{"taxonomy":"product_tag","embeddable":true,"href":"https:\/\/baselle.com\/en\/wp-json\/wp\/v2\/product_tag?post=12091"}],"curies":[{"name":"wp","href":"https:\/\/api.w.org\/{rel}","templated":true}]}}