{"id":12068,"date":"2020-02-24T11:24:03","date_gmt":"2020-02-24T10:24:03","guid":{"rendered":"https:\/\/baselle.com\/?post_type=product&#038;p=12068"},"modified":"2021-06-11T17:48:57","modified_gmt":"2021-06-11T15:48:57","slug":"louis-vuitton-luna-epi-hot-pink-12068","status":"publish","type":"product","link":"https:\/\/baselle.com\/en\/product\/louis-vuitton-luna-epi-hot-pink-12068\/","title":{"rendered":"Louis Vuitton Luna"},"content":{"rendered":"<p>\n<strong>Louis Vuitton Luna Epi Leder Handtasche Beschreibung<\/strong> <\/p>\n<p>Die originale Louis Vuitton Luna Epi Leder Handtasche besticht durch l\u00e4ssige Raffinesse und ist perfekt f\u00fcr die moderne Frau. Diese strukturierte Handtasche ist aus robustem Epi-Leder gefertigt und verf\u00fcgt \u00fcber eine rundliche Silhouette. Weitere Merkmale dieses Modells sind das dezente LV-Logo, silberfarbene Hardware sowie ein stilvoller Griff, der mit weichem Lammleder \u00fcberzogenen ist. Zudem garantiert der abnehmbare Schultergurt maximalen Tragekomfort im Alltag. <\/p>\n<p>Durch den Magnetverschluss l\u00e4sst sich die Louis Vuitton Luna zu einem braunen Innenfutter aus Mikrofaser \u00f6ffnen. Im Tascheninneren befinden sich zwei Einsteckf\u00e4cher, die perfekt f\u00fcr das Aufbewahren Deiner wichtigsten Dinge sind. Ein weiteres Steckfach befindet sich am Taschenr\u00fccken. Diese wundersch\u00f6ne Schultertasche ist ein elegantes Lieblingsst\u00fcck f\u00fcr den t\u00e4glichen Gebrauch.<\/p>\n<p>\n<strong>Excellent condition<\/strong><br \/>\nDiese Louis Vuitton Luna Epi Leder Handtasche aus zweiter Hand ist insgesamt in einem hervorragenden Zustand. Sie wurde kaum getragen, weshalb das Epi Rindsleder in einem einwandfreien Zustand ist. Lediglich eine minimale Druckstelle ist unter dem Magnetverschluss vorhanden, die jedoch beim Tragen durch die Klappe verdeckt wird. Auch das Tascheninnere ist sauber, ohne Ger\u00fcche und weist keine L\u00f6cher\/Risse auf. Die silberfarbene Hardware ist ebenfalls in einem hervorragenden Zustand.\n<\/p>\n<p>\n<strong>Style:<\/strong> Schultertasche\/Crossbody\/Handtasche<br \/>\n<strong>Size:<\/strong> NM<br \/>\n<strong>Dimensions (approx.):<\/strong> Breite 25 cm * H\u00f6he 20 cm * Tiefe 7,5 cm<br \/>\n<strong>Strap length (approx.):<\/strong> 120 cm\n<\/p>\n<p>\n<strong>Exterior material:<\/strong> Genarbtes Epi Rindsleder<br \/>\n<strong>Interior Material<\/strong> microfibre lining\n<\/p>\n<p>Die Bilder stellen die angebotene Tasche dar und sind Eigentum von MyLovelyBoutique. <\/p>\n<p>Follow us on <a href=\"https:\/\/www.instagram.com\/mylovelyboutique.de\/\" rel=\"noopener noreferrer\" target=\"_blank\"><span style=\"color: #96588a;\">Instagram<\/span><\/a> and get inspired. <\/p>","protected":false},"excerpt":{"rendered":"<table class=\"mlb-product-details\">\n<tbody>\n<tr>\n<td class=\"mlb-details-caption\">Model<\/td>\n<td class=\"mlb-details-value\">Luna Epi Leder (M42678)<\/td>\n<\/tr>\n<tr>\n<td class=\"mlb-details-caption\">Colour<\/td>\n<td class=\"mlb-details-value\">Hot Pink<\/td>\n<\/tr>\n<tr>\n<td class=\"mlb-details-caption\">Hardware<\/td>\n<td class=\"mlb-details-value\">Silver<\/td>\n<\/tr>\n<tr>\n<td class=\"mlb-details-caption\">Year<\/td>\n<td class=\"mlb-details-value\">2016<\/td>\n<\/tr>\n<tr>\n<td class=\"mlb-details-caption\">Accessoires<\/td>\n<td class=\"mlb-details-value\">Staubbeutel, LV-Materialinfo, LV-Produktinfo, abnehmbarer Schultergurt<\/td>\n<\/tr>\n<tr>\n<td class=\"mlb-details-caption\">Condition<\/td>\n<td class=\"mlb-details-value\">Excellent condition<\/td>\n<\/tr>\n<\/tbody>\n<\/table>","protected":false},"featured_media":12073,"template":"","meta":[],"product_brand":[],"product_cat":[87,154,68,1431,99],"product_tag":[],"class_list":{"0":"post-12068","1":"product","2":"type-product","3":"status-publish","4":"has-post-thumbnail","6":"product_cat-crossbodytaschen","7":"product_cat-designer","8":"product_cat-handtaschen","9":"product_cat-louisvuitton","10":"product_cat-taschen","11":"product_shipping_class-bis1000","13":"first","14":"outofstock","15":"sold-individually","16":"shipping-taxable","17":"purchasable","18":"product-type-simple"},"_links":{"self":[{"href":"https:\/\/baselle.com\/en\/wp-json\/wp\/v2\/product\/12068","targetHints":{"allow":["GET"]}}],"collection":[{"href":"https:\/\/baselle.com\/en\/wp-json\/wp\/v2\/product"}],"about":[{"href":"https:\/\/baselle.com\/en\/wp-json\/wp\/v2\/types\/product"}],"wp:featuredmedia":[{"embeddable":true,"href":"https:\/\/baselle.com\/en\/wp-json\/wp\/v2\/media\/12073"}],"wp:attachment":[{"href":"https:\/\/baselle.com\/en\/wp-json\/wp\/v2\/media?parent=12068"}],"wp:term":[{"taxonomy":"product_brand","embeddable":true,"href":"https:\/\/baselle.com\/en\/wp-json\/wp\/v2\/product_brand?post=12068"},{"taxonomy":"product_cat","embeddable":true,"href":"https:\/\/baselle.com\/en\/wp-json\/wp\/v2\/product_cat?post=12068"},{"taxonomy":"product_tag","embeddable":true,"href":"https:\/\/baselle.com\/en\/wp-json\/wp\/v2\/product_tag?post=12068"}],"curies":[{"name":"wp","href":"https:\/\/api.w.org\/{rel}","templated":true}]}}