{"id":11956,"date":"2022-04-20T14:16:53","date_gmt":"2022-04-20T12:16:53","guid":{"rendered":"https:\/\/baselle.com\/?post_type=product&#038;p=11956"},"modified":"2022-05-16T15:53:49","modified_gmt":"2022-05-16T13:53:49","slug":"louis-vuitton-speedy-doctor-25-11956","status":"publish","type":"product","link":"https:\/\/baselle.com\/en\/product\/louis-vuitton-speedy-doctor-25-11956\/","title":{"rendered":"Louis Vuitton Speedy Doctor 25"},"content":{"rendered":"<p>\n<strong>Louis Vuitton Speedy Doctor 25 Handtasche Beschreibung<\/strong><\/p>\n<p>Diese originale Louis Vuitton Speedy Doctor 25 Handtasche ist eine limitierte Rarit\u00e4t aus der Pre-Fall 2018 Kollektion. Inspiriert von Louis Vuittons Classic Doctor\u00b4s Bag besticht dieses neu interpretierte Modell durch seine klassischen und modernen Linien. <\/p>\n<p>Die Speedy Doctor 25 ist aus Monogram beschichtetem Canvas und schwarzem Rindsleder gefertigt und verf\u00fcgt \u00fcber doppelt gerollte Griffe, sch\u00fctzende Taschenf\u00fc\u00dfchen sowie goldfarbene Beschl\u00e4ge mit charakteristischer LV Gravur. <\/p>\n<p>Der ikonische S-Verschluss \u00f6ffnet sich zu einem schwarzen Mikrofaserinnenfutter mit einem gro\u00dfen Steckfach und zwei kleinen Steckf\u00e4chern. Dieses Speedy-Modell kann durch den vestellbaren Schulterriemen bequem \u00fcber der Schulter oder in der Hand getragen werden, so dass maximaler Tragekomfort garantiert ist. Eine wundersch\u00f6ne neu interpretierte Handtasche, die in keiner Speedy-Sammlung fehlen darf.<br \/>\nBei diesem Modell handelt es sich um ein Fashion Show VIP Gift.\n<\/p>\n<p>\n<strong>Mint condition<\/strong><br \/>\nDiese Louis Vuitton Speedy Doctor 25 Handtasche aus zweiter Hand ist ungetragen und dementsprechend in einem neuwertigen Zustand. Durch falsche Lagerung ist jedoch eine leichte Druckstelle auf der Taschenr\u00fcckseite erkennbar. Das Tascheninnere ist sauber, ohne Ger\u00fcche und weist keine L\u00f6cher\/Risse auf.\n<\/p>\n<p>\n<strong>Style:<\/strong> Handbag, shoulder bag<br \/>\n<strong>Size:<\/strong> Small<br \/>\n<strong>Dimensions (approx.):<\/strong> Breite 25 cm * H\u00f6he 19 cm * Tiefe 15 cm\n<\/p>\n<p>\n<strong>Exterior material:<\/strong> Monogram Canvas, cowhide leather<br \/>\n<strong>Interior Material<\/strong> Mirkofaserinnenfutter\n<\/p>\n<p>The pictures represent the offered bag. The picture rights are held by MyLovelyBoutique.com.<\/p>\n<p>Follow us on <a href=\"https:\/\/www.instagram.com\/mylovelyboutique.de\/\" rel=\"noopener noreferrer\" target=\"_blank\"><span style=\"color: #96588a;\">Instagram<\/span><\/a> and get inspired. <\/p>","protected":false},"excerpt":{"rendered":"<table class=\"mlb-product-details\">\n<tbody>\n<tr>\n<td class=\"mlb-details-caption\">Model<\/td>\n<td class=\"mlb-details-value\">Speedy Doctor 25<\/td>\n<\/tr>\n<tr>\n<td class=\"mlb-details-caption\">Colour<\/td>\n<td class=\"mlb-details-value\">Brown, Black<\/td>\n<\/tr>\n<tr>\n<td class=\"mlb-details-caption\">Hardware<\/td>\n<td class=\"mlb-details-value\">Gold<\/td>\n<\/tr>\n<tr>\n<td class=\"mlb-details-caption\">Year<\/td>\n<td class=\"mlb-details-value\">2018<\/td>\n<\/tr>\n<tr>\n<td class=\"mlb-details-caption\">Accessoires<\/td>\n<td class=\"mlb-details-value\">Dustbag, removable shoulder strap<\/td>\n<\/tr>\n<tr>\n<td class=\"mlb-details-caption\">Condition<\/td>\n<td class=\"mlb-details-value\">Excellent condition<\/td>\n<\/tr>\n<\/tbody>\n<\/table>","protected":false},"featured_media":16434,"template":"","meta":[],"product_brand":[],"product_cat":[154,68,1431,85,99],"product_tag":[],"class_list":{"0":"post-11956","1":"product","2":"type-product","3":"status-publish","4":"has-post-thumbnail","6":"product_cat-designer","7":"product_cat-handtaschen","8":"product_cat-louisvuitton","9":"product_cat-schultertaschen","10":"product_cat-taschen","11":"product_shipping_class-bis2500","13":"first","14":"outofstock","15":"sold-individually","16":"shipping-taxable","17":"purchasable","18":"product-type-simple"},"_links":{"self":[{"href":"https:\/\/baselle.com\/en\/wp-json\/wp\/v2\/product\/11956","targetHints":{"allow":["GET"]}}],"collection":[{"href":"https:\/\/baselle.com\/en\/wp-json\/wp\/v2\/product"}],"about":[{"href":"https:\/\/baselle.com\/en\/wp-json\/wp\/v2\/types\/product"}],"wp:featuredmedia":[{"embeddable":true,"href":"https:\/\/baselle.com\/en\/wp-json\/wp\/v2\/media\/16434"}],"wp:attachment":[{"href":"https:\/\/baselle.com\/en\/wp-json\/wp\/v2\/media?parent=11956"}],"wp:term":[{"taxonomy":"product_brand","embeddable":true,"href":"https:\/\/baselle.com\/en\/wp-json\/wp\/v2\/product_brand?post=11956"},{"taxonomy":"product_cat","embeddable":true,"href":"https:\/\/baselle.com\/en\/wp-json\/wp\/v2\/product_cat?post=11956"},{"taxonomy":"product_tag","embeddable":true,"href":"https:\/\/baselle.com\/en\/wp-json\/wp\/v2\/product_tag?post=11956"}],"curies":[{"name":"wp","href":"https:\/\/api.w.org\/{rel}","templated":true}]}}