{"id":11953,"date":"2020-02-11T14:00:17","date_gmt":"2020-02-11T13:00:17","guid":{"rendered":"https:\/\/baselle.com\/?post_type=product&#038;p=11953"},"modified":"2020-02-23T21:58:45","modified_gmt":"2020-02-23T20:58:45","slug":"louis-vuitton-tuileries-monogram-canvas-11953","status":"publish","type":"product","link":"https:\/\/baselle.com\/en\/product\/louis-vuitton-tuileries-monogram-canvas-11953\/","title":{"rendered":"Louis Vuitton Tuileries"},"content":{"rendered":"<p>\n<strong>Louis Vuitton Tuileries Monogram Canvas Handtasche Beschreibung<\/strong><\/p>\n<p>Die originale Louis Vuitton Tuileries Monogram Canvas Handtasche ist eine stilvolle und zugleich funktionale Handtasche f\u00fcr den Alltag. Benannt wurde dieses Modell nach den eleganten Tuilerieng\u00e4rten in Paris. Sie besticht durch ihren auff\u00e4lligen Kontrast aus traditionellem Monogram-Canvas und mehrfarbigen Rindsleder-Akzenten. Die Toron-Griffe sowie der abnehmbare Schulterriemen garantieren Dir maximalen Tragekomfort im Alltag.<\/p>\n<p>Der Zwei-Wege-Rei\u00dfverschluss an der Oberseite \u00f6ffnet sich zu einem roten Innenraum aus Mikrofaser mit einem gro\u00dfen und zwei kleinen Steckf\u00e4chern. Zus\u00e4tzlichen Stauraum bietet ein vorne aufgesetztes Steckfach, das sich durch einen versteckten Zwei-Wege-Rei\u00dfverschluss \u00f6ffnen l\u00e4sst. Dieses legere Modell ist ein stilvolles Accessoire f\u00fcr die moderne Frau.\n<\/p>\n<p>\n<strong>Very good condition:<\/strong><br \/>\nDiese Louis Vuitton Tuileries Monogram Canvas Handtasche aus zweiter Hand ist insgesamt in einem sehr guten Zustand. Das beschichtete Monogram Canvas sowie die Rindslederbes\u00e4tze sind in einem gepflegten Zustand. Die Taschenecken sind unbesch\u00e4digt und weisen keinen Abrieb auf. Das Tascheninnere ist sauber, ohne Ger\u00fcche und weist keine L\u00f6cher\/Risse auf.\n<\/p>\n<p>\n<strong>Style:<\/strong> Shoulder bag, handbag<br \/>\n<strong>Size:<\/strong> MM<br \/>\n<strong>Dimensions (approx.):<\/strong> Breite 35 cm * H\u00f6he 22 cm * Tiefe 13 cm<br \/>\n<strong>Strap length (approx.):<\/strong> 85 cm\n<\/p>\n<p>\n<strong>Exterior material:<\/strong> Monogram Canvas, cowhide leather<br \/>\n<strong>Interior Material<\/strong> microfibre lining\n<\/p>\n<p>The pictures represent the offered bag. The picture rights are held by MyLovelyBoutique.com.<\/p>\n<p>Follow us on <a href=\"https:\/\/www.instagram.com\/mylovelyboutique.de\/\" rel=\"noopener noreferrer\" target=\"_blank\"><span style=\"color: #96588a;\">Instagram<\/span><\/a> and get inspired. <\/p>","protected":false},"excerpt":{"rendered":"<table class=\"mlb-product-details\">\n<tbody>\n<tr>\n<td class=\"mlb-details-caption\">Model<\/td>\n<td class=\"mlb-details-value\">Tuileries Monogram Canvas (M41454)<\/td>\n<\/tr>\n<tr>\n<td class=\"mlb-details-caption\">Colour<\/td>\n<td class=\"mlb-details-value\">Braun, Schwarz, Rot<\/td>\n<\/tr>\n<tr>\n<td class=\"mlb-details-caption\">Hardware<\/td>\n<td class=\"mlb-details-value\">Gold<\/td>\n<\/tr>\n<tr>\n<td class=\"mlb-details-caption\">Year<\/td>\n<td class=\"mlb-details-value\">2018<\/td>\n<\/tr>\n<tr>\n<td class=\"mlb-details-caption\">Accessoires<\/td>\n<td class=\"mlb-details-value\">Box, Staubbeutel, abnehmbarer Schulterriemen, LV-Booklet, LV-Materialinfo<\/td>\n<\/tr>\n<tr>\n<td class=\"mlb-details-caption\">Condition<\/td>\n<td class=\"mlb-details-value\">Very good condition<\/td>\n<\/tr>\n<\/tbody>\n<\/table>","protected":false},"featured_media":11960,"template":"","meta":[],"product_brand":[],"product_cat":[154,68,1431,85,99],"product_tag":[],"class_list":{"0":"post-11953","1":"product","2":"type-product","3":"status-publish","4":"has-post-thumbnail","6":"product_cat-designer","7":"product_cat-handtaschen","8":"product_cat-louisvuitton","9":"product_cat-schultertaschen","10":"product_cat-taschen","11":"product_shipping_class-bis1000","13":"first","14":"outofstock","15":"sold-individually","16":"shipping-taxable","17":"purchasable","18":"product-type-simple"},"_links":{"self":[{"href":"https:\/\/baselle.com\/en\/wp-json\/wp\/v2\/product\/11953","targetHints":{"allow":["GET"]}}],"collection":[{"href":"https:\/\/baselle.com\/en\/wp-json\/wp\/v2\/product"}],"about":[{"href":"https:\/\/baselle.com\/en\/wp-json\/wp\/v2\/types\/product"}],"wp:featuredmedia":[{"embeddable":true,"href":"https:\/\/baselle.com\/en\/wp-json\/wp\/v2\/media\/11960"}],"wp:attachment":[{"href":"https:\/\/baselle.com\/en\/wp-json\/wp\/v2\/media?parent=11953"}],"wp:term":[{"taxonomy":"product_brand","embeddable":true,"href":"https:\/\/baselle.com\/en\/wp-json\/wp\/v2\/product_brand?post=11953"},{"taxonomy":"product_cat","embeddable":true,"href":"https:\/\/baselle.com\/en\/wp-json\/wp\/v2\/product_cat?post=11953"},{"taxonomy":"product_tag","embeddable":true,"href":"https:\/\/baselle.com\/en\/wp-json\/wp\/v2\/product_tag?post=11953"}],"curies":[{"name":"wp","href":"https:\/\/api.w.org\/{rel}","templated":true}]}}