{"id":11952,"date":"2020-02-16T15:31:01","date_gmt":"2020-02-16T14:31:01","guid":{"rendered":"https:\/\/baselle.com\/?post_type=product&#038;p=11952"},"modified":"2020-05-27T21:15:28","modified_gmt":"2020-05-27T19:15:28","slug":"louis-vuitton-city-steamer-mm-11952","status":"publish","type":"product","link":"https:\/\/baselle.com\/en\/product\/louis-vuitton-city-steamer-mm-11952\/","title":{"rendered":"Louis Vuitton City Steamer MM"},"content":{"rendered":"<p>\n<strong>Louis Vuitton City Steamer MM Leder Handtasche Beschreibung<\/strong><\/p>\n<p>Die originale Louis Vuitton City Steamer MM Leder Handtasche ist die perfekte Tasche f\u00fcr die Business-Frau: Sie ist elegant, schlicht und dennoch ein Highlight zu jedem Outfit. Diese moderne Tasche ist aus Glattleder in zweierlei Farbt\u00f6nen gefertigt. Sie verf\u00fcgt \u00fcber doppelt gerollte Ledergriffe, ein zentrales Frontschloss mit Gravur, einen Adressanh\u00e4nger, sch\u00fctzende Taschenf\u00fc\u00dfchen und silberfarbene Beschl\u00e4ge. <\/p>\n<p>Das schwarz-wei\u00dfe Lederfutter mit Hakenverschluss umfasst ein hinteres Rei\u00dfverschlussfach und zwei Steckf\u00e4cher f\u00fcr die Aufbewahrung von Dingen des t\u00e4glichen Bedarfs. Zudem befindet sich ein weiteres Steckfach f\u00fcr wichtige Dokumente vor dem Hauptfach und l\u00e4sst sich durch Aufschlie\u00dfen des LV-H\u00e4ngeschloss \u00f6ffnen. <\/p>\n<p>Die Louis Vuitton City Steamer Tote Bag kann an der Hand oder durch den abnehmbaren Schulterriemen bequem \u00fcber der Schulter getragen werden.<\/p>\n<p>Der Neupreis der Louis Vuitton City Steamer MM Modelle liegt bei 2880 \u20ac.\n<\/p>\n<p>\n<strong>Good condition:<\/strong><br \/>\nDiese Louis Vuitton City Steamer MM Handtasche aus zweiter Hand ist insgesamt in einem guten Zustand. Die Tasche wurde wenig getragen, jedoch sind vorne auf dem schwarzen Glattleder Falten bzw. Druckstellen durch falsche Aufbewahrung entstanden. Die Taschenecken sowie die silbernen Hardware-Akzente und Taschenf\u00fc\u00dfchen sind in einem einwandfreien Zustand. Auch das Tascheninnere ist sauber, ohne Ger\u00fcche und weist keine L\u00f6cher\/Risse auf.\n<\/p>\n<p>\n<strong>Style:<\/strong> Hand-\/Schultertasche, Tote<br \/>\n<strong>Size:<\/strong> MM<br \/>\n<strong>Dimensions (approx.):<\/strong> Breite 31 cm * H\u00f6he 26 cm * Tiefe 12 cm<br \/>\n<strong>Strap length:<\/strong> 65 cm\n<\/p>\n<p>\n<strong>Exterior material:<\/strong> calfskin leather<br \/>\n<strong>Interior Material<\/strong> cowhide leather\n<\/p>\n<p>The pictures represent the offered bag. The picture rights are held by MyLovelyBoutique.com.<\/p>\n<p>Follow us on <a href=\"https:\/\/www.instagram.com\/mylovelyboutique.de\/\" rel=\"noopener noreferrer\" target=\"_blank\"><span style=\"color: #96588a;\">Instagram<\/span><\/a> and get inspired. <\/p>","protected":false},"excerpt":{"rendered":"<table class=\"mlb-product-details\">\n<tbody>\n<tr>\n<td class=\"mlb-details-caption\">Model<\/td>\n<td class=\"mlb-details-value\">Louis Vuitton City Steamer Tote MM<\/td>\n<\/tr>\n<tr>\n<td class=\"mlb-details-caption\">Colour<\/td>\n<td class=\"mlb-details-value\">Schwarz, Wei\u00df<\/td>\n<\/tr>\n<tr>\n<td class=\"mlb-details-caption\">Hardware<\/td>\n<td class=\"mlb-details-value\">Silver<\/td>\n<\/tr>\n<tr>\n<td class=\"mlb-details-caption\">Year<\/td>\n<td class=\"mlb-details-value\">2016<\/td>\n<\/tr>\n<tr>\n<td class=\"mlb-details-caption\">Accessoires<\/td>\n<td class=\"mlb-details-value\">Staubbeutel, Schulterriemen, Schloss + Schl\u00fcssel im kleinen Staubbeutel, Adressanh\u00e4nger<\/td>\n<\/tr>\n<tr>\n<td class=\"mlb-details-caption\">Condition<\/td>\n<td class=\"mlb-details-value\">Good condition<\/td>\n<\/tr>\n<\/tbody>\n<\/table>","protected":false},"featured_media":12605,"template":"","meta":[],"product_brand":[],"product_cat":[154,68,1431,85,99],"product_tag":[],"class_list":{"0":"post-11952","1":"product","2":"type-product","3":"status-publish","4":"has-post-thumbnail","6":"product_cat-designer","7":"product_cat-handtaschen","8":"product_cat-louisvuitton","9":"product_cat-schultertaschen","10":"product_cat-taschen","11":"product_shipping_class-bis1000","13":"first","14":"outofstock","15":"sold-individually","16":"shipping-taxable","17":"purchasable","18":"product-type-simple"},"_links":{"self":[{"href":"https:\/\/baselle.com\/en\/wp-json\/wp\/v2\/product\/11952","targetHints":{"allow":["GET"]}}],"collection":[{"href":"https:\/\/baselle.com\/en\/wp-json\/wp\/v2\/product"}],"about":[{"href":"https:\/\/baselle.com\/en\/wp-json\/wp\/v2\/types\/product"}],"wp:featuredmedia":[{"embeddable":true,"href":"https:\/\/baselle.com\/en\/wp-json\/wp\/v2\/media\/12605"}],"wp:attachment":[{"href":"https:\/\/baselle.com\/en\/wp-json\/wp\/v2\/media?parent=11952"}],"wp:term":[{"taxonomy":"product_brand","embeddable":true,"href":"https:\/\/baselle.com\/en\/wp-json\/wp\/v2\/product_brand?post=11952"},{"taxonomy":"product_cat","embeddable":true,"href":"https:\/\/baselle.com\/en\/wp-json\/wp\/v2\/product_cat?post=11952"},{"taxonomy":"product_tag","embeddable":true,"href":"https:\/\/baselle.com\/en\/wp-json\/wp\/v2\/product_tag?post=11952"}],"curies":[{"name":"wp","href":"https:\/\/api.w.org\/{rel}","templated":true}]}}