{"id":11938,"date":"2020-02-09T10:37:56","date_gmt":"2020-02-09T09:37:56","guid":{"rendered":"https:\/\/baselle.com\/?post_type=product&#038;p=11938"},"modified":"2021-02-10T15:41:58","modified_gmt":"2021-02-10T14:41:58","slug":"chanel-19-kartenetui-11938","status":"publish","type":"product","link":"https:\/\/baselle.com\/en\/product\/chanel-19-kartenetui-11938\/","title":{"rendered":"CHANEL 19 Kartenetui"},"content":{"rendered":"<p>\n<strong>CHANEL 19 Kartenetui Beschreibung<\/strong> <\/p>\n<p>Das originale CHANEL 19 Kartenetui bietet mit seinen 4 F\u00e4chern Platz f\u00fcr Kreditkarten, Visitenkarten oder Fahrkarten und l\u00e4sst sich problemlos in jeder Handtasche verstauen.\n<\/p>\n<p>\n<strong>Mint condition<\/strong><br \/>\nDieses CHANEL 19 Kartenetui aus zweiter Hand ist ungetragen und daher in einem neuwertigen Zustand.\n<\/p>\n<p>\n<strong>Card holder size:<\/strong>  small<br \/>\n<strong>Dimensions (approx.):<\/strong> width 11 cm * height 7,5 cm * depth 1 cm\n<\/p>\n<p>\n<strong>Exterior material:<\/strong> Lambskin leather<br \/>\n<strong>Interior Material<\/strong> fabric lining\n<\/p>\n<p>The pictures represent the offered cardholder. The picture rights are held by MyLovelyBoutique.com. <\/p>\n<p>Follow us on <a href=\"https:\/\/www.instagram.com\/mylovelyboutique.de\/\" rel=\"noopener noreferrer\" target=\"_blank\"><span style=\"color: #96588a;\">Instagram<\/span><\/a> and get inspired. <\/p>","protected":false},"excerpt":{"rendered":"<table class=\"mlb-product-details\">\n<tbody>\n<tr>\n<td class=\"mlb-details-caption\">Model<\/td>\n<td class=\"mlb-details-value\">Kartenetui CHANEL 19<\/td>\n<\/tr>\n<tr>\n<td class=\"mlb-details-caption\">Colour<\/td>\n<td class=\"mlb-details-value\">Pink<\/td>\n<\/tr>\n<tr>\n<td class=\"mlb-details-caption\">Hardware<\/td>\n<td class=\"mlb-details-value\">Gold-, silber-, rutheniumfarben<\/td>\n<\/tr>\n<tr>\n<td class=\"mlb-details-caption\">Year<\/td>\n<td class=\"mlb-details-value\">2020<\/td>\n<\/tr>\n<tr>\n<td class=\"mlb-details-caption\">Accessoires<\/td>\n<td class=\"mlb-details-value\">Originalrechnung, Box, Staubbeutel, CC-Heftchen, Authentizit\u00e4tskarte, Seriennummer mit Hologramm<\/td>\n<\/tr>\n<tr>\n<td class=\"mlb-details-caption\">Condition<\/td>\n<td class=\"mlb-details-value\">Mint condition<\/td>\n<\/tr>\n<\/tbody>\n<\/table>","protected":false},"featured_media":11941,"template":"","meta":[],"product_brand":[],"product_cat":[57,1430,154,90],"product_tag":[],"class_list":{"0":"post-11938","1":"product","2":"type-product","3":"status-publish","4":"has-post-thumbnail","6":"product_cat-accessories","7":"product_cat-chanel","8":"product_cat-designer","9":"product_cat-kleinlederwaren","10":"product_shipping_class-0-500","12":"first","13":"outofstock","14":"sold-individually","15":"shipping-taxable","16":"purchasable","17":"product-type-simple"},"_links":{"self":[{"href":"https:\/\/baselle.com\/en\/wp-json\/wp\/v2\/product\/11938","targetHints":{"allow":["GET"]}}],"collection":[{"href":"https:\/\/baselle.com\/en\/wp-json\/wp\/v2\/product"}],"about":[{"href":"https:\/\/baselle.com\/en\/wp-json\/wp\/v2\/types\/product"}],"wp:featuredmedia":[{"embeddable":true,"href":"https:\/\/baselle.com\/en\/wp-json\/wp\/v2\/media\/11941"}],"wp:attachment":[{"href":"https:\/\/baselle.com\/en\/wp-json\/wp\/v2\/media?parent=11938"}],"wp:term":[{"taxonomy":"product_brand","embeddable":true,"href":"https:\/\/baselle.com\/en\/wp-json\/wp\/v2\/product_brand?post=11938"},{"taxonomy":"product_cat","embeddable":true,"href":"https:\/\/baselle.com\/en\/wp-json\/wp\/v2\/product_cat?post=11938"},{"taxonomy":"product_tag","embeddable":true,"href":"https:\/\/baselle.com\/en\/wp-json\/wp\/v2\/product_tag?post=11938"}],"curies":[{"name":"wp","href":"https:\/\/api.w.org\/{rel}","templated":true}]}}