{"id":11872,"date":"2020-02-06T18:36:32","date_gmt":"2020-02-06T17:36:32","guid":{"rendered":"https:\/\/baselle.com\/?post_type=product&#038;p=11872"},"modified":"2021-03-06T14:25:00","modified_gmt":"2021-03-06T13:25:00","slug":"chanel-urban-spirit-large-drawstring-bag-11872","status":"publish","type":"product","link":"https:\/\/baselle.com\/en\/product\/chanel-urban-spirit-large-drawstring-bag-11872\/","title":{"rendered":"CHANEL Drawstring Bag"},"content":{"rendered":"<p>\n<strong>CHANEL Urban Spirit Large Drawstring Bag Beschreibung<\/strong><\/p>\n<p>Die originale CHANEL Urban Spirit Large Drawstring Bag vereint elegantes Design mit l\u00e4ssigem Tragekomfort. Sie ist aus irisierendem Kalbsleder gefertigt und verf\u00fcgt \u00fcber einen Schultergurt mit gewebten Kettenriemen, zwei seitliche Au\u00dfentaschen und silberfarbene Hardware mit Ruthenium-Finish. <\/p>\n<p>Der Kordel-Verschluss \u00f6ffnet sich zu einem hellgrauen Innenfutter mit einem Rei\u00dfverschlussfach, zwei Steckf\u00e4chern sowie einem Lederband mit Karabiner. Die Drawstring Bag kann bequem \u00fcber der Schulter sowie diagonal am K\u00f6rper getragen werden, so dass maximaler Tragekomfort garantiert ist.\n<\/p>\n<p>\n<strong>Good condition:<\/strong><br \/>\nDiese CHANEL Urban Spirit Large Drawstring Bag aus zweiter Hand ist insgesamt in einem guten Zustand. Die Tasche wurde gerne und oft getragen. Das Kalbsleder ist rundum in einem gepflegten Zustand und weist am Taschenboden minimale Gebrauchspuren auf. Das Tascheninnere ist in einem guten Zustand mit leichten Verschmutzungen, weist jedoch keine Ger\u00fcche, L\u00f6cher oder Risse auf.<\/p>\n<p>\n<strong>Style:<\/strong> Shoulder bag, crossbody<br \/>\n<strong>Rucksackgr\u00f6\u00dfe:<\/strong> Large<br \/>\n<strong>Dimensions (approx.):<\/strong> Breite 28 cm * H\u00f6he 27 cm * Tiefe 18 cm<br \/>\n<strong>Shoulder chain:<\/strong> einfach = 120 cm; doppelt = 64 cm\n<\/p>\n<p>\n<strong>Exterior material:<\/strong> calfskin leather<br \/>\n<strong>Interior Material<\/strong> fabric lining\n<\/p>\n<p>The pictures represent the offered bag. The picture rights are held by MyLovelyBoutique.com. <\/p>\n<p>Follow us on <a href=\"https:\/\/www.instagram.com\/mylovelyboutique.de\/\" rel=\"noopener noreferrer\" target=\"_blank\"><span style=\"color: #96588a;\">Instagram<\/span><\/a> and get inspired.<\/p>","protected":false},"excerpt":{"rendered":"<table class=\"mlb-product-details\">\n<tbody>\n<tr>\n<td class=\"mlb-details-caption\">Model<\/td>\n<td class=\"mlb-details-value\">Urban Spirit Large Drawstring Bag<\/td>\n<\/tr>\n<tr>\n<td class=\"mlb-details-caption\">Colour<\/td>\n<td class=\"mlb-details-value\">Hellgrau\/Silber<\/td>\n<\/tr>\n<tr>\n<td class=\"mlb-details-caption\">Hardware<\/td>\n<td class=\"mlb-details-value\">Silver with ruthenium finish<\/td>\n<\/tr>\n<tr>\n<td class=\"mlb-details-caption\">Year<\/td>\n<td class=\"mlb-details-value\">2016<\/td>\n<\/tr>\n<tr>\n<td class=\"mlb-details-caption\">Accessoires<\/td>\n<td class=\"mlb-details-value\">Authentizit\u00e4tskarte, Seriennummer mit Hologramm, Staubbeutel (nicht CHANEL)<\/td>\n<\/tr>\n<tr>\n<td class=\"mlb-details-caption\">Condition<\/td>\n<td class=\"mlb-details-value\">Good condition<\/td>\n<\/tr>\n<\/tbody>\n<\/table>","protected":false},"featured_media":11877,"template":"","meta":[],"product_brand":[],"product_cat":[1430,87,154,85,99],"product_tag":[],"class_list":{"0":"post-11872","1":"product","2":"type-product","3":"status-publish","4":"has-post-thumbnail","6":"product_cat-chanel","7":"product_cat-crossbodytaschen","8":"product_cat-designer","9":"product_cat-schultertaschen","10":"product_cat-taschen","11":"product_shipping_class-bis1000","13":"first","14":"outofstock","15":"sold-individually","16":"shipping-taxable","17":"purchasable","18":"product-type-simple"},"_links":{"self":[{"href":"https:\/\/baselle.com\/en\/wp-json\/wp\/v2\/product\/11872","targetHints":{"allow":["GET"]}}],"collection":[{"href":"https:\/\/baselle.com\/en\/wp-json\/wp\/v2\/product"}],"about":[{"href":"https:\/\/baselle.com\/en\/wp-json\/wp\/v2\/types\/product"}],"wp:featuredmedia":[{"embeddable":true,"href":"https:\/\/baselle.com\/en\/wp-json\/wp\/v2\/media\/11877"}],"wp:attachment":[{"href":"https:\/\/baselle.com\/en\/wp-json\/wp\/v2\/media?parent=11872"}],"wp:term":[{"taxonomy":"product_brand","embeddable":true,"href":"https:\/\/baselle.com\/en\/wp-json\/wp\/v2\/product_brand?post=11872"},{"taxonomy":"product_cat","embeddable":true,"href":"https:\/\/baselle.com\/en\/wp-json\/wp\/v2\/product_cat?post=11872"},{"taxonomy":"product_tag","embeddable":true,"href":"https:\/\/baselle.com\/en\/wp-json\/wp\/v2\/product_tag?post=11872"}],"curies":[{"name":"wp","href":"https:\/\/api.w.org\/{rel}","templated":true}]}}