{"id":11871,"date":"2020-02-08T12:34:41","date_gmt":"2020-02-08T11:34:41","guid":{"rendered":"https:\/\/baselle.com\/?post_type=product&#038;p=11871"},"modified":"2020-04-17T17:26:14","modified_gmt":"2020-04-17T15:26:14","slug":"louis-vuitton-cluny-bb-11871","status":"publish","type":"product","link":"https:\/\/baselle.com\/en\/product\/louis-vuitton-cluny-bb-11871\/","title":{"rendered":"Louis Vuitton Cluny BB"},"content":{"rendered":"<p>\n<strong>Louis Vuitton Cluny BB Monogram Canvas Handtasche Beschreibung<\/strong><\/p>\n<p>Die originale Louis Vuitton Cluny BB Monogram Canvas Handtasche besticht durch ihr zeitloses und dynamisches Design. Ob f\u00fcr die Arbeit oder als elegantes Accessoire in der Freizeit, dieses strukturierte Modell eignet sich f\u00fcr zahlreiche Anl\u00e4sse. Sie ist aus beschichtetem Monogram Canvas gefertigt und verf\u00fcgt \u00fcber eine eckige Silhouette, goldfarbene Beschl\u00e4ge, sch\u00fctzende Taschenf\u00fc\u00dfe sowie einen abnehmbaren Schulterriemen f\u00fcr maximalen Tragekomfort.<\/p>\n<p>Der \u00dcberschlag mit Magnetverschluss \u00f6ffnet sich zu einem fuchsiafarbenen Innenfutter mit zwei Steckf\u00e4chern und einem Rei\u00dfverschlussinnenfach. Die Louis Vuitton Cluny BB Handtasche kann an der Hand oder durch den abnehmbaren Schulterriemen bequem \u00fcber der Schulter sowie crossbody getragen werden.\n<\/p>\n<p>\n<strong>Mint condition<\/strong><br \/>\nDiese Louis Vuitton Cluny BB Monogram Canvas Handtasche aus zweiter Hand ist ungetragen. Dementsprechend ist sie in einem neuwertigen Zustand. Das Monogram beschichtete Canvas, das Tascheninnere sowie der abnehmbare Lederriemen sind daher in einem einwandfreien Zustand. Der Taschenhenkel aus naturbelassenem Rindsleder weist noch keinerlei Patina auf.\n<\/p>\n<p>\n<strong>Style:<\/strong> Schultertasche\/Handtasche\/Crossbody<br \/>\n<strong>Size:<\/strong> BB<br \/>\n<strong>Dimensions (approx.):<\/strong> Breite 28 cm * H\u00f6he 20 cm * Tiefe 10 cm<br \/>\n<strong>Strap length (approx.):<\/strong> 112 cm\n<\/p>\n<p>\n<strong>Exterior material:<\/strong> Canvas, Bes\u00e4tze aus Rindsleder<br \/>\n<strong>Interior Material<\/strong> fabric lining\n<\/p>\n<p>The pictures represent the offered bag. The picture rights are held by MyLovelyBoutique.com. <\/p>\n<p>Follow us on <a href=\"https:\/\/www.instagram.com\/mylovelyboutique.de\/\" rel=\"noopener noreferrer\" target=\"_blank\"><span style=\"color: #96588a;\">Instagram<\/span><\/a> and get inspired. <\/p>","protected":false},"excerpt":{"rendered":"<table class=\"mlb-product-details\">\n<tbody>\n<tr>\n<td class=\"mlb-details-caption\">Model<\/td>\n<td class=\"mlb-details-value\">Cluny BB Monogram Canvas (M42738)<\/td>\n<\/tr>\n<tr>\n<td class=\"mlb-details-caption\">Colour<\/td>\n<td class=\"mlb-details-value\">Braun, Fuchsia, Bordeaux<\/td>\n<\/tr>\n<tr>\n<td class=\"mlb-details-caption\">Hardware<\/td>\n<td class=\"mlb-details-value\">Gold<\/td>\n<\/tr>\n<tr>\n<td class=\"mlb-details-caption\">Year<\/td>\n<td class=\"mlb-details-value\">2018<\/td>\n<\/tr>\n<tr>\n<td class=\"mlb-details-caption\">Accessoires<\/td>\n<td class=\"mlb-details-value\">Staubbeutel, abnehmbarer Schultterriemen<\/td>\n<\/tr>\n<tr>\n<td class=\"mlb-details-caption\">Condition<\/td>\n<td class=\"mlb-details-value\">Mint condition<\/td>\n<\/tr>\n<\/tbody>\n<\/table>","protected":false},"featured_media":11918,"template":"","meta":[],"product_brand":[],"product_cat":[87,154,68,1431,85,99],"product_tag":[],"class_list":{"0":"post-11871","1":"product","2":"type-product","3":"status-publish","4":"has-post-thumbnail","6":"product_cat-crossbodytaschen","7":"product_cat-designer","8":"product_cat-handtaschen","9":"product_cat-louisvuitton","10":"product_cat-schultertaschen","11":"product_cat-taschen","12":"product_shipping_class-bis1000","14":"first","15":"outofstock","16":"sold-individually","17":"shipping-taxable","18":"purchasable","19":"product-type-simple"},"_links":{"self":[{"href":"https:\/\/baselle.com\/en\/wp-json\/wp\/v2\/product\/11871","targetHints":{"allow":["GET"]}}],"collection":[{"href":"https:\/\/baselle.com\/en\/wp-json\/wp\/v2\/product"}],"about":[{"href":"https:\/\/baselle.com\/en\/wp-json\/wp\/v2\/types\/product"}],"wp:featuredmedia":[{"embeddable":true,"href":"https:\/\/baselle.com\/en\/wp-json\/wp\/v2\/media\/11918"}],"wp:attachment":[{"href":"https:\/\/baselle.com\/en\/wp-json\/wp\/v2\/media?parent=11871"}],"wp:term":[{"taxonomy":"product_brand","embeddable":true,"href":"https:\/\/baselle.com\/en\/wp-json\/wp\/v2\/product_brand?post=11871"},{"taxonomy":"product_cat","embeddable":true,"href":"https:\/\/baselle.com\/en\/wp-json\/wp\/v2\/product_cat?post=11871"},{"taxonomy":"product_tag","embeddable":true,"href":"https:\/\/baselle.com\/en\/wp-json\/wp\/v2\/product_tag?post=11871"}],"curies":[{"name":"wp","href":"https:\/\/api.w.org\/{rel}","templated":true}]}}