{"id":11792,"date":"2020-02-02T14:55:22","date_gmt":"2020-02-02T13:55:22","guid":{"rendered":"https:\/\/baselle.com\/?post_type=product&#038;p=11792"},"modified":"2020-03-06T18:56:38","modified_gmt":"2020-03-06T17:56:38","slug":"chanel-diana-jersey-flap-bag-11792","status":"publish","type":"product","link":"https:\/\/baselle.com\/en\/product\/chanel-diana-jersey-flap-bag-11792\/","title":{"rendered":"CHANEL Jersey Flap Bag"},"content":{"rendered":"<p>\n<strong>CHANEL Diana Jersey Flap Bag Handtasche Beschreibung<\/strong><\/p>\n<p>Die originale Diana Jersey Flap Bag Handtasche ist eine klassische und wundersch\u00f6ne Everyday-Bag aus der CHANEL Pre-Spring Collection 2015. In ihrer kompakten Gr\u00f6\u00dfe bietet sie Platz f\u00fcr ein kleines Portemonnaie, Schl\u00fcssel und Smartphone. Die Flap Bag ist aus gestepptem Jersey gefertigt und verf\u00fcgt \u00fcber gewebte Kettenriemen, ein CC-Turnlock und goldfarbene Hardware-Akzente.<\/p>\n<p>Der CC-Turnlock-Verschluss \u00f6ffnet sich zu einem gleichfarbigen Lederfutter mit einem Hauptfach und einem Rei\u00dfverschlussinnenfach. Zudem befindet sich ein kleines Steckfach mit Magnetverschluss unter der Lasche und am Taschenr\u00fccken ein aufgesetztes Steckfach. <\/p>\n<p>Diese Jersey Flap Bag kann kurz oder lang \u00fcber der Schulter sowie crossbody getragen werden, so dass maximaler Tragekomfort garantiert ist. Eine schicke und klassische Handtasche im typisch zeitlosen Stil von Chanel.\n<\/p>\n<p>\n<strong>Very good condition:<\/strong><br \/>\nDiese CHANEL Diana Jersey Flap Bag Handtasche aus zweiter Hand ist insgesamt in einem sehr guten Zustand. Der Jersey-Oberstoff ist in einem gepflegten Zustand ohne Besch\u00e4digung bzw. Flecken. Auch an den Ecken sind keinerlei Gebrauchspuren zu erkennen. Das Tascheninnere ist sauber, ohne Ger\u00fcche und weist keine L\u00f6cher\/Risse auf. Die goldfarbenen Hardware-Akzente sind ebenfalls in einem sehr guten Zustand.\n<\/p>\n<p>\n<strong>Style:<\/strong> Shoulder bag, crossbody<br \/>\n<strong>Size:<\/strong> Small<br \/>\n<strong>Dimensions (approx.):<\/strong> Breite 22 cm * H\u00f6he 13,5 cm * Tiefe 6 cm<br \/>\n<strong>Shoulder chain:<\/strong> einfach = 103 cm; doppelt = 60 cm\n<\/p>\n<p>\n<strong>Exterior material:<\/strong> Jersey<br \/>\n<strong>Interior Material<\/strong> leather\n<\/p>\n<p>The pictures represent the offered bag. The picture rights are held by MyLovelyBoutique.com. <\/p>\n<p>Follow us on <a href=\"https:\/\/www.instagram.com\/mylovelyboutique.de\/\" rel=\"noopener noreferrer\" target=\"_blank\"><span style=\"color: #96588a;\">Instagram<\/span><\/a> and get inspired. <\/p>","protected":false},"excerpt":{"rendered":"<br \/>\n<table class=\"mlb-product-details\">\n<tbody>\n<tr>\n<td class=\"mlb-details-caption\">Model<\/td>\n<td class=\"mlb-details-value\">Diana Jersey Flap Bag<\/td>\n<\/tr>\n<tr>\n<td class=\"mlb-details-caption\">Colour<\/td>\n<td class=\"mlb-details-value\">Koralle<\/td>\n<\/tr>\n<tr>\n<td class=\"mlb-details-caption\">Hardware<\/td>\n<td class=\"mlb-details-value\">Gold<\/td>\n<\/tr>\n<tr>\n<td class=\"mlb-details-caption\">Year<\/td>\n<td class=\"mlb-details-value\">2015<\/td>\n<\/tr>\n<tr>\n<td class=\"mlb-details-caption\">Accessoires<\/td>\n<td class=\"mlb-details-value\">Box, dustbag, authenticity card, serialnumber with hologram<\/td>\n<\/tr>\n<tr>\n<td class=\"mlb-details-caption\">Condition<\/td>\n<td class=\"mlb-details-value\">Very good condition<\/td>\n<\/tr>\n<\/tbody>\n<\/table>","protected":false},"featured_media":11818,"template":"","meta":[],"product_brand":[],"product_cat":[1430,87,154,85,99],"product_tag":[],"class_list":{"0":"post-11792","1":"product","2":"type-product","3":"status-publish","4":"has-post-thumbnail","6":"product_cat-chanel","7":"product_cat-crossbodytaschen","8":"product_cat-designer","9":"product_cat-schultertaschen","10":"product_cat-taschen","11":"product_shipping_class-bis1000","13":"first","14":"outofstock","15":"sold-individually","16":"shipping-taxable","17":"purchasable","18":"product-type-simple"},"_links":{"self":[{"href":"https:\/\/baselle.com\/en\/wp-json\/wp\/v2\/product\/11792","targetHints":{"allow":["GET"]}}],"collection":[{"href":"https:\/\/baselle.com\/en\/wp-json\/wp\/v2\/product"}],"about":[{"href":"https:\/\/baselle.com\/en\/wp-json\/wp\/v2\/types\/product"}],"wp:featuredmedia":[{"embeddable":true,"href":"https:\/\/baselle.com\/en\/wp-json\/wp\/v2\/media\/11818"}],"wp:attachment":[{"href":"https:\/\/baselle.com\/en\/wp-json\/wp\/v2\/media?parent=11792"}],"wp:term":[{"taxonomy":"product_brand","embeddable":true,"href":"https:\/\/baselle.com\/en\/wp-json\/wp\/v2\/product_brand?post=11792"},{"taxonomy":"product_cat","embeddable":true,"href":"https:\/\/baselle.com\/en\/wp-json\/wp\/v2\/product_cat?post=11792"},{"taxonomy":"product_tag","embeddable":true,"href":"https:\/\/baselle.com\/en\/wp-json\/wp\/v2\/product_tag?post=11792"}],"curies":[{"name":"wp","href":"https:\/\/api.w.org\/{rel}","templated":true}]}}