{"id":11791,"date":"2020-02-04T11:50:45","date_gmt":"2020-02-04T10:50:45","guid":{"rendered":"https:\/\/baselle.com\/?post_type=product&#038;p=11791"},"modified":"2020-02-21T11:27:43","modified_gmt":"2020-02-21T10:27:43","slug":"louis-vuitton-lockme-ll-schwarz-11791","status":"publish","type":"product","link":"https:\/\/baselle.com\/en\/product\/louis-vuitton-lockme-ll-schwarz-11791\/","title":{"rendered":"Louis Vuitton Lockme II"},"content":{"rendered":"<p>\n<strong>Louis Vuitton Lockme II Leder Handtasche Beschreibung<\/strong><\/p>\n<p>Die originale Louis Vuitton Lockme II Leder Handtasche ist ein elegantes Lieblingsst\u00fcck f\u00fcr die moderne Frau. Das schlichte Design und das ger\u00e4umige Interieur machen aus diesem Modell die perfekte Alltagsbegleitung. Diese stilvolle Tasche ist aus geschmeidigem, genarbten Kalbsleder gefertigt und verf\u00fcgt \u00fcber eine eckige Silhouette. Weitere raffinierte Details sind der komfortable Ledergriff, ein gro\u00dfes LV-Logo, eine abnehmbare Clochette mit verstecktem Schl\u00fcsselring sowie silberfarbene Beschl\u00e4ge.  <\/p>\n<p>Der Drehverschluss mit LV Signatur \u00f6ffnet sich zu einem schwarzen gro\u00dfz\u00fcgigen Inneren. Dieses ist unterteilt in zwei separate Innenf\u00e4cher, eine offene Innentasche und zwei aufgesetzte Steckf\u00e4cher. Die Louis Vuitton Lockme II Leder Handtasche kann an der Hand oder durch den abnehmbaren, f\u00fcnffach verstellbaren Schulterriemen bequem \u00fcber der Schulter sowie crossbody getragen werden.<\/p>\n<p>Der Neupreis dieser Tasche lag bei 2.080 \u20ac.\n<\/p>\n<p>\n<strong>Good condition:<\/strong><br \/>\nDiese Louis Vuitton Lockme II Leder Handtasche aus zweiter Hand ist insgesamt in einem guten Zustand. Das Kalbsleder ist rundum in einem gepflegten Zustand, weist jedoch an zwei Ecken des Taschenbodens einen minimalen Abrieb auf. An der silberfarbenen Hardware sind an dem Drehverschluss unvermeidbare Mikrokratzer vorhanden, die durch das \u00d6ffnen\/Schlie\u00dfen der Tasche entstanden sind. Das Tascheninnere ist in einem sehr gepflegten und guten Zustand, es ist sauber und weist keine L\u00f6cher\/Risse auf.\n<\/p>\n<p>\n<strong>Style:<\/strong> Hand-\/Schultertasche\/Crossbody<br \/>\n<strong>Size:<\/strong> NM<br \/>\n<strong>Dimensions (approx.):<\/strong> Breite 28 cm * H\u00f6he 22 cm * Tiefe 10 cm<br \/>\n<strong>Strap length:<\/strong> min. 90 cm, max. 117 cm\n<\/p>\n<p>\n<strong>Exterior material:<\/strong> Grained calfskin leather<br \/>\n<strong>Interior Material<\/strong> fabric lining\n<\/p>\n<p>The pictures represent the offered bag. The picture rights are held by MyLovelyBoutique.com.<\/p>\n<p>Follow us on <a href=\"https:\/\/www.instagram.com\/mylovelyboutique.de\/\" rel=\"noopener noreferrer\" target=\"_blank\"><span style=\"color: #96588a;\">Instagram<\/span><\/a> and get inspired. <\/p>","protected":false},"excerpt":{"rendered":"<table class=\"mlb-product-details\">\n<tbody>\n<tr>\n<td class=\"mlb-details-caption\">Model<\/td>\n<td class=\"mlb-details-value\">Louis Vuitton Lockme II Noir (M50250)<\/td>\n<\/tr>\n<tr>\n<td class=\"mlb-details-caption\">Colour<\/td>\n<td class=\"mlb-details-value\">Black<\/td>\n<\/tr>\n<tr>\n<td class=\"mlb-details-caption\">Hardware<\/td>\n<td class=\"mlb-details-value\">Silver<\/td>\n<\/tr>\n<tr>\n<td class=\"mlb-details-caption\">Year<\/td>\n<td class=\"mlb-details-value\">2015<\/td>\n<\/tr>\n<tr>\n<td class=\"mlb-details-caption\">Accessoires<\/td>\n<td class=\"mlb-details-value\">Rechnungskopie, Box, Staubbeutel, Schulterriemen, Clochette mit Schl\u00fcsselring<\/td>\n<\/tr>\n<tr>\n<td class=\"mlb-details-caption\">Condition<\/td>\n<td class=\"mlb-details-value\">Good condition<\/td>\n<\/tr>\n<\/tbody>\n<\/table>","protected":false},"featured_media":11846,"template":"","meta":[],"product_brand":[],"product_cat":[87,154,68,1431,85,99],"product_tag":[],"class_list":{"0":"post-11791","1":"product","2":"type-product","3":"status-publish","4":"has-post-thumbnail","6":"product_cat-crossbodytaschen","7":"product_cat-designer","8":"product_cat-handtaschen","9":"product_cat-louisvuitton","10":"product_cat-schultertaschen","11":"product_cat-taschen","12":"product_shipping_class-bis1000","14":"first","15":"outofstock","16":"sold-individually","17":"shipping-taxable","18":"purchasable","19":"product-type-simple"},"_links":{"self":[{"href":"https:\/\/baselle.com\/en\/wp-json\/wp\/v2\/product\/11791","targetHints":{"allow":["GET"]}}],"collection":[{"href":"https:\/\/baselle.com\/en\/wp-json\/wp\/v2\/product"}],"about":[{"href":"https:\/\/baselle.com\/en\/wp-json\/wp\/v2\/types\/product"}],"wp:featuredmedia":[{"embeddable":true,"href":"https:\/\/baselle.com\/en\/wp-json\/wp\/v2\/media\/11846"}],"wp:attachment":[{"href":"https:\/\/baselle.com\/en\/wp-json\/wp\/v2\/media?parent=11791"}],"wp:term":[{"taxonomy":"product_brand","embeddable":true,"href":"https:\/\/baselle.com\/en\/wp-json\/wp\/v2\/product_brand?post=11791"},{"taxonomy":"product_cat","embeddable":true,"href":"https:\/\/baselle.com\/en\/wp-json\/wp\/v2\/product_cat?post=11791"},{"taxonomy":"product_tag","embeddable":true,"href":"https:\/\/baselle.com\/en\/wp-json\/wp\/v2\/product_tag?post=11791"}],"curies":[{"name":"wp","href":"https:\/\/api.w.org\/{rel}","templated":true}]}}