{"id":11723,"date":"2020-01-24T19:15:04","date_gmt":"2020-01-24T18:15:04","guid":{"rendered":"https:\/\/baselle.com\/?post_type=product&#038;p=11723"},"modified":"2020-07-13T10:56:03","modified_gmt":"2020-07-13T08:56:03","slug":"louis-vuitton-palm-springs-pm-patchwork-waves-11723","status":"publish","type":"product","link":"https:\/\/baselle.com\/en\/product\/louis-vuitton-palm-springs-pm-patchwork-waves-11723\/","title":{"rendered":"Louis Vuitton Palm Springs PM"},"content":{"rendered":"<p>\n<strong>Louis Vuitton Palm Springs PM Patchwork Waves Rucksack Beschreibung<\/strong><\/p>\n<p>Der originale  Louis Vuitton Palm Springs PM Patchwork Waves Rucksack ist ein limitiertes Sammler-Piece aus der Cruise Collection 2018. Die Kombination aus sportlichem Design mit moderner Funktionalit\u00e4t machen aus diesem Rucksack den perfekten City-Begleiter. Er ist aus beschichtetem Canvas gefertigt und verf\u00fcgt \u00fcber schwarze Kalbsleder-Akzente, einen gepolstertem Ledergriff, eine Schalschlaufe und silberne Hardware. Die gepolsterten Schulterriemen sind verstellbar und garantieren Dir maximalen Tragekomfort im Alltag.<\/p>\n<p>Der Doppel-Rei\u00dfverschluss \u00f6ffnet sich zu einem schwarzen Innenraum aus Nylon mit einem Steckfach. Zus\u00e4tzlichen Stauraum bietet das aufgesetzte Rei\u00dfverschlussfach auf der Vorderseite des Palm Springs Rucksacks.\n<\/p>\n<p>\n<strong>Excellent condition<\/strong><br \/>\nDieser  Louis Vuitton Palm Springs PM Patchwork Waves Rucksack aus zweiter Hand ist insgesamt in einem hervorragenden Zustand. Er wurde nur sehr wenig getragen, weshalb das beschichtete Canvas sowie die Kalbsleder-Bes\u00e4tze und die silberfarbene Hardware in einem einwandfreien Zustand sind. Auch das Tascheninnere ist sauber, ohne Ger\u00fcche und weist keine L\u00f6cher\/Risse auf.\n<\/p>\n<p>\n<strong>Style:<\/strong> Backpack<br \/>\n<strong>Size:<\/strong> PM<br \/>\n<strong>Dimensions (approx.):<\/strong> Breite 22 cm * H\u00f6he 29 cm * Tiefe 10 cm\n<\/p>\n<p>\n<strong>Exterior material:<\/strong> Canvas, calfskin leather<br \/>\n<strong>Interior Material<\/strong> fabric lining\n<\/p>\n<p>Die Bilder stellen den angebotenen Rucksack dar und sind Eigentum von MyLovelyBoutique.com.<\/p>\n<p>Follow us on <a href=\"https:\/\/www.instagram.com\/mylovelyboutique.de\/\" rel=\"noopener noreferrer\" target=\"_blank\"><span style=\"color: #96588a;\">Instagram<\/span><\/a> and get inspired. <\/p>","protected":false},"excerpt":{"rendered":"<table class=\"mlb-product-details\">\n<tbody>\n<tr>\n<td class=\"mlb-details-caption\">Model<\/td>\n<td class=\"mlb-details-value\">Palm Springs PM Patchwork Waves<\/td>\n<\/tr>\n<tr>\n<td class=\"mlb-details-caption\">Colour<\/td>\n<td class=\"mlb-details-value\">Damier Azur, Schwarz, Rot<\/td>\n<\/tr>\n<tr>\n<td class=\"mlb-details-caption\">Hardware<\/td>\n<td class=\"mlb-details-value\">Silver<\/td>\n<\/tr>\n<tr>\n<td class=\"mlb-details-caption\">Year<\/td>\n<td class=\"mlb-details-value\">2017<\/td>\n<\/tr>\n<tr>\n<td class=\"mlb-details-caption\">Accessoires<\/td>\n<td class=\"mlb-details-value\">LV-Rechnungskopie, Box, Staubbeutel<\/td>\n<\/tr>\n<tr>\n<td class=\"mlb-details-caption\">Condition<\/td>\n<td class=\"mlb-details-value\">Excellent condition<\/td>\n<\/tr>\n<\/tbody>\n<\/table>","protected":false},"featured_media":11768,"template":"","meta":[],"product_brand":[],"product_cat":[154,1431,88,99],"product_tag":[102],"class_list":{"0":"post-11723","1":"product","2":"type-product","3":"status-publish","4":"has-post-thumbnail","6":"product_cat-designer","7":"product_cat-louisvuitton","8":"product_cat-rucksaecke","9":"product_cat-taschen","10":"product_tag-sale","11":"product_shipping_class-bis1000","13":"first","14":"outofstock","15":"sale","16":"sold-individually","17":"shipping-taxable","18":"purchasable","19":"product-type-simple"},"_links":{"self":[{"href":"https:\/\/baselle.com\/en\/wp-json\/wp\/v2\/product\/11723","targetHints":{"allow":["GET"]}}],"collection":[{"href":"https:\/\/baselle.com\/en\/wp-json\/wp\/v2\/product"}],"about":[{"href":"https:\/\/baselle.com\/en\/wp-json\/wp\/v2\/types\/product"}],"wp:featuredmedia":[{"embeddable":true,"href":"https:\/\/baselle.com\/en\/wp-json\/wp\/v2\/media\/11768"}],"wp:attachment":[{"href":"https:\/\/baselle.com\/en\/wp-json\/wp\/v2\/media?parent=11723"}],"wp:term":[{"taxonomy":"product_brand","embeddable":true,"href":"https:\/\/baselle.com\/en\/wp-json\/wp\/v2\/product_brand?post=11723"},{"taxonomy":"product_cat","embeddable":true,"href":"https:\/\/baselle.com\/en\/wp-json\/wp\/v2\/product_cat?post=11723"},{"taxonomy":"product_tag","embeddable":true,"href":"https:\/\/baselle.com\/en\/wp-json\/wp\/v2\/product_tag?post=11723"}],"curies":[{"name":"wp","href":"https:\/\/api.w.org\/{rel}","templated":true}]}}