{"id":11655,"date":"2020-01-24T14:00:37","date_gmt":"2020-01-24T13:00:37","guid":{"rendered":"https:\/\/baselle.com\/?post_type=product&#038;p=11655"},"modified":"2022-01-04T16:38:36","modified_gmt":"2022-01-04T15:38:36","slug":"louis-vuitton-brea-mm-vernis-leder-11655","status":"publish","type":"product","link":"https:\/\/baselle.com\/en\/product\/louis-vuitton-brea-mm-vernis-leder-11655\/","title":{"rendered":"Louis Vuitton Br\u00e9a MM"},"content":{"rendered":"<p>\n<strong>Louis Vuitton Br\u00e9a MM Monogram Vernis Leder Handtasche Beschreibung<\/strong><\/p>\n<p>Die originale Louis Vuitton Br\u00e9a MM Monogram Vernis Leder Handtasche ist eine stilvolle Handtasche, perfekt f\u00fcr die moderne Frau. Mit der eckigen Form und dem ger\u00e4umigen Interieur ist dieses raffinierte Modell ein praktischer und stylischer Alltagsbegleiter. Die Br\u00e9a Handtasche ist aus rotem Kalbslackleder mit gepr\u00e4gtem Louis Vuitton Monogramm gefertigt. Sie verf\u00fcgt \u00fcber goldfarbene Hardware-Akzente, doppelt gerollte Ledergriffe sowie einen abnehmbaren Schulterriemen f\u00fcr maximalen Tragekomfort.<\/p>\n<p>Der Rei\u00dfverschluss \u00f6ffnet sich zu einem Textilinnenfutter mit einem Rei\u00dfverschlussfach und zwei Steckf\u00e4chern, welche sich ideal f\u00fcr die Aufbewahrung wichtiger Dinge des t\u00e4glichen Bedarfs eignet. Die Louis Vuitton Br\u00e9a pr\u00e4sentiert gekonnt den besonderen Hauch von Luxus und Stil von Louis Vuitton.\n<\/p>\n<p>\n<strong>Excellent condition<\/strong><br \/>\nDiese Louis Vuitton Br\u00e9a MM Monogram Vernis Leder Handtasche aus zweiter Hand ist insgesamt in einem hervorragenden Zustand. Die Tasche wurde kaum getragen. Dementsprechend sind das Monogram Vernis Leder \u2013 auch die Ecken \u2013 sowie die goldfarbene Hardware in einem einwandfreien Zustand. Auch das Tascheninnere ist sauber, ohne Ger\u00fcche und weist keine L\u00f6cher\/Risse auf.<\/p>\n<p>\n<strong>Style:<\/strong> Handtasche\/Schultertasche\/Crossbody<br \/>\n<strong>Size:<\/strong> MM<br \/>\n<strong>Dimensions (approx.):<\/strong> width 34 cm * height 26 cm * depth 13 cm<br \/>\n<strong>Strap length:<\/strong> 91 cm\n<\/p>\n<p>\n<strong>Exterior material:<\/strong> Patent calfskin leather<br \/>\n<strong>Interior Material<\/strong> fabric lining\n<\/p>\n<p>The pictures represent the offered bag. The picture rights are held by MyLovelyBoutique.com. <\/p>\n<p>Follow us on <a href=\"https:\/\/www.instagram.com\/mylovelyboutique.de\/\" rel=\"noopener noreferrer\" target=\"_blank\"><span style=\"color: #96588a;\">Instagram<\/span><\/a> and get inspired. <\/p>","protected":false},"excerpt":{"rendered":"<table class=\"mlb-product-details\">\n<tbody>\n<tr>\n<td class=\"mlb-details-caption\">Model<\/td>\n<td class=\"mlb-details-value\">Br\u00e9a MM Mon. Vernis Leder <\/td>\n<\/tr>\n<tr>\n<td class=\"mlb-details-caption\">Colour<\/td>\n<td class=\"mlb-details-value\">Cherry\/Rot<\/td>\n<\/tr>\n<tr>\n<td class=\"mlb-details-caption\">Hardware<\/td>\n<td class=\"mlb-details-value\">Gold<\/td>\n<\/tr>\n<tr>\n<td class=\"mlb-details-caption\">Year<\/td>\n<td class=\"mlb-details-value\">2015<\/td>\n<\/tr>\n<tr>\n<td class=\"mlb-details-caption\">Accessoires<\/td>\n<td class=\"mlb-details-value\">Dustbag, removable shoulder strap<\/td>\n<\/tr>\n<tr>\n<td class=\"mlb-details-caption\">Condition<\/td>\n<td class=\"mlb-details-value\">Excellent<\/td>\n<\/tr>\n<\/tbody>\n<\/table>","protected":false},"featured_media":12324,"template":"","meta":[],"product_brand":[],"product_cat":[154,68,1431,85,99],"product_tag":[],"class_list":{"0":"post-11655","1":"product","2":"type-product","3":"status-publish","4":"has-post-thumbnail","6":"product_cat-designer","7":"product_cat-handtaschen","8":"product_cat-louisvuitton","9":"product_cat-schultertaschen","10":"product_cat-taschen","11":"product_shipping_class-bis1000","13":"first","14":"outofstock","15":"sold-individually","16":"shipping-taxable","17":"purchasable","18":"product-type-simple"},"_links":{"self":[{"href":"https:\/\/baselle.com\/en\/wp-json\/wp\/v2\/product\/11655","targetHints":{"allow":["GET"]}}],"collection":[{"href":"https:\/\/baselle.com\/en\/wp-json\/wp\/v2\/product"}],"about":[{"href":"https:\/\/baselle.com\/en\/wp-json\/wp\/v2\/types\/product"}],"wp:featuredmedia":[{"embeddable":true,"href":"https:\/\/baselle.com\/en\/wp-json\/wp\/v2\/media\/12324"}],"wp:attachment":[{"href":"https:\/\/baselle.com\/en\/wp-json\/wp\/v2\/media?parent=11655"}],"wp:term":[{"taxonomy":"product_brand","embeddable":true,"href":"https:\/\/baselle.com\/en\/wp-json\/wp\/v2\/product_brand?post=11655"},{"taxonomy":"product_cat","embeddable":true,"href":"https:\/\/baselle.com\/en\/wp-json\/wp\/v2\/product_cat?post=11655"},{"taxonomy":"product_tag","embeddable":true,"href":"https:\/\/baselle.com\/en\/wp-json\/wp\/v2\/product_tag?post=11655"}],"curies":[{"name":"wp","href":"https:\/\/api.w.org\/{rel}","templated":true}]}}