{"id":11449,"date":"2020-01-12T18:19:32","date_gmt":"2020-01-12T17:19:32","guid":{"rendered":"https:\/\/baselle.com\/?post_type=product&#038;p=11449"},"modified":"2020-06-17T20:00:20","modified_gmt":"2020-06-17T18:00:20","slug":"louis-vuitton-wight-damier-ebene-11449","status":"publish","type":"product","link":"https:\/\/baselle.com\/en\/product\/louis-vuitton-wight-damier-ebene-11449\/","title":{"rendered":"Louis Vuitton Wight"},"content":{"rendered":"<p>\n<strong>Louis Vuitton Wight Damier Ebene Handtasche Beschreibung<\/strong><\/p>\n<p>Diese originale Louis Vuitton Wight Damier Ebene Handtasche ist eine stilvolle Handtasche, die jedem Look das Gewisse Etwas verleiht. Dieses Modell ist aus beschichtetem Canvas und schwarzem Taurillon Leder gefertigt und verf\u00fcgt \u00fcber goldfarbene Hardware-Akzente.  <\/p>\n<p>Der ikonische S-Verschluss \u00f6ffnet sich zu einem schwarzen Mikrofaserinnenfutter mit einem Rei\u00dfverschlussinnenfach, einem Steckfach dahinter und einem weiteren Steckfach. Die Wight Handtasche kann kurz sowie lang \u00fcber der Schulter oder Crossbody getragen werden, so dass maximaler Tragekomfort garantiert ist. Eine zeitlose Handtasche, die sowohl zu jeder Jahreszeit sowie zu vielen Anl\u00e4ssen getragen werden kann.\n<\/p>\n<p>\n<strong>Mint condition<\/strong><br \/>\nDiese Louis Vuitton Wight Damier Ebene Handtasche aus zweiter Hand ist ungetragen. Dementsprechend ist sie in einem neuwertigen Zustand ohne Gebrauchspuren. Das beschichtete Canvas und das Taurillon Leder, das Tascheninnere sowie die goldfarbene Hardware sind daher in einem einwandfreien Zustand.\n<\/p>\n<p>\n<strong>Style:<\/strong> Shoulder bag, crossbody<br \/>\n<strong>Size:<\/strong> NM<br \/>\n<strong>Dimensions (approx.):<\/strong> Breite 23,5 cm * H\u00f6he 18,5 cm * Tiefe 9 cm<br \/>\n<strong>Shoulder strap (approx.)<\/strong> doppelt = 65 cm; einfach = 113 cm\n<\/p>\n<p>\n<strong>Exterior material:<\/strong> Canvas, Taurillon Leder<br \/>\n<strong>Interior Material<\/strong> microfibre lining\n<\/p>\n<p>The pictures represent the offered bag. The picture rights are held by MyLovelyBoutique.com. <\/p>\n<p>Follow us on <a href=\"https:\/\/www.instagram.com\/mylovelyboutique.de\/\" rel=\"noopener noreferrer\" target=\"_blank\"><span style=\"color: #96588a;\">Instagram<\/span><\/a> and get inspired. <\/p>","protected":false},"excerpt":{"rendered":"<table class=\"mlb-product-details\">\n<tbody>\n<tr>\n<td class=\"mlb-details-caption\">Model<\/td>\n<td class=\"mlb-details-value\">Wight Damier Ebene (N64419)<\/td>\n<\/tr>\n<tr>\n<td class=\"mlb-details-caption\">Colour<\/td>\n<td class=\"mlb-details-value\">Brown, Black<\/td>\n<\/tr>\n<tr>\n<td class=\"mlb-details-caption\">Hardware<\/td>\n<td class=\"mlb-details-value\">Gold<\/td>\n<\/tr>\n<tr>\n<td class=\"mlb-details-caption\">Year<\/td>\n<td class=\"mlb-details-value\">2017<\/td>\n<\/tr>\n<tr>\n<td class=\"mlb-details-caption\">Accessoires<\/td>\n<td class=\"mlb-details-value\">Dustbag<\/td>\n<\/tr>\n<tr>\n<td class=\"mlb-details-caption\">Condition<\/td>\n<td class=\"mlb-details-value\">Mint condition<\/td>\n<\/tr>\n<\/tbody>\n<\/table>","protected":false},"featured_media":11463,"template":"","meta":[],"product_brand":[],"product_cat":[87,154,1431,85,99],"product_tag":[],"class_list":{"0":"post-11449","1":"product","2":"type-product","3":"status-publish","4":"has-post-thumbnail","6":"product_cat-crossbodytaschen","7":"product_cat-designer","8":"product_cat-louisvuitton","9":"product_cat-schultertaschen","10":"product_cat-taschen","11":"product_shipping_class-bis1000","13":"first","14":"outofstock","15":"sold-individually","16":"shipping-taxable","17":"purchasable","18":"product-type-simple"},"_links":{"self":[{"href":"https:\/\/baselle.com\/en\/wp-json\/wp\/v2\/product\/11449","targetHints":{"allow":["GET"]}}],"collection":[{"href":"https:\/\/baselle.com\/en\/wp-json\/wp\/v2\/product"}],"about":[{"href":"https:\/\/baselle.com\/en\/wp-json\/wp\/v2\/types\/product"}],"wp:featuredmedia":[{"embeddable":true,"href":"https:\/\/baselle.com\/en\/wp-json\/wp\/v2\/media\/11463"}],"wp:attachment":[{"href":"https:\/\/baselle.com\/en\/wp-json\/wp\/v2\/media?parent=11449"}],"wp:term":[{"taxonomy":"product_brand","embeddable":true,"href":"https:\/\/baselle.com\/en\/wp-json\/wp\/v2\/product_brand?post=11449"},{"taxonomy":"product_cat","embeddable":true,"href":"https:\/\/baselle.com\/en\/wp-json\/wp\/v2\/product_cat?post=11449"},{"taxonomy":"product_tag","embeddable":true,"href":"https:\/\/baselle.com\/en\/wp-json\/wp\/v2\/product_tag?post=11449"}],"curies":[{"name":"wp","href":"https:\/\/api.w.org\/{rel}","templated":true}]}}