{"id":10982,"date":"2019-12-27T14:09:45","date_gmt":"2019-12-27T13:09:45","guid":{"rendered":"https:\/\/baselle.com\/?post_type=product&#038;p=10982"},"modified":"2021-12-16T13:40:57","modified_gmt":"2021-12-16T12:40:57","slug":"louis-vuitton-speedy-golden-arrow-10982","status":"publish","type":"product","link":"https:\/\/baselle.com\/en\/product\/louis-vuitton-speedy-golden-arrow-10982\/","title":{"rendered":"Louis Vuitton Speedy G. Arrow"},"content":{"rendered":"<p>\n<strong>Louis Vuitton Speedy Golden Arrow Handtasche Beschreibung<\/strong><\/p>\n<p>Die originale Louis Vuitton Speedy Golden Arrow Handtasche ist eine limitierte Rarit\u00e4t aus der Herbst-\/Winterkollektion 2012\/2013. Inspiriert von den 1920er Jahren besticht diese neu interpretierte Speedy durch eine schwarze Lederklappe mit gro\u00dfer goldener Schnalle. <\/p>\n<p>Die Speedy Golden Arrow ist aus ikonischem, sehr robusten Monogramm-Canvas und schwarzen Lederbes\u00e4tzen gefertigt und verf\u00fcgt \u00fcber doppelt gerollte Ledergriffe, sch\u00fctzende Taschenf\u00fc\u00dfchen, ein charakteristisches LV-Schloss sowie Schl\u00fcssel mit Clochette. <\/p>\n<p>Die Lederklappe mit magnetischem Druckknopf und der Rei\u00dfverschluss an der Oberseite \u00f6ffnen sich zu einem mit schwarzen Stoff gef\u00fctterten Innenraum mit einem Steckfach aus Leder, in denen sich wichtige Dinge des t\u00e4glichen Bedarfs aufbewahren lassen.\n<\/p>\n<p>\n<strong>Excellent condition<\/strong><br \/>\nDiese Louis Vuitton Speedy Golden Arrow Handtasche aus zweiter Hand ist insgesamt in einem hervorragenden Zustand. Die Tasche wurde kaum und mit gro\u00dfer Sorgfalt getragen. Dementsprechend sind das Monogram Canvas, die schwarzen Lederbes\u00e4tze &#8211; auch die Ecken &#8211;  sowie die goldfarbene Hardware in einem sehr gepflegten Zustand. Auch das Tascheninnere ist sauber, ohne Ger\u00fcche und weist keine L\u00f6cher\/Risse auf.\n<\/p>\n<p>\n<strong>Style:<\/strong> Handbag<br \/>\n<strong>Size:<\/strong> NM<br \/>\n<strong>Dimensions (approx.):<\/strong> Breite 31 cm * H\u00f6he 22 cm * Tiefe 20 cm\n<\/p>\n<p>\n<strong>Exterior material:<\/strong> Monogram Canvas; Bes\u00e4tze aus Rindsleder<br \/>\n<strong>Interior Material<\/strong> fabric lining\n<\/p>\n<p>The pictures represent the offered bag. The picture rights are held by MyLovelyBoutique.com.<\/p>\n<p>Follow us on <a href=\"https:\/\/www.instagram.com\/mylovelyboutique.de\/\" rel=\"noopener noreferrer\" target=\"_blank\"><span style=\"color: #96588a;\">Instagram<\/span><\/a> and get inspired. <\/p>","protected":false},"excerpt":{"rendered":"<table class=\"mlb-product-details\">\n<tbody>\n<tr>\n<td class=\"mlb-details-caption\">Model<\/td>\n<td class=\"mlb-details-value\">Speedy Golden Arrow (M40804)<\/td>\n<\/tr>\n<tr>\n<td class=\"mlb-details-caption\">Colour<\/td>\n<td class=\"mlb-details-value\">Brown, Black<\/td>\n<\/tr>\n<tr>\n<td class=\"mlb-details-caption\">Hardware<\/td>\n<td class=\"mlb-details-value\">Gold with ruthenium finish<\/td>\n<\/tr>\n<tr>\n<td class=\"mlb-details-caption\">Year<\/td>\n<td class=\"mlb-details-value\">2012<\/td>\n<\/tr>\n<tr>\n<td class=\"mlb-details-caption\">Accessoires<\/td>\n<td class=\"mlb-details-value\">Staubbeutel, Clochette, Schloss + Schl\u00fcssel<\/td>\n<\/tr>\n<tr>\n<td class=\"mlb-details-caption\">Condition<\/td>\n<td class=\"mlb-details-value\">Excellent condition<\/td>\n<\/tr>\n<\/tbody>\n<\/table>","protected":false},"featured_media":14018,"template":"","meta":[],"product_brand":[],"product_cat":[154,68,1431,99],"product_tag":[],"class_list":{"0":"post-10982","1":"product","2":"type-product","3":"status-publish","4":"has-post-thumbnail","6":"product_cat-designer","7":"product_cat-handtaschen","8":"product_cat-louisvuitton","9":"product_cat-taschen","10":"product_shipping_class-bis1000","12":"first","13":"outofstock","14":"sold-individually","15":"shipping-taxable","16":"purchasable","17":"product-type-simple"},"_links":{"self":[{"href":"https:\/\/baselle.com\/en\/wp-json\/wp\/v2\/product\/10982","targetHints":{"allow":["GET"]}}],"collection":[{"href":"https:\/\/baselle.com\/en\/wp-json\/wp\/v2\/product"}],"about":[{"href":"https:\/\/baselle.com\/en\/wp-json\/wp\/v2\/types\/product"}],"wp:featuredmedia":[{"embeddable":true,"href":"https:\/\/baselle.com\/en\/wp-json\/wp\/v2\/media\/14018"}],"wp:attachment":[{"href":"https:\/\/baselle.com\/en\/wp-json\/wp\/v2\/media?parent=10982"}],"wp:term":[{"taxonomy":"product_brand","embeddable":true,"href":"https:\/\/baselle.com\/en\/wp-json\/wp\/v2\/product_brand?post=10982"},{"taxonomy":"product_cat","embeddable":true,"href":"https:\/\/baselle.com\/en\/wp-json\/wp\/v2\/product_cat?post=10982"},{"taxonomy":"product_tag","embeddable":true,"href":"https:\/\/baselle.com\/en\/wp-json\/wp\/v2\/product_tag?post=10982"}],"curies":[{"name":"wp","href":"https:\/\/api.w.org\/{rel}","templated":true}]}}