{"id":10892,"date":"2019-10-25T16:12:10","date_gmt":"2019-10-25T14:12:10","guid":{"rendered":"https:\/\/baselle.com\/?post_type=product&#038;p=10892"},"modified":"2021-02-28T17:35:16","modified_gmt":"2021-02-28T16:35:16","slug":"louis-vuitton-pernelle-magnolia-10892","status":"publish","type":"product","link":"https:\/\/baselle.com\/en\/product\/louis-vuitton-pernelle-magnolia-10892\/","title":{"rendered":"Louis Vuitton Pernelle"},"content":{"rendered":"<p>\n<strong>Louis Vuitton Pernelle Mgnolia Taurillon Leder Handtasche Beschreibung<\/strong> <\/p>\n<p>Die originale Louis Vuitton Pernelle Magnolia Taurillon Leder Handtasche ist ein elegantes Lieblingsst\u00fcck f\u00fcr die moderne Frau. Diese strukturierte Business-Tote ist aus feinstem Kalbsleder gefertigt und verf\u00fcgt \u00fcber eine trapezf\u00f6rmige Silhouette. Weitere raffinierte Details sind das gro\u00dfe LV-Logo, ein zentrales Frontschloss mit Gravur, sch\u00fctzende Taschenf\u00fc\u00dfe sowie silberfarbene Hardware-Akzente. Zudem garantieren die weichen Ledergriffe sowie der abnehmbare Schulterriemen maximalen Tragekomfort im Alltag. Die Pernelle kann bequem an der Hand, \u00fcber der Schulter oder auch crossbody getragen werden. <\/p>\n<p>Das rosane Lederfutter mit Hakenverschluss umfasst ein Rei\u00dfverschlussfach und zwei Steckf\u00e4cher f\u00fcr die Aufbewahrung von Dingen des t\u00e4glichen Bedarfs. Zudem befindet sich ein weiteres Steckfach im Hauptfach, welches sich durch Aufschlie\u00dfen des LV-H\u00e4ngeschloss \u00f6ffnen l\u00e4sst.\n<\/p>\n<p>\n<strong>Excellent condition<\/strong><br \/>\nDiese Louis Vuitton Pernelle Magnolia Taurillon Leder Handtasche aus zweiter Hand ist in einem hervorragenden Zustand. Die Tasche wurde nur wenige Male getragen. Dementsprechend sind das Taurillon Leder sowie die silberfarbene Hardware in einem einwandfreien Zustand. Auch das Tascheninnere ist sauber, ohne Ger\u00fcche und weist keine L\u00f6cher\/Risse auf.\n<\/p>\n<p>\n<strong>Style:<\/strong> Schulter-\/Handtasche\/Tote<br \/>\n<strong>Size:<\/strong> GM<br \/>\n<strong>Dimensions (approx.):<\/strong> Breite 42 cm (oben)\/ Breite 31 cm (unten) * H\u00f6he 26 cm * Tiefe 14 cm<br \/>\n<strong>Strap length (approx.):<\/strong> 92 cm\n<\/p>\n<p>\n<strong>Exterior material:<\/strong> calfskin leather<br \/>\n<strong>Interior Material<\/strong> calfskin leather\n<\/p>\n<p>The pictures represent the offered bag. The picture rights are held by MyLovelyBoutique.com. <\/p>\n<p>Follow us on <a href=\"https:\/\/www.instagram.com\/mylovelyboutique.de\/\" rel=\"noopener noreferrer\" target=\"_blank\"><span style=\"color: #e0adea\">Instagram<\/span><\/a> und lass Dich von unseren Outfit-Ideen inspirieren. <\/p>","protected":false},"excerpt":{"rendered":"<table class=\"mlb-product-details\">\n<tbody>\n<tr>\n<td class=\"mlb-details-caption\">Model<\/td>\n<td class=\"mlb-details-value\">Pernelle Magnolia (M54780)<\/td>\n<\/tr>\n<tr>\n<td class=\"mlb-details-caption\">Colour<\/td>\n<td class=\"mlb-details-value\">Magnolia\/Rosa<\/td>\n<\/tr>\n<tr>\n<td class=\"mlb-details-caption\">Hardware<\/td>\n<td class=\"mlb-details-value\">Silver<\/td>\n<\/tr>\n<tr>\n<td class=\"mlb-details-caption\">Year<\/td>\n<td class=\"mlb-details-value\">2017<\/td>\n<\/tr>\n<tr>\n<td class=\"mlb-details-caption\">Accessoires<\/td>\n<td class=\"mlb-details-value\">Staubbeutel, Clochette, Schloss + Schl\u00fcssel im kleinen Staubbeutel, abnehmbarer Schulterriemen, LV-Modellinfo, LV-Preisinfo<\/td>\n<\/tr>\n<tr>\n<td class=\"mlb-details-caption\">Condition<\/td>\n<td class=\"mlb-details-value\">Excellent<\/td>\n<\/tr>\n<\/tbody>\n<\/table>","protected":false},"featured_media":10894,"template":"","meta":[],"product_brand":[],"product_cat":[154,68,1431,85,99],"product_tag":[],"class_list":{"0":"post-10892","1":"product","2":"type-product","3":"status-publish","4":"has-post-thumbnail","6":"product_cat-designer","7":"product_cat-handtaschen","8":"product_cat-louisvuitton","9":"product_cat-schultertaschen","10":"product_cat-taschen","12":"first","13":"outofstock","14":"sold-individually","15":"shipping-taxable","16":"purchasable","17":"product-type-simple"},"_links":{"self":[{"href":"https:\/\/baselle.com\/en\/wp-json\/wp\/v2\/product\/10892","targetHints":{"allow":["GET"]}}],"collection":[{"href":"https:\/\/baselle.com\/en\/wp-json\/wp\/v2\/product"}],"about":[{"href":"https:\/\/baselle.com\/en\/wp-json\/wp\/v2\/types\/product"}],"wp:featuredmedia":[{"embeddable":true,"href":"https:\/\/baselle.com\/en\/wp-json\/wp\/v2\/media\/10894"}],"wp:attachment":[{"href":"https:\/\/baselle.com\/en\/wp-json\/wp\/v2\/media?parent=10892"}],"wp:term":[{"taxonomy":"product_brand","embeddable":true,"href":"https:\/\/baselle.com\/en\/wp-json\/wp\/v2\/product_brand?post=10892"},{"taxonomy":"product_cat","embeddable":true,"href":"https:\/\/baselle.com\/en\/wp-json\/wp\/v2\/product_cat?post=10892"},{"taxonomy":"product_tag","embeddable":true,"href":"https:\/\/baselle.com\/en\/wp-json\/wp\/v2\/product_tag?post=10892"}],"curies":[{"name":"wp","href":"https:\/\/api.w.org\/{rel}","templated":true}]}}