{"id":10891,"date":"2019-10-25T17:05:28","date_gmt":"2019-10-25T15:05:28","guid":{"rendered":"https:\/\/baselle.com\/?post_type=product&#038;p=10891"},"modified":"2020-03-26T09:19:03","modified_gmt":"2020-03-26T08:19:03","slug":"louis-vuitton-new-wave-camera-bag-snow-white-10891","status":"publish","type":"product","link":"https:\/\/baselle.com\/en\/product\/louis-vuitton-new-wave-camera-bag-snow-white-10891\/","title":{"rendered":"Louis Vuitton New Wave"},"content":{"rendered":"<p><strong>Louis Vuitton New Wave Camera Bag Handtasche Beschreibung<\/strong><\/p>\n<p>Die originale Louis Vuitton New Wave Camera Bag Handtasche ist eine komfortable und moderne Handtasche f\u00fcr den t\u00e4glichen Gebrauch. Dieses unverkennbare Modell lanciert in der Fr\u00fchjahr-Sommer Kollektion 2019 in gestepptem Kalbsleder in den Farben Schwarz, Wei\u00df und Pink. Mittlerweile ist sie in vielen weiteren Farben erh\u00e4ltlich. Die Kameratasche bietet genug Platz f\u00fcr Smartphone, Portemonnaie, Schl\u00fcssel, Lippenstift und Taschenspiegel. Sie verf\u00fcgt \u00fcber einen Kettenriemen mit Schulterpolster aus Leder, einer oversized LV-Signatur und goldfarbene Hardware im Vintage-Stil.<\/p>\n<p>Der Rei\u00dfverschluss \u00f6ffnet sich zu einem wei\u00dfen Mikrofaserinnenraum mit einem Steckfach. Ein weiteres vorne aufgesetztes Steckfach bietet Platz f\u00fcr die wichtigsten Dinge des t\u00e4glichen Bedarfs. Die New Wave Camera Bag kann \u00fcber der Schulter sowie Crossbody getragen werden, so dass maximaler Tragekomfort garantiert ist. <\/p>\n<p><strong>Very good condition:<\/strong><br \/>\nDiese Louis Vuitton New Wave Camera Bag Handtasche aus zweiter Hand ist insgesamt in einem sehr guten Zustand. Die Tasche wurde gerne und mit Sorgfalt getragen. Das Kalbsleder &#8211; auch die Ecken &#8211; sind in einem hervorragenden Zustand. Das Tascheninnere ist ohne Ger\u00fcche und weist keine L\u00f6cher\/Risse auf. Die goldfarbenen Hardware-Akzente sind in einem einwandfreien Zustand.<\/p>\n<p><strong>Style:<\/strong> Shoulder bag, crossbody<br \/>\n<strong>Size:<\/strong> Small<br \/>\n<strong>Dimensions (approx.):<\/strong> Breite 21,5 cm * H\u00f6he 15,5 cm * Tiefe 6 cm<br \/>\n<strong>Shoulder chain:<\/strong> 116 cm<\/p>\n<p><strong>Exterior material:<\/strong> calfskin leather<br \/>\n<strong>Interior Material<\/strong> microfibre lining<\/p>\n<p>The pictures represent the offered bag. The picture rights are held by MyLovelyBoutique.com.<\/p>\n<p>Follow us on <a href=\"https:\/\/www.instagram.com\/mylovelyboutique.de\/\" target=\"_blank\" rel=\"noopener noreferrer\"><span style=\"color: #e0adea;\">Instagram<\/span><\/a> und lass Dich von unseren Outfit-Ideen inspirieren.<\/p>","protected":false},"excerpt":{"rendered":"<table class=\"mlb-product-details\">\n<tbody>\n<tr>\n<td class=\"mlb-details-caption\">Model<\/td>\n<td class=\"mlb-details-value\">New Wave Camera Bag (M53863)<\/td>\n<\/tr>\n<tr>\n<td class=\"mlb-details-caption\">Colour<\/td>\n<td class=\"mlb-details-value\">Snow\/Wei\u00df<\/td>\n<\/tr>\n<tr>\n<td class=\"mlb-details-caption\">Hardware<\/td>\n<td class=\"mlb-details-value\">Gold<\/td>\n<\/tr>\n<tr>\n<td class=\"mlb-details-caption\">Year<\/td>\n<td class=\"mlb-details-value\">2019<\/td>\n<\/tr>\n<tr>\n<td class=\"mlb-details-caption\">Accessoires<\/td>\n<td class=\"mlb-details-value\">Rechnung, Box, Staubbeutel, LV-Booklet<\/td>\n<\/tr>\n<tr>\n<td class=\"mlb-details-caption\">Condition<\/td>\n<td class=\"mlb-details-value\">Very good condition<\/td>\n<\/tr>\n<\/tbody>\n<\/table>","protected":false},"featured_media":10908,"template":"","meta":[],"product_brand":[],"product_cat":[87,154,86,1431,85,99],"product_tag":[],"class_list":{"0":"post-10891","1":"product","2":"type-product","3":"status-publish","4":"has-post-thumbnail","6":"product_cat-crossbodytaschen","7":"product_cat-designer","8":"product_cat-kleinetaschen","9":"product_cat-louisvuitton","10":"product_cat-schultertaschen","11":"product_cat-taschen","12":"product_shipping_class-bis2500","14":"first","15":"outofstock","16":"sold-individually","17":"shipping-taxable","18":"purchasable","19":"product-type-simple"},"_links":{"self":[{"href":"https:\/\/baselle.com\/en\/wp-json\/wp\/v2\/product\/10891","targetHints":{"allow":["GET"]}}],"collection":[{"href":"https:\/\/baselle.com\/en\/wp-json\/wp\/v2\/product"}],"about":[{"href":"https:\/\/baselle.com\/en\/wp-json\/wp\/v2\/types\/product"}],"wp:featuredmedia":[{"embeddable":true,"href":"https:\/\/baselle.com\/en\/wp-json\/wp\/v2\/media\/10908"}],"wp:attachment":[{"href":"https:\/\/baselle.com\/en\/wp-json\/wp\/v2\/media?parent=10891"}],"wp:term":[{"taxonomy":"product_brand","embeddable":true,"href":"https:\/\/baselle.com\/en\/wp-json\/wp\/v2\/product_brand?post=10891"},{"taxonomy":"product_cat","embeddable":true,"href":"https:\/\/baselle.com\/en\/wp-json\/wp\/v2\/product_cat?post=10891"},{"taxonomy":"product_tag","embeddable":true,"href":"https:\/\/baselle.com\/en\/wp-json\/wp\/v2\/product_tag?post=10891"}],"curies":[{"name":"wp","href":"https:\/\/api.w.org\/{rel}","templated":true}]}}