{"id":10850,"date":"2019-10-18T19:54:06","date_gmt":"2019-10-18T17:54:06","guid":{"rendered":"https:\/\/baselle.com\/?post_type=product&#038;p=10850"},"modified":"2019-11-21T16:45:04","modified_gmt":"2019-11-21T15:45:04","slug":"louis-vuitton-micro-boite-chapeau-muenztasche","status":"publish","type":"product","link":"https:\/\/baselle.com\/en\/product\/louis-vuitton-micro-boite-chapeau-muenztasche\/","title":{"rendered":"Louis Vuitton M\u00fcnztasche"},"content":{"rendered":"<p>\n<strong>Louis Vuitton Micro Bo\u00eete Chapeau M\u00fcnztasche Beschreibung<\/strong> <\/p>\n<p>Die originale Louis Vuitton Micro Bo\u00eete Chapeau M\u00fcnztasche ist ein raffiniertes Accessoire, das dank seines kompakten Formats m\u00fchelos in eine kleine Handtasche passt. Sie ist aus silber-grauem Kalbslackleder und goldfarbener Hardware gefertigt und verf\u00fcgt \u00fcber eine Kette mit Karabiner, mit dem sie beliebig in oder an einer Tasche angebracht werden kann. Auch an einer Hosenschlaufe befestigt wird aus der kleinen Louis Vuitton M\u00fcnztasche ein Accessoire mit Eyecatching-Garantie!\n<\/p>\n<p>\n<strong>Good condition:<\/strong><br \/>\nDiese Louis Vuitton Micro Bo\u00eete Chapeau M\u00fcnztasche aus zweiter Hand ist insgesamt in einem guten Zustand. Das Kalbslackleder weist an der Unterseite kleine Markierungen durch einen Kugelschreiber auf. Das Lederinnenfutter ist in einem sehr gepflegten Zustand und weist weder Ger\u00fcche, Flecken oder Besch\u00e4digungen auf. Die goldfarbene Hardware ist in einem sch\u00f6nen gl\u00e4nzenden Zustand.\n<\/p>\n<p>\n<strong>Style:<\/strong> M\u00fcnzgeldtasche<br \/>\n<strong>Dimensions (approx.):<\/strong> Breite 11 cm * H\u00f6he 10 cm * Tiefe 1,5 cm\n<\/p>\n<p>\n<strong>Exterior material:<\/strong> Patent calfskin leather<br \/>\n<strong>Interior Material<\/strong> leather\n<\/p>\n<p>Die Bilder stellen die angebotene M\u00fcnztasche dar und sind Eigentum von MyLovelyBoutique.com. <\/p>\n<p>Follow us on <a href=\"https:\/\/www.instagram.com\/mylovelyboutique.de\/\" rel=\"noopener noreferrer\" target=\"_blank\"><span style=\"color: #e0adea\">Instagram<\/span><\/a> und lass Dich von unseren Outfit-Ideen inspirieren. <\/p>","protected":false},"excerpt":{"rendered":"<table class=\"mlb-product-details\">\n<tbody>\n<tr>\n<td class=\"mlb-details-caption\">Model<\/td>\n<td class=\"mlb-details-value\">Micro Bo\u00eete Chapeau Mon. Vernis Leder<\/td>\n<\/tr>\n<tr>\n<td class=\"mlb-details-caption\">Colour<\/td>\n<td class=\"mlb-details-value\">Silber-Grau<\/td>\n<\/tr>\n<tr>\n<td class=\"mlb-details-caption\">Hardware<\/td>\n<td class=\"mlb-details-value\">Gold<\/td>\n<\/tr>\n<tr>\n<td class=\"mlb-details-caption\">Year<\/td>\n<td class=\"mlb-details-value\">2009<\/td>\n<\/tr>\n<tr>\n<td class=\"mlb-details-caption\">Accessoires<\/td>\n<td class=\"mlb-details-value\">Dustbag<\/td>\n<\/tr>\n<tr>\n<td class=\"mlb-details-caption\">Condition<\/td>\n<td class=\"mlb-details-value\">Good condition<\/td>\n<\/tr>\n<\/tbody>\n<\/table>","protected":false},"featured_media":10862,"template":"","meta":[],"product_brand":[],"product_cat":[57,154,90,1431,89],"product_tag":[],"class_list":{"0":"post-10850","1":"product","2":"type-product","3":"status-publish","4":"has-post-thumbnail","6":"product_cat-accessories","7":"product_cat-designer","8":"product_cat-kleinlederwaren","9":"product_cat-louisvuitton","10":"product_cat-portemonnaie","11":"product_shipping_class-0-500","13":"first","14":"outofstock","15":"sold-individually","16":"shipping-taxable","17":"purchasable","18":"product-type-simple"},"_links":{"self":[{"href":"https:\/\/baselle.com\/en\/wp-json\/wp\/v2\/product\/10850","targetHints":{"allow":["GET"]}}],"collection":[{"href":"https:\/\/baselle.com\/en\/wp-json\/wp\/v2\/product"}],"about":[{"href":"https:\/\/baselle.com\/en\/wp-json\/wp\/v2\/types\/product"}],"wp:featuredmedia":[{"embeddable":true,"href":"https:\/\/baselle.com\/en\/wp-json\/wp\/v2\/media\/10862"}],"wp:attachment":[{"href":"https:\/\/baselle.com\/en\/wp-json\/wp\/v2\/media?parent=10850"}],"wp:term":[{"taxonomy":"product_brand","embeddable":true,"href":"https:\/\/baselle.com\/en\/wp-json\/wp\/v2\/product_brand?post=10850"},{"taxonomy":"product_cat","embeddable":true,"href":"https:\/\/baselle.com\/en\/wp-json\/wp\/v2\/product_cat?post=10850"},{"taxonomy":"product_tag","embeddable":true,"href":"https:\/\/baselle.com\/en\/wp-json\/wp\/v2\/product_tag?post=10850"}],"curies":[{"name":"wp","href":"https:\/\/api.w.org\/{rel}","templated":true}]}}