{"id":10849,"date":"2019-10-28T17:51:48","date_gmt":"2019-10-28T16:51:48","guid":{"rendered":"https:\/\/baselle.com\/?post_type=product&#038;p=10849"},"modified":"2022-12-20T14:16:17","modified_gmt":"2022-12-20T13:16:17","slug":"louis-vuitton-muetze-beige-10849","status":"publish","type":"product","link":"https:\/\/baselle.com\/en\/product\/louis-vuitton-muetze-beige-10849\/","title":{"rendered":"Louis Vuitton M\u00fctze"},"content":{"rendered":"<p><strong>Louis Vuitton M\u00fctze Monogram Beige Beschreibung<\/strong><\/p>\n<p>Diese originale Louis Vuitton M\u00fctze Monogram Beige verzaubert durch ihre zeitlosen Farben und Details wie das eingestrickte Louis Vuitton Monogram sowie die aufgesetzten goldfarbenen Pailletten. Mit dieser M\u00fctze h\u00e4ltst Du nicht nur Deinen Kopf warm, sondern tr\u00e4gst ein unverzichtbar wie wundersch\u00f6nes Accessoire an eisigen Wintertagen!<\/p>\n<p><strong>Mint condition<\/strong><br \/>\nDiese Louis Vuitton Monogram Glitter Bonnet aus zweiter Hand wurde nicht getragen und ist daher in einem einwandfreien Zustand.<\/p>\n<p><strong>Dimensions (approx.):<\/strong> Umfang = 46 cm bis 55 cm<\/p>\n<p><strong>Material:<\/strong> Mohair, Nylon, Wolle, Baumwolle, Acryl, Polyester, Rayon<\/p>\n<p>Die Bilder stellen die angebotene M\u00fctze dar und sind Eigentum von MyLovelyBoutique.com.<\/p>\n<p>Follow us on <a href=\"https:\/\/www.instagram.com\/mylovelyboutique.de\/\" rel=\"noopener noreferrer\" target=\"_blank\"><span style=\"color: #96588a;\">Instagram<\/span><\/a> and get inspired. <\/p>","protected":false},"excerpt":{"rendered":"<table class=\"mlb-product-details\">\n<tbody>\n<tr>\n<td class=\"mlb-details-caption\">Model<\/td>\n<td class=\"mlb-details-value\">Monogram Glitter Bonnet<\/td>\n<\/tr>\n<tr>\n<td class=\"mlb-details-caption\">Colour<\/td>\n<td class=\"mlb-details-value\">Beige\/Ecru<\/td>\n<\/tr>\n<tr>\n<td class=\"mlb-details-caption\">Hardware<\/td>\n<td class=\"mlb-details-value\">&#8211;<\/td>\n<\/tr>\n<tr>\n<td class=\"mlb-details-caption\">Year<\/td>\n<td class=\"mlb-details-value\">&#8211;<\/td>\n<\/tr>\n<tr>\n<td class=\"mlb-details-caption\">Accessoires<\/td>\n<td class=\"mlb-details-value\">&#8211;<\/td>\n<\/tr>\n<tr>\n<td class=\"mlb-details-caption\">Condition<\/td>\n<td class=\"mlb-details-value\">Mint condition<\/td>\n<\/tr>\n<\/tbody>\n<\/table>","protected":false},"featured_media":10867,"template":"","meta":[],"product_brand":[],"product_cat":[57,154,1431,91],"product_tag":[],"class_list":{"0":"post-10849","1":"product","2":"type-product","3":"status-publish","4":"has-post-thumbnail","6":"product_cat-accessories","7":"product_cat-designer","8":"product_cat-louisvuitton","9":"product_cat-muetzen","10":"product_shipping_class-0-500","12":"first","13":"outofstock","14":"sold-individually","15":"shipping-taxable","16":"purchasable","17":"product-type-simple"},"_links":{"self":[{"href":"https:\/\/baselle.com\/en\/wp-json\/wp\/v2\/product\/10849","targetHints":{"allow":["GET"]}}],"collection":[{"href":"https:\/\/baselle.com\/en\/wp-json\/wp\/v2\/product"}],"about":[{"href":"https:\/\/baselle.com\/en\/wp-json\/wp\/v2\/types\/product"}],"wp:featuredmedia":[{"embeddable":true,"href":"https:\/\/baselle.com\/en\/wp-json\/wp\/v2\/media\/10867"}],"wp:attachment":[{"href":"https:\/\/baselle.com\/en\/wp-json\/wp\/v2\/media?parent=10849"}],"wp:term":[{"taxonomy":"product_brand","embeddable":true,"href":"https:\/\/baselle.com\/en\/wp-json\/wp\/v2\/product_brand?post=10849"},{"taxonomy":"product_cat","embeddable":true,"href":"https:\/\/baselle.com\/en\/wp-json\/wp\/v2\/product_cat?post=10849"},{"taxonomy":"product_tag","embeddable":true,"href":"https:\/\/baselle.com\/en\/wp-json\/wp\/v2\/product_tag?post=10849"}],"curies":[{"name":"wp","href":"https:\/\/api.w.org\/{rel}","templated":true}]}}