{"id":10848,"date":"2019-10-18T15:53:01","date_gmt":"2019-10-18T13:53:01","guid":{"rendered":"https:\/\/baselle.com\/?post_type=product&#038;p=10848"},"modified":"2020-02-09T20:47:43","modified_gmt":"2020-02-09T19:47:43","slug":"louis-vuitton-montaigne-bb-monogram-vernis-amarante-10848","status":"publish","type":"product","link":"https:\/\/baselle.com\/en\/product\/louis-vuitton-montaigne-bb-monogram-vernis-amarante-10848\/","title":{"rendered":"Louis Vuitton Montaigne BB"},"content":{"rendered":"<p>\n<strong>Louis Vuitton Montaigne BB Vernis Leder Handtasche Beschreibung<\/strong><\/p>\n<p>Die originale Louis Vuitton Montaigne BB Vernis Leder Handtasche besticht durch ihr funktionales Design und ist perfekt f\u00fcr die moderne Frau. Ob f\u00fcr die Arbeit oder als elegantes Accessoire in der Freizeit, dieses strukturierte Modell eignet sich f\u00fcr zahlreiche Anl\u00e4sse. Sie ist aus Kalbslackleder mit gepr\u00e4gtem Louis Vuitton Monogram gefertigt und verf\u00fcgt \u00fcber eine eckige Silhouette, goldfarbene Hardware-Akzente, doppelt gerollte Ledergriffe sowie einen abnehmbaren Schulterriemen f\u00fcr maximalen Tragekomfort.<\/p>\n<p>Das schwarzbraune Innenfutter mit Hakenverschluss umfasst ein mittleres Rei\u00dfverschlussfach und drei Steckf\u00e4cher f\u00fcr die Aufbewahrung von Dingen des t\u00e4glichen Bedarfs. Die Montaigne BB ist ein kompaktes Lieblingsst\u00fcck, das dank einer Vielzahl von F\u00e4chern optimal f\u00fcr den t\u00e4glichen Gebrauch ist.\n<\/p>\n<p>\n<strong>Very good condition:<\/strong><br \/>\nDiese Louis Vuitton Montaigne BB Vernis Leder Handtasche aus zweiter Hand ist insgesamt in einem sehr guten Zustand. Das Monogram Vernis Leder, auch die Ecken, sind in einem sehr sch\u00f6nen und gepflegten Zustand. Das Tascheninnere ist sauber, ohne Ger\u00fcche und weist keine L\u00f6cher\/Risse auf. Die goldfarbenen Hardware-Akzente sind ebenfalls in einem sehr guten Zustand und weisen lediglich an den Taschenf\u00fc\u00dfchen einen dezenten Abrieb auf. \n<\/p>\n<p>\n<strong>Style:<\/strong> Schultertasche\/Handtasche\/Crossbody<br \/>\n<strong>Size:<\/strong> BB<br \/>\n<strong>Dimensions (approx.):<\/strong> Breite 29 cm * H\u00f6he 20 cm * Tiefe 13 cm<br \/>\n<strong>Strap length (approx.):<\/strong> 55 cm\n<\/p>\n<p>\n<strong>Exterior material:<\/strong> Patent calfskin leather<br \/>\n<strong>Interior Material<\/strong> fabric lining\n<\/p>\n<p>The pictures represent the offered bag. The picture rights are held by MyLovelyBoutique.com. <\/p>\n<p>Follow us on <a href=\"https:\/\/www.instagram.com\/mylovelyboutique.de\/\" rel=\"noopener noreferrer\" target=\"_blank\"><span style=\"color: #e0adea;\">Instagram<\/span><\/a> und lass Dich von unseren Outfit-Ideen inspirieren. <\/p>","protected":false},"excerpt":{"rendered":"<table class=\"mlb-product-details\">\n<tbody>\n<tr>\n<td class=\"mlb-details-caption\">Model<\/td>\n<td class=\"mlb-details-value\">Montaigne BB Monogram Vernis<\/td>\n<\/tr>\n<tr>\n<td class=\"mlb-details-caption\">Colour<\/td>\n<td class=\"mlb-details-value\">Amarante\/Schwarz-Burgund<\/td>\n<\/tr>\n<tr>\n<td class=\"mlb-details-caption\">Hardware<\/td>\n<td class=\"mlb-details-value\">Gold<\/td>\n<\/tr>\n<tr>\n<td class=\"mlb-details-caption\">Year<\/td>\n<td class=\"mlb-details-value\">2015<\/td>\n<\/tr>\n<tr>\n<td class=\"mlb-details-caption\">Accessoires<\/td>\n<td class=\"mlb-details-value\">Box, Staubbeutel, abnehmbarer Schultterriemen, Clochette<\/td>\n<\/tr>\n<tr>\n<td class=\"mlb-details-caption\">Condition<\/td>\n<td class=\"mlb-details-value\">Very good condition<\/td>\n<\/tr>\n<\/tbody>\n<\/table>","protected":false},"featured_media":10853,"template":"","meta":[],"product_brand":[],"product_cat":[87,154,68,1431,85,99],"product_tag":[],"class_list":{"0":"post-10848","1":"product","2":"type-product","3":"status-publish","4":"has-post-thumbnail","6":"product_cat-crossbodytaschen","7":"product_cat-designer","8":"product_cat-handtaschen","9":"product_cat-louisvuitton","10":"product_cat-schultertaschen","11":"product_cat-taschen","12":"product_shipping_class-bis1000","14":"first","15":"outofstock","16":"sold-individually","17":"shipping-taxable","18":"purchasable","19":"product-type-simple"},"_links":{"self":[{"href":"https:\/\/baselle.com\/en\/wp-json\/wp\/v2\/product\/10848","targetHints":{"allow":["GET"]}}],"collection":[{"href":"https:\/\/baselle.com\/en\/wp-json\/wp\/v2\/product"}],"about":[{"href":"https:\/\/baselle.com\/en\/wp-json\/wp\/v2\/types\/product"}],"wp:featuredmedia":[{"embeddable":true,"href":"https:\/\/baselle.com\/en\/wp-json\/wp\/v2\/media\/10853"}],"wp:attachment":[{"href":"https:\/\/baselle.com\/en\/wp-json\/wp\/v2\/media?parent=10848"}],"wp:term":[{"taxonomy":"product_brand","embeddable":true,"href":"https:\/\/baselle.com\/en\/wp-json\/wp\/v2\/product_brand?post=10848"},{"taxonomy":"product_cat","embeddable":true,"href":"https:\/\/baselle.com\/en\/wp-json\/wp\/v2\/product_cat?post=10848"},{"taxonomy":"product_tag","embeddable":true,"href":"https:\/\/baselle.com\/en\/wp-json\/wp\/v2\/product_tag?post=10848"}],"curies":[{"name":"wp","href":"https:\/\/api.w.org\/{rel}","templated":true}]}}