{"id":10846,"date":"2019-11-11T15:27:38","date_gmt":"2019-11-11T14:27:38","guid":{"rendered":"https:\/\/baselle.com\/?post_type=product&#038;p=10846"},"modified":"2020-01-03T21:33:18","modified_gmt":"2020-01-03T20:33:18","slug":"louis-vuitton-flower-monogram-canvas-handtasche-10846","status":"publish","type":"product","link":"https:\/\/baselle.com\/en\/product\/louis-vuitton-flower-monogram-canvas-handtasche-10846\/","title":{"rendered":"Louis Vuitton Flower"},"content":{"rendered":"<p>\n<strong>Louis Vuitton Flower Monogram Canvas Handtasche Beschreibung<\/strong><\/p>\n<p>Die originale Louis Vuitton Flower Monogram Canvas Handtasche ist ein leger stilvolles Modell f\u00fcr die moderne Frau. Durch ihr leichtes Gewicht ist sie die perfekte Begleitung f\u00fcr ausgewogene Shopping Tage sowie f\u00fcr die Arbeit. Sie besticht durch einen aufgesetzten Verschluss, der sich aus einem H\u00e4ngeschloss mit LV-Gravur und einer charakterischen Monogram-Bl\u00fcte zusammensetzt. <\/p>\n<p>A flat shoulder strap ensures maximum comfort in everyday use, whether carried by hand or over the shoulder. The concealed magnetic closure opens to a black microfibre interior with a zipped compartment and a slip pocket that can be opened by unlocking the LV padlock.\n<\/p>\n<p>\n<strong>Very good condition:<\/strong><br \/>\nDiese Louis Vuitton Flower Monogram Canvas Handtasche aus zweiter Hand ist insgesamt in einem sehr guten Zustand. Die Tasche wurde gerne und mit Sorgfalt getragen. Das beschichtete Canvas sowie die Bes\u00e4tze aus Kalbsleder sind in einem gepflegten Zustand. Das Tascheninnere ist sauber und weist keine L\u00f6cher\/Risse auf. Die goldenen Hardware-Akzente sind ebenfalls in einem sehr guten Zustand.\n<\/p>\n<p>\n<strong>Style:<\/strong> Shoulder bag, handbag<br \/>\n<strong>Size:<\/strong> MM<br \/>\n<strong>Dimensions (approx.):<\/strong> width 34 cm * height 38 cm * depth 17 cm\n<\/p>\n<p>\n<strong>Exterior material:<\/strong> Monogram Canvas, Kalbsleder<br \/>\n<strong>Interior Material<\/strong> microfibre lining\n<\/p>\n<p>The pictures represent the offered bag. The picture rights are held by MyLovelyBoutique.com.<\/p>\n<p>Follow us on <a href=\"https:\/\/www.instagram.com\/mylovelyboutique.de\/\" target=\"_blank\" rel=\"noopener noreferrer\"><span style=\"color: #e0adea\">Instagram<\/span><\/a> und lass Dich von unseren Outfit-Ideen inspirieren.<\/p>","protected":false},"excerpt":{"rendered":"<table class=\"mlb-product-details\">\n<tbody>\n<tr>\n<td class=\"mlb-details-caption\">Model<\/td>\n<td class=\"mlb-details-value\">Flower Hobo Bag Monogram Canvas (M43545)<\/td>\n<\/tr>\n<tr>\n<td class=\"mlb-details-caption\">Colour<\/td>\n<td class=\"mlb-details-value\">Brown, Black<\/td>\n<\/tr>\n<tr>\n<td class=\"mlb-details-caption\">Hardware<\/td>\n<td class=\"mlb-details-value\">Gold<\/td>\n<\/tr>\n<tr>\n<td class=\"mlb-details-caption\">Year<\/td>\n<td class=\"mlb-details-value\">2018<\/td>\n<\/tr>\n<tr>\n<td class=\"mlb-details-caption\">Accessoires<\/td>\n<td class=\"mlb-details-value\">Staubbeutel, Clochette, Schloss + Schl\u00fcssel<\/td>\n<\/tr>\n<tr>\n<td class=\"mlb-details-caption\">Condition<\/td>\n<td class=\"mlb-details-value\">Very good condition<\/td>\n<\/tr>\n<\/tbody>\n<\/table>","protected":false},"featured_media":10882,"template":"","meta":[],"product_brand":[],"product_cat":[154,1431,85,99],"product_tag":[],"class_list":{"0":"post-10846","1":"product","2":"type-product","3":"status-publish","4":"has-post-thumbnail","6":"product_cat-designer","7":"product_cat-louisvuitton","8":"product_cat-schultertaschen","9":"product_cat-taschen","10":"product_shipping_class-bis1000","12":"first","13":"outofstock","14":"sold-individually","15":"shipping-taxable","16":"purchasable","17":"product-type-simple"},"_links":{"self":[{"href":"https:\/\/baselle.com\/en\/wp-json\/wp\/v2\/product\/10846","targetHints":{"allow":["GET"]}}],"collection":[{"href":"https:\/\/baselle.com\/en\/wp-json\/wp\/v2\/product"}],"about":[{"href":"https:\/\/baselle.com\/en\/wp-json\/wp\/v2\/types\/product"}],"wp:featuredmedia":[{"embeddable":true,"href":"https:\/\/baselle.com\/en\/wp-json\/wp\/v2\/media\/10882"}],"wp:attachment":[{"href":"https:\/\/baselle.com\/en\/wp-json\/wp\/v2\/media?parent=10846"}],"wp:term":[{"taxonomy":"product_brand","embeddable":true,"href":"https:\/\/baselle.com\/en\/wp-json\/wp\/v2\/product_brand?post=10846"},{"taxonomy":"product_cat","embeddable":true,"href":"https:\/\/baselle.com\/en\/wp-json\/wp\/v2\/product_cat?post=10846"},{"taxonomy":"product_tag","embeddable":true,"href":"https:\/\/baselle.com\/en\/wp-json\/wp\/v2\/product_tag?post=10846"}],"curies":[{"name":"wp","href":"https:\/\/api.w.org\/{rel}","templated":true}]}}