{"id":10763,"date":"2019-09-26T16:47:22","date_gmt":"2019-09-26T14:47:22","guid":{"rendered":"https:\/\/baselle.com\/?post_type=product&#038;p=10763"},"modified":"2019-10-18T15:55:22","modified_gmt":"2019-10-18T13:55:22","slug":"louis-vuitton-normandy-damier-ebene-10763","status":"publish","type":"product","link":"https:\/\/baselle.com\/en\/product\/louis-vuitton-normandy-damier-ebene-10763\/","title":{"rendered":"Louis Vuitton Normandy"},"content":{"rendered":"<p>\n<strong>Louis Vuitton Normandy Damier Ebene Handtasche Beschreibung<\/strong> <\/p>\n<p>Die originale Louis Vuitton Normandy Damier Ebene Handtasche ist die neue Statustasche von Louis Vuitton f\u00fcr die anspruchsvolle Frau. Feminin und elegant setzt die Normandie gekonnt einen Kontrast aus Damier Canvas und rosa-farbigen Taurillon Leder. Diese strukturierte Handtasche verf\u00fcgt \u00fcber eine eckige Silhouette, ein zentrales Frontschloss mit Gravur, sch\u00fctzende Taschenf\u00fc\u00dfe sowie goldfarbene Hardware. Die doppelt gerollten Ledergriffe sowie der abnehmbare Schultergurt sorgen f\u00fcr maximalen Tragekomfort im Alltag. <\/p>\n<p>Durch einen Rei\u00dfverschluss l\u00e4sst sich die Normandy zu einem rosanen Innenfutter aus Mikrofaser \u00f6ffnen. Im Tascheninneren befinden sich zwei Einsteckf\u00e4cher, die perfekt f\u00fcr das Aufbewahren Deiner wichtigsten Dinge sind. Zudem befindet sich ein weiteres Steckfach f\u00fcr wichtige Dokumente vor dem Hauptfach und l\u00e4sst sich durch Aufschlie\u00dfen des LV-H\u00e4ngeschloss \u00f6ffnen. Das hintere Steckfach ist durch einen versteckten Magnetverschluss zu \u00f6ffnen.\n<\/p>\n<p>\n<strong>Very good condition:<\/strong><br \/>\nDie Louis Vuitton Normandy Damier Ebene Handtasche aus zweiter Hand ist insgesamt in einem sehr guten Zustand. Das Damier Canvas sowie das Trauillon Leder sind in einem sehr gepflegten Zustand. Auch das Tascheninnere ist sauber und weist keine Flecken, Ger\u00fcche oder L\u00f6cher\/Risse auf. Die goldfarbene Hardware ist in einem gl\u00e4nzend sch\u00f6nen Zustand.\n<\/p>\n<p>\n<strong>Style:<\/strong> Schulter-\/Handtasche\/Tote<br \/>\n<strong>Size:<\/strong>MM<br \/>\n<strong>Dimensions (approx.):<\/strong> Breite 37 cm * H\u00f6he 25 cm * Tiefe 15,5 cm\n<\/p>\n<p>\n<strong>Exterior material:<\/strong> Canvas, Taurillon Leder<br \/>\n<strong>Interior Material<\/strong> microfibre lining\n<\/p>\n<p>The pictures represent the offered bag. The picture rights are held by MyLovelyBoutique.com. <\/p>\n<p>Follow us on <a href=\"https:\/\/www.instagram.com\/mylovelyboutique.de\/\" rel=\"noopener noreferrer\" target=\"_blank\"><span style=\"color: #e0adea;\">Instagram<\/span><\/a> und lass Dich von unseren Outfit-Ideen inspirieren. <\/p>","protected":false},"excerpt":{"rendered":"<table class=\"mlb-product-details\">\n<tbody>\n<tr>\n<td class=\"mlb-details-caption\">Model<\/td>\n<td class=\"mlb-details-value\">Normandy Damier Ebene Magnolia (N41488)<\/td>\n<\/tr>\n<tr>\n<td class=\"mlb-details-caption\">Colour<\/td>\n<td class=\"mlb-details-value\">Braun\/Magnolia<\/td>\n<\/tr>\n<tr>\n<td class=\"mlb-details-caption\">Hardware<\/td>\n<td class=\"mlb-details-value\">Gold<\/td>\n<\/tr>\n<tr>\n<td class=\"mlb-details-caption\">Year<\/td>\n<td class=\"mlb-details-value\">2016<\/td>\n<\/tr>\n<tr>\n<td class=\"mlb-details-caption\">Accessoires<\/td>\n<td class=\"mlb-details-value\">Staubbeutel, abnehmbarer Schulterriemen, Schloss + Schl\u00fcssel, Clochette<\/td>\n<\/tr>\n<tr>\n<td class=\"mlb-details-caption\">Condition<\/td>\n<td class=\"mlb-details-value\">Very good condition<\/td>\n<\/tr>\n<\/tbody>\n<\/table>","protected":false},"featured_media":10828,"template":"","meta":[],"product_brand":[],"product_cat":[154,68,1431,85,99],"product_tag":[],"class_list":{"0":"post-10763","1":"product","2":"type-product","3":"status-publish","4":"has-post-thumbnail","6":"product_cat-designer","7":"product_cat-handtaschen","8":"product_cat-louisvuitton","9":"product_cat-schultertaschen","10":"product_cat-taschen","11":"product_shipping_class-bis1000","13":"first","14":"outofstock","15":"sold-individually","16":"shipping-taxable","17":"purchasable","18":"product-type-simple"},"_links":{"self":[{"href":"https:\/\/baselle.com\/en\/wp-json\/wp\/v2\/product\/10763","targetHints":{"allow":["GET"]}}],"collection":[{"href":"https:\/\/baselle.com\/en\/wp-json\/wp\/v2\/product"}],"about":[{"href":"https:\/\/baselle.com\/en\/wp-json\/wp\/v2\/types\/product"}],"wp:featuredmedia":[{"embeddable":true,"href":"https:\/\/baselle.com\/en\/wp-json\/wp\/v2\/media\/10828"}],"wp:attachment":[{"href":"https:\/\/baselle.com\/en\/wp-json\/wp\/v2\/media?parent=10763"}],"wp:term":[{"taxonomy":"product_brand","embeddable":true,"href":"https:\/\/baselle.com\/en\/wp-json\/wp\/v2\/product_brand?post=10763"},{"taxonomy":"product_cat","embeddable":true,"href":"https:\/\/baselle.com\/en\/wp-json\/wp\/v2\/product_cat?post=10763"},{"taxonomy":"product_tag","embeddable":true,"href":"https:\/\/baselle.com\/en\/wp-json\/wp\/v2\/product_tag?post=10763"}],"curies":[{"name":"wp","href":"https:\/\/api.w.org\/{rel}","templated":true}]}}