{"id":10748,"date":"2019-09-26T14:24:52","date_gmt":"2019-09-26T12:24:52","guid":{"rendered":"https:\/\/baselle.com\/?post_type=product&#038;p=10748"},"modified":"2019-10-18T15:55:18","modified_gmt":"2019-10-18T13:55:18","slug":"louis-vuitton-tuileries-hobo-monogram-10748","status":"publish","type":"product","link":"https:\/\/baselle.com\/en\/product\/louis-vuitton-tuileries-hobo-monogram-10748\/","title":{"rendered":"Louis Vuitton Tuileries Hobo"},"content":{"rendered":"<p>\n<strong>Louis Vuitton Tuileries Hobo Monogram Canvas Handtasche Beschreibung<\/strong><\/p>\n<p>Die originale Louis Vuitton Tuileries Hobo Monogram Canvas Handtasche bietet im Vergleich zu dem kleineren Modell, der Tuileries Besace, viel Platz f\u00fcr ausgewogene Shopping Tage. Sie besticht durch ihren auff\u00e4lligen Kontrast aus traditionellem Monogram-Canvas und dreifarbigen Rindsleder-Akzenten. Der breite Ledergriff garantiert Dir maximalen Tragekomfort im Alltag, ob in der Hand oder \u00fcber der Schulter getragen<\/p>\n<p>Der versteckte Magnetverschluss \u00f6ffnet sich zu einem roten Innenraum aus Mikrofaser mit drei Steckf\u00e4chern. Zus\u00e4tzlichen Stauraum bietet ein vorne aufgesetztes Steckfach, das sich durch einen versteckten Zwei-Wege-Rei\u00dfverschluss \u00f6ffnen l\u00e4sst. Dieses legere Modell ist ein stilvolles Accessoire f\u00fcr die moderne Frau.\n<\/p>\n<p>\n<strong>Very good condition:<\/strong><br \/>\nDiese Louis Vuitton Tuileries Hobo Monogram Canvas Handtasche aus zweiter Hand ist insgesamt in einem sehr guten Zustand. Das beschichtete Canvas sowie das Rindsleder sind in einem sehr gepflegten Zustand. Auch das Tascheninnere ist sauber, ohne Ger\u00fcche und weist keine L\u00f6cher\/Risse auf. Die goldenen Hardware-Akzente sind ebenfalls in einem sehr guten Zustand.\n<\/p>\n<p>\n<strong>Style:<\/strong> Shoulder bag, handbag<br \/>\n<strong>Size:<\/strong> MM<br \/>\n<strong>Dimensions (approx.):<\/strong> Breite 34 cm * H\u00f6he 33 cm * Tiefe 13 cm\n<\/p>\n<p>\n<strong>Exterior material:<\/strong> Monogram Canvas, cowhide leather<br \/>\n<strong>Interior Material<\/strong> microfibre lining\n<\/p>\n<p>The pictures represent the offered bag. The picture rights are held by MyLovelyBoutique.com.<\/p>\n<p>Follow us on <a href=\"https:\/\/www.instagram.com\/mylovelyboutique.de\/\" target=\"_blank\" rel=\"noopener noreferrer\"><span style=\"color: #e0adea\">Instagram<\/span><\/a> und lass Dich von unseren Outfit-Ideen inspirieren.<\/p>","protected":false},"excerpt":{"rendered":"<table class=\"mlb-product-details\">\n<tbody>\n<tr>\n<td class=\"mlb-details-caption\">Model<\/td>\n<td class=\"mlb-details-value\">Tuileries Hobo Monogram Canvas (M43154)<\/td>\n<\/tr>\n<tr>\n<td class=\"mlb-details-caption\">Colour<\/td>\n<td class=\"mlb-details-value\">Brown, Black<\/td>\n<\/tr>\n<tr>\n<td class=\"mlb-details-caption\">Hardware<\/td>\n<td class=\"mlb-details-value\">Gold<\/td>\n<\/tr>\n<tr>\n<td class=\"mlb-details-caption\">Year<\/td>\n<td class=\"mlb-details-value\">2018<\/td>\n<\/tr>\n<tr>\n<td class=\"mlb-details-caption\">Accessoires<\/td>\n<td class=\"mlb-details-value\">LV-Originalrechnung, Staubbeutel, LV-Booklet<\/td>\n<\/tr>\n<tr>\n<td class=\"mlb-details-caption\">Condition<\/td>\n<td class=\"mlb-details-value\">Excellent condition<\/td>\n<\/tr>\n<\/tbody>\n<\/table>","protected":false},"featured_media":10811,"template":"","meta":[],"product_brand":[],"product_cat":[154,1431,85,99],"product_tag":[],"class_list":{"0":"post-10748","1":"product","2":"type-product","3":"status-publish","4":"has-post-thumbnail","6":"product_cat-designer","7":"product_cat-louisvuitton","8":"product_cat-schultertaschen","9":"product_cat-taschen","10":"product_shipping_class-bis1000","12":"first","13":"outofstock","14":"sold-individually","15":"shipping-taxable","16":"purchasable","17":"product-type-simple"},"_links":{"self":[{"href":"https:\/\/baselle.com\/en\/wp-json\/wp\/v2\/product\/10748","targetHints":{"allow":["GET"]}}],"collection":[{"href":"https:\/\/baselle.com\/en\/wp-json\/wp\/v2\/product"}],"about":[{"href":"https:\/\/baselle.com\/en\/wp-json\/wp\/v2\/types\/product"}],"wp:featuredmedia":[{"embeddable":true,"href":"https:\/\/baselle.com\/en\/wp-json\/wp\/v2\/media\/10811"}],"wp:attachment":[{"href":"https:\/\/baselle.com\/en\/wp-json\/wp\/v2\/media?parent=10748"}],"wp:term":[{"taxonomy":"product_brand","embeddable":true,"href":"https:\/\/baselle.com\/en\/wp-json\/wp\/v2\/product_brand?post=10748"},{"taxonomy":"product_cat","embeddable":true,"href":"https:\/\/baselle.com\/en\/wp-json\/wp\/v2\/product_cat?post=10748"},{"taxonomy":"product_tag","embeddable":true,"href":"https:\/\/baselle.com\/en\/wp-json\/wp\/v2\/product_tag?post=10748"}],"curies":[{"name":"wp","href":"https:\/\/api.w.org\/{rel}","templated":true}]}}