{"id":10672,"date":"2019-09-19T12:01:56","date_gmt":"2019-09-19T10:01:56","guid":{"rendered":"https:\/\/baselle.com\/?post_type=product&#038;p=10672"},"modified":"2020-04-27T01:35:02","modified_gmt":"2020-04-26T23:35:02","slug":"chanel-mini-reissue-camera-bag-10672","status":"publish","type":"product","link":"https:\/\/baselle.com\/en\/product\/chanel-mini-reissue-camera-bag-10672\/","title":{"rendered":"CHANEL Camera Bag"},"content":{"rendered":"<p><strong>CHANEL Mini Reissue Camera Bag Handtasche Beschreibung<\/strong><\/p>\n<p>Die originale CHANEL Mini Reissue Camera Bag Handtasche ist eine komfortable und kompakte Handtasche, die sich sowohl f\u00fcr untertags wie auch als Abendtasche eignet. Sie bietet Platz f\u00fcr Smartphone, ein kleines Portemonnaie, Schl\u00fcssel, Lippenstift und Taschenspiegel. Die Camera Bag ist aus gestepptem Kalbsleder in Vintage-Optik gefertigt und verf\u00fcgt \u00fcber gewebte Kettenriemen, ein aufgesetztes Mademoiselle-Turnlock und goldene Hardware-Akzente.<\/p>\n<p>Der Rei\u00dfverschluss \u00f6ffnet sich zu einem gleichfarbigen Lederfutter mit einem Steckfach. Die Mini Camera Bag kann \u00fcber der Schulter sowie Crossbody getragen werden, so dass maximaler Tragekomfort garantiert ist.<\/p>\n<p><strong>Excellent condition<\/strong><br \/>\nDiese CHANEL Mini Reissue Camera Bag Handtasche aus zweiter Hand ist insgesamt in einem hervorragenden Zustand. Das Kalbsleder ist in einem wundersch\u00f6nen Zustand, auch die Ecken lassen keinerlei Gebrauchspuren erkennen. Das Tascheninnere ist sauber, ohne Ger\u00fcche und weist keine L\u00f6cher\/Risse auf. Die goldfarbenen Hardware-Akzente sind ebenfalls in einem einwandfreien Zustand.<\/p>\n<p><strong>Style:<\/strong> Shoulder bag, crossbody<br \/>\n<strong>Size:<\/strong> Mini<br \/>\n<strong>Dimensions (approx.):<\/strong> Breite 18 cm * H\u00f6he 11 cm * Tiefe 6 cm<br \/>\n<strong>Shoulder chain:<\/strong> 123 cm<\/p>\n<p><strong>Exterior material:<\/strong> Kalbsleder in Vintage-Optik<br \/>\n<strong>Interior Material<\/strong> calfskin leather<\/p>\n<p>The pictures represent the offered bag. The picture rights are held by MyLovelyBoutique.com.<\/p>\n<p>Follow us on <a href=\"https:\/\/www.instagram.com\/mylovelyboutique.de\/\" target=\"_blank\" rel=\"noopener noreferrer\"><span style=\"color: #e0adea;\">Instagram<\/span><\/a> und lass Dich von unseren Outfit-Ideen inspirieren.<\/p>","protected":false},"excerpt":{"rendered":"<p>&nbsp;<\/p>\n<table class=\"mlb-product-details\">\n<tbody>\n<tr>\n<td class=\"mlb-details-caption\">Model<\/td>\n<td class=\"mlb-details-value\">Mini Reissue Camera Bag<\/td>\n<\/tr>\n<tr>\n<td class=\"mlb-details-caption\">Colour<\/td>\n<td class=\"mlb-details-value\">Dunkelrot<\/td>\n<\/tr>\n<tr>\n<td class=\"mlb-details-caption\">Hardware<\/td>\n<td class=\"mlb-details-value\">Gold<\/td>\n<\/tr>\n<tr>\n<td class=\"mlb-details-caption\">Year<\/td>\n<td class=\"mlb-details-value\">2018<\/td>\n<\/tr>\n<tr>\n<td class=\"mlb-details-caption\">Accessoires<\/td>\n<td class=\"mlb-details-value\">Dustbag, authenticity card, serialnumber with hologram<\/td>\n<\/tr>\n<tr>\n<td class=\"mlb-details-caption\">Condition<\/td>\n<td class=\"mlb-details-value\">Excellent condition<\/td>\n<\/tr>\n<\/tbody>\n<\/table>","protected":false},"featured_media":10674,"template":"","meta":[],"product_brand":[],"product_cat":[1430,87,154,86,99],"product_tag":[],"class_list":{"0":"post-10672","1":"product","2":"type-product","3":"status-publish","4":"has-post-thumbnail","6":"product_cat-chanel","7":"product_cat-crossbodytaschen","8":"product_cat-designer","9":"product_cat-kleinetaschen","10":"product_cat-taschen","11":"product_shipping_class-bis1000","13":"first","14":"outofstock","15":"sold-individually","16":"shipping-taxable","17":"purchasable","18":"product-type-simple"},"_links":{"self":[{"href":"https:\/\/baselle.com\/en\/wp-json\/wp\/v2\/product\/10672","targetHints":{"allow":["GET"]}}],"collection":[{"href":"https:\/\/baselle.com\/en\/wp-json\/wp\/v2\/product"}],"about":[{"href":"https:\/\/baselle.com\/en\/wp-json\/wp\/v2\/types\/product"}],"wp:featuredmedia":[{"embeddable":true,"href":"https:\/\/baselle.com\/en\/wp-json\/wp\/v2\/media\/10674"}],"wp:attachment":[{"href":"https:\/\/baselle.com\/en\/wp-json\/wp\/v2\/media?parent=10672"}],"wp:term":[{"taxonomy":"product_brand","embeddable":true,"href":"https:\/\/baselle.com\/en\/wp-json\/wp\/v2\/product_brand?post=10672"},{"taxonomy":"product_cat","embeddable":true,"href":"https:\/\/baselle.com\/en\/wp-json\/wp\/v2\/product_cat?post=10672"},{"taxonomy":"product_tag","embeddable":true,"href":"https:\/\/baselle.com\/en\/wp-json\/wp\/v2\/product_tag?post=10672"}],"curies":[{"name":"wp","href":"https:\/\/api.w.org\/{rel}","templated":true}]}}