{"id":10570,"date":"2019-09-09T16:02:47","date_gmt":"2019-09-09T14:02:47","guid":{"rendered":"https:\/\/baselle.com\/?post_type=product&#038;p=10570"},"modified":"2020-01-22T10:23:33","modified_gmt":"2020-01-22T09:23:33","slug":"louis-vuitton-zippy-coin-monogram-vernis-10570","status":"publish","type":"product","link":"https:\/\/baselle.com\/en\/product\/louis-vuitton-zippy-coin-monogram-vernis-10570\/","title":{"rendered":"Louis Vuitton Geldb\u00f6rse"},"content":{"rendered":"<p>\n<strong>Louis Vuitton Zippy Coin Mon. Vernis Geldb\u00f6rse Beschreibung<\/strong> <\/p>\n<p>Die originale Louis Vuitton Zippy Coin Mon. Vernis Geldb\u00f6rse eignet sich in ihrer kompakten Gr\u00f6\u00dfe ideal f\u00fcr den t\u00e4glichen Gebrauch. Sie bietet genug Platz f\u00fcr Kreditkarten, Kleingeld sowie gefaltete Geldscheine und passt hervorragend in jede kleine Handtasche.\n<\/p>\n<p>\n<strong>Very good condition:<\/strong><br \/>\nDiese Louis Vuitton Zippy Coin Mon. Vernis Geldb\u00f6rse aus zweiter Hand ist insgesamt in einem sehr guten Zustand. Das Monogram Vernis Leder ist in einem sch\u00f6nen gepflegten Zustand. Das Lederinnenfutter ist sauber und weist weder Flecken, Risse noch Ger\u00fcche auf.\n<\/p>\n<p>\n<strong>Wallet size:<\/strong>  small<br \/>\n<strong>Dimensions (approx.):<\/strong> Breite 11 cm * H\u00f6he 8,5 cm * Tiefe 2 cm\n<\/p>\n<p>\n<strong>Exterior material:<\/strong> Patent calfskin leather<br \/>\n<strong>Interior Material<\/strong> calfskin leather\n<\/p>\n<p>The pictures represent the offered wallet. The picture rights are held by MyLovelyBoutique.com. <\/p>\n<p>Follow us on <a href=\"https:\/\/www.instagram.com\/mylovelyboutique.de\/\" rel=\"noopener noreferrer\" target=\"_blank\"><span style=\"color: #e0adea\">Instagram<\/span><\/a> und lass Dich von unseren Outfit-Ideen inspirieren. <\/p>","protected":false},"excerpt":{"rendered":"<table class=\"mlb-product-details\">\n<tbody>\n<tr>\n<td class=\"mlb-details-caption\">Model<\/td>\n<td class=\"mlb-details-value\">Zippy Coin Purse Mon. Vernis Leder (M90143)<\/td>\n<\/tr>\n<tr>\n<td class=\"mlb-details-caption\">Colour<\/td>\n<td class=\"mlb-details-value\">Amethyste\/Lila<\/td>\n<\/tr>\n<tr>\n<td class=\"mlb-details-caption\">Hardware<\/td>\n<td class=\"mlb-details-value\">Gold<\/td>\n<\/tr>\n<tr>\n<td class=\"mlb-details-caption\">Year<\/td>\n<td class=\"mlb-details-value\">2014<\/td>\n<\/tr>\n<tr>\n<td class=\"mlb-details-caption\">Accessoires<\/td>\n<td class=\"mlb-details-value\">Dustbag<\/td>\n<\/tr>\n<tr>\n<td class=\"mlb-details-caption\">Condition<\/td>\n<td class=\"mlb-details-value\">Very good condition<\/td>\n<\/tr>\n<\/tbody>\n<\/table>","protected":false},"featured_media":10592,"template":"","meta":[],"product_brand":[],"product_cat":[57,89],"product_tag":[],"class_list":{"0":"post-10570","1":"product","2":"type-product","3":"status-publish","4":"has-post-thumbnail","6":"product_cat-accessories","7":"product_cat-portemonnaie","8":"product_shipping_class-0-500","10":"first","11":"outofstock","12":"sold-individually","13":"shipping-taxable","14":"purchasable","15":"product-type-simple"},"_links":{"self":[{"href":"https:\/\/baselle.com\/en\/wp-json\/wp\/v2\/product\/10570","targetHints":{"allow":["GET"]}}],"collection":[{"href":"https:\/\/baselle.com\/en\/wp-json\/wp\/v2\/product"}],"about":[{"href":"https:\/\/baselle.com\/en\/wp-json\/wp\/v2\/types\/product"}],"wp:featuredmedia":[{"embeddable":true,"href":"https:\/\/baselle.com\/en\/wp-json\/wp\/v2\/media\/10592"}],"wp:attachment":[{"href":"https:\/\/baselle.com\/en\/wp-json\/wp\/v2\/media?parent=10570"}],"wp:term":[{"taxonomy":"product_brand","embeddable":true,"href":"https:\/\/baselle.com\/en\/wp-json\/wp\/v2\/product_brand?post=10570"},{"taxonomy":"product_cat","embeddable":true,"href":"https:\/\/baselle.com\/en\/wp-json\/wp\/v2\/product_cat?post=10570"},{"taxonomy":"product_tag","embeddable":true,"href":"https:\/\/baselle.com\/en\/wp-json\/wp\/v2\/product_tag?post=10570"}],"curies":[{"name":"wp","href":"https:\/\/api.w.org\/{rel}","templated":true}]}}