{"id":10508,"date":"2019-08-13T18:45:49","date_gmt":"2019-08-13T16:45:49","guid":{"rendered":"https:\/\/baselle.com\/?post_type=product&#038;p=10508"},"modified":"2019-08-26T14:27:23","modified_gmt":"2019-08-26T12:27:23","slug":"chanel-timeless-tweed-strass-flap-bag-medium-10508","status":"publish","type":"product","link":"https:\/\/baselle.com\/en\/product\/chanel-timeless-tweed-strass-flap-bag-medium-10508\/","title":{"rendered":"CHANEL Tweed Flap Bag"},"content":{"rendered":"<p>\n<strong>CHANEL Timeless Tweed Strass Flap Bag Handtasche Beschreibung<\/strong><\/p>\n<p>Die originale CHANEL Timeless Tweed Strass Flap Bag Handtasche ist eine aufwendig verarbeitete Handtasche im typisch zeitlosen Stil von Chanel. Sie ist aus hochwertig gewebten Tweedstoff gefertigt und verf\u00fcgt \u00fcber gewebte Kettenriemen, einem CC-Turnlock und silberfarbener Hardware mit Ruthenium-Finish. Details wie die aufgesetzen Strasssteinchen sowie der repr\u00e4sentative CC-Turnlock-Verschluss pr\u00e4sentieren gekonnt die meisterhafte Handwerkskunst des Hauses. <\/p>\n<p>Der CC-Turnlock-Verschluss \u00f6ffnet sich zu einem schwarzen Innenfutter aus Stoff mit einem gro\u00dfen Rei\u00dfverschlussfach sowie einem Steckfach. Am Taschenr\u00fccken befindet sich ein weiteres aufgesetztes Steckfach. Diese CHANEL Tweed Flap Bag kann kurz sowie lang \u00fcber der Schulter getragen werden, so dass maximaler Tragekomfort garantiert ist.\n<\/p>\n<p>\n<strong>Very good condition:<\/strong><br \/>\nDiese CHANEL Timeless Tweed Strass Flap Bag Handtasche aus zweiter Hand ist insgesamt in einem sehr guten Zustand. Der Tweedstoff, das Tascheninnere sowie die silberne Hardware sind in einem sch\u00f6nen gepflegten Zustand. Das Tascheninnere ist sauber, ohne Ger\u00fcche und weist keine L\u00f6cher\/Risse auf.\n<\/p>\n<p>\n<strong>Style:<\/strong> Shoulder Bag<br \/>\n<strong>Size:<\/strong> Medium<br \/>\n<strong>Dimensions (approx.):<\/strong> Breite 25,5 cm * H\u00f6he 15,5 cm * Tiefe 7 cm<br \/>\n<strong>Strap length:<\/strong> einfach = 87 cm, doppelt = 53 cm\n<\/p>\n<p>\n<strong>Exterior material:<\/strong> Tweedstoff, Strasssteinchen<br \/>\n<strong>Interior Material<\/strong> fabric lining\n<\/p>\n<p>The pictures represent the offered bag. The picture rights are held by MyLovelyBoutique.com. <\/p>\n<p>Follow us on <a href=\"https:\/\/www.instagram.com\/mylovelyboutique.de\/\" rel=\"noopener noreferrer\" target=\"_blank\"><span style=\"color: #e0adea\">Instagram<\/span><\/a> und lass Dich von unseren Outfit-Ideen inspirieren. <\/p>","protected":false},"excerpt":{"rendered":"<br \/>\n<table class=\"mlb-product-details\">\n<tbody>\n<tr>\n<td class=\"mlb-details-caption\">Model<\/td>\n<td class=\"mlb-details-value\">Timeless Tweed Strass Flap Bag<\/td>\n<\/tr>\n<tr>\n<td class=\"mlb-details-caption\">Colour<\/td>\n<td class=\"mlb-details-value\">Grau\/Schwarz\/Wei\u00df<\/td>\n<\/tr>\n<tr>\n<td class=\"mlb-details-caption\">Hardware<\/td>\n<td class=\"mlb-details-value\">Silver with ruthenium finish<\/td>\n<\/tr>\n<tr>\n<td class=\"mlb-details-caption\">Year<\/td>\n<td class=\"mlb-details-value\">2013<\/td>\n<\/tr>\n<tr>\n<td class=\"mlb-details-caption\">Accessoires<\/td>\n<td class=\"mlb-details-value\">Box, dustbag, serialnumber with hologram<\/td>\n<\/tr>\n<tr>\n<td class=\"mlb-details-caption\">Condition<\/td>\n<td class=\"mlb-details-value\">Very good condition<\/td>\n<\/tr>\n<\/tbody>\n<\/table>","protected":false},"featured_media":10510,"template":"","meta":[],"product_brand":[],"product_cat":[1430,154,85,99],"product_tag":[],"class_list":{"0":"post-10508","1":"product","2":"type-product","3":"status-publish","4":"has-post-thumbnail","6":"product_cat-chanel","7":"product_cat-designer","8":"product_cat-schultertaschen","9":"product_cat-taschen","11":"first","12":"outofstock","13":"sold-individually","14":"shipping-taxable","15":"purchasable","16":"product-type-simple"},"_links":{"self":[{"href":"https:\/\/baselle.com\/en\/wp-json\/wp\/v2\/product\/10508","targetHints":{"allow":["GET"]}}],"collection":[{"href":"https:\/\/baselle.com\/en\/wp-json\/wp\/v2\/product"}],"about":[{"href":"https:\/\/baselle.com\/en\/wp-json\/wp\/v2\/types\/product"}],"wp:featuredmedia":[{"embeddable":true,"href":"https:\/\/baselle.com\/en\/wp-json\/wp\/v2\/media\/10510"}],"wp:attachment":[{"href":"https:\/\/baselle.com\/en\/wp-json\/wp\/v2\/media?parent=10508"}],"wp:term":[{"taxonomy":"product_brand","embeddable":true,"href":"https:\/\/baselle.com\/en\/wp-json\/wp\/v2\/product_brand?post=10508"},{"taxonomy":"product_cat","embeddable":true,"href":"https:\/\/baselle.com\/en\/wp-json\/wp\/v2\/product_cat?post=10508"},{"taxonomy":"product_tag","embeddable":true,"href":"https:\/\/baselle.com\/en\/wp-json\/wp\/v2\/product_tag?post=10508"}],"curies":[{"name":"wp","href":"https:\/\/api.w.org\/{rel}","templated":true}]}}