{"id":10498,"date":"2019-08-12T20:12:55","date_gmt":"2019-08-12T18:12:55","guid":{"rendered":"https:\/\/baselle.com\/?post_type=product&#038;p=10498"},"modified":"2019-08-26T14:27:31","modified_gmt":"2019-08-26T12:27:31","slug":"louis-vuitton-palm-springs-backpack-mm-monogram-canvas-10498","status":"publish","type":"product","link":"https:\/\/baselle.com\/en\/product\/louis-vuitton-palm-springs-backpack-mm-monogram-canvas-10498\/","title":{"rendered":"Louis Vuitton Palm Springs MM"},"content":{"rendered":"<p>\n<strong>Louis Vuitton Palm Springs Backpack MM Beschreibung<\/strong><\/p>\n<p>Der originale Louis Vuitton Palm Springs Backpack MM ist ein sehr gefragtes Favourite-Piece aus der Cruise Collection 2016. Die Kombination aus sportlichem Design mit moderner Funktionalit\u00e4t machen aus diesem Rucksack den perfekten City-Begleiter. Er ist aus Monogram beschichtetem Canvas gefertigt und verf\u00fcgt \u00fcber schwarze Kalbsleder-Akzente, einen gepolstertem Ledergriff, eine Schalschlaufe und goldfarbene Hardware. Die gepolsterten Schulterriemen sind verstellbar und garantieren Dir maximalen Tragekomfort im Alltag.<\/p>\n<p>Der Doppel-Rei\u00dfverschluss \u00f6ffnet sich zu einem schwarzen Innenraum aus Nylon mit einem Steckfach. Zus\u00e4tzlichen Stauraum bietet das aufgesetzte Rei\u00dfverschlussfach auf der Vorderseite des Palm Springs Rucksacks.\n<\/p>\n<p>\n<strong>Excellent condition<\/strong><br \/>\nDieser Louis Vuitton Palm Springs Backpack MM aus zweiter Hand ist insgesamt in einem hervorragenden Zustand. Er wurde nur sehr wenig getragen, weshalb das beschichtete Canvas sowie die Kalbsleder-Bes\u00e4tze und die goldfarbene Hardware in einem einwandfreien Zustand sind. Auch das Tascheninnere ist sauber und weist keine L\u00f6cher\/Risse auf.\n<\/p>\n<p>\n<strong>Style:<\/strong> Backpack<br \/>\n<strong>Size:<\/strong> MM<br \/>\n<strong>Dimensions (approx.):<\/strong> Breite 30 cm * H\u00f6he 33 cm * Tiefe 16 cm\n<\/p>\n<p>\n<strong>Exterior material:<\/strong> Monogram Canvas, Kalbsleder<br \/>\n<strong>Interior Material<\/strong> Nylon\n<\/p>\n<p>The pictures represent the offered bag. The picture rights are held by MyLovelyBoutique.com.<\/p>\n<p>Follow us on <a href=\"https:\/\/www.instagram.com\/mylovelyboutique.de\/\" target=\"_blank\" rel=\"noopener noreferrer\"><span style=\"color: #e0adea\">Instagram<\/span><\/a> und lass Dich von unseren Outfit-Ideen inspirieren.<\/p>","protected":false},"excerpt":{"rendered":"<table class=\"mlb-product-details\">\n<tbody>\n<tr>\n<td class=\"mlb-details-caption\">Model<\/td>\n<td class=\"mlb-details-value\">Palm Springs MM Backpack Monogram Canvas<\/td>\n<\/tr>\n<tr>\n<td class=\"mlb-details-caption\">Colour<\/td>\n<td class=\"mlb-details-value\">Brown<\/td>\n<\/tr>\n<tr>\n<td class=\"mlb-details-caption\">Hardware<\/td>\n<td class=\"mlb-details-value\">Gold<\/td>\n<\/tr>\n<tr>\n<td class=\"mlb-details-caption\">Year<\/td>\n<td class=\"mlb-details-value\">2016<\/td>\n<\/tr>\n<tr>\n<td class=\"mlb-details-caption\">Accessoires<\/td>\n<td class=\"mlb-details-value\">Dustbag<\/td>\n<\/tr>\n<tr>\n<td class=\"mlb-details-caption\">Condition<\/td>\n<td class=\"mlb-details-value\">Excellent condition<\/td>\n<\/tr>\n<\/tbody>\n<\/table>","protected":false},"featured_media":10500,"template":"","meta":[],"product_brand":[],"product_cat":[154,1431,88,99],"product_tag":[],"class_list":{"0":"post-10498","1":"product","2":"type-product","3":"status-publish","4":"has-post-thumbnail","6":"product_cat-designer","7":"product_cat-louisvuitton","8":"product_cat-rucksaecke","9":"product_cat-taschen","10":"product_shipping_class-bis1000","12":"first","13":"outofstock","14":"sold-individually","15":"shipping-taxable","16":"purchasable","17":"product-type-simple"},"_links":{"self":[{"href":"https:\/\/baselle.com\/en\/wp-json\/wp\/v2\/product\/10498","targetHints":{"allow":["GET"]}}],"collection":[{"href":"https:\/\/baselle.com\/en\/wp-json\/wp\/v2\/product"}],"about":[{"href":"https:\/\/baselle.com\/en\/wp-json\/wp\/v2\/types\/product"}],"wp:featuredmedia":[{"embeddable":true,"href":"https:\/\/baselle.com\/en\/wp-json\/wp\/v2\/media\/10500"}],"wp:attachment":[{"href":"https:\/\/baselle.com\/en\/wp-json\/wp\/v2\/media?parent=10498"}],"wp:term":[{"taxonomy":"product_brand","embeddable":true,"href":"https:\/\/baselle.com\/en\/wp-json\/wp\/v2\/product_brand?post=10498"},{"taxonomy":"product_cat","embeddable":true,"href":"https:\/\/baselle.com\/en\/wp-json\/wp\/v2\/product_cat?post=10498"},{"taxonomy":"product_tag","embeddable":true,"href":"https:\/\/baselle.com\/en\/wp-json\/wp\/v2\/product_tag?post=10498"}],"curies":[{"name":"wp","href":"https:\/\/api.w.org\/{rel}","templated":true}]}}