{"id":10469,"date":"2019-08-11T19:11:23","date_gmt":"2019-08-11T17:11:23","guid":{"rendered":"https:\/\/baselle.com\/?post_type=product&#038;p=10469"},"modified":"2019-11-06T19:12:05","modified_gmt":"2019-11-06T18:12:05","slug":"chanel-timeless-maxi-single-flap-bag-10469","status":"publish","type":"product","link":"https:\/\/baselle.com\/en\/product\/chanel-timeless-maxi-single-flap-bag-10469\/","title":{"rendered":"CHANEL Timeless Maxi"},"content":{"rendered":"<p>\n<strong>CHANEL Timeless Maxi Single Flap Bag Handtasche Beschreibung<\/strong><\/p>\n<p>Die originale CHANEL Timeless Maxi Single Flap Bag Handtasche ist eine schicke und klassische Tasche im typisch zeitlosen Stil von Chanel. In ihrer Gr\u00f6\u00dfe bietet sie genug Platz f\u00fcr alles, was &#8220;Frau&#8221; braucht und eignet sich daher perfekt f\u00fcr ausgewogene Shopping-Tage oder f\u00fcr die Arbeit. Die Timeless ist aus genarbten Kalbsleder gefertigt und verf\u00fcgt \u00fcber gewebte Kettenriemen, einem CC-Turnlock und silberne Hardware-Akzente.<\/p>\n<p>Der CC-Turnlock-Verschluss \u00f6ffnet sich zu einem braunen Lederfutter, aufgeteilt in ein Hauptfach, ein Steckfach und ein Rei\u00dfverschlussfach. Am Taschenr\u00fccken befindet sich ein weiteres aufgesetztes Steckfach. Die Maxi Single Flap Bag kann \u00fcber der Schulter sowie crossbody getragen werden, so dass maximaler Tragekomfort garantiert ist. Eine komfortable und elegante Handtasche, die zu Chanels beliebten Klassikern z\u00e4hlt.\n<\/p>\n<p>\n<strong>Very good condition:<\/strong><br \/>\nDiese CHANEL Timeless Maxi Single Flap Bag Handtasche aus zweiter Hand ist insgesamt in einem sehr guten Zustand. Die Tasche wurde selten und mit Sorgfalt getragen, weshalb das Kalbsleder in einem sehr gepflegten Zustand ist. Das Tascheninnere ist sauber, ohne Ger\u00fcche und weist keine L\u00f6cher\/Risse auf. Die silbernen Hardware-Akzente sind in einem sch\u00f6nen gl\u00e4nzenden Zustand.\n<\/p>\n<p>\n<strong>Style:<\/strong> Shoulder bag, crossbody<br \/>\n<strong>Size:<\/strong> Maxi<br \/>\n<strong>Dimensions (approx.):<\/strong> Breite 33 cm * H\u00f6he 23 cm * Tiefe 10 cm<br \/>\n<strong>Shoulder chain:<\/strong> einfach = 104 cm, doppelt = 65 cm\n<\/p>\n<p>\n<strong>Exterior material:<\/strong> calfskin leather<br \/>\n<strong>Interior Material<\/strong> leather\n<\/p>\n<p>The pictures represent the offered bag. The picture rights are held by MyLovelyBoutique.com. <\/p>\n<p>Follow us on <a href=\"https:\/\/www.instagram.com\/mylovelyboutique.de\/\" rel=\"noopener noreferrer\" target=\"_blank\"><span style=\"color: #e0adea\">Instagram<\/span><\/a> und lass Dich von unseren Outfit-Ideen inspirieren. <\/p>","protected":false},"excerpt":{"rendered":"<table class=\"mlb-product-details\">\n<tbody>\n<tr>\n<td class=\"mlb-details-caption\">Model<\/td>\n<td class=\"mlb-details-value\">Timeless Maxi Single Flap Bag<\/td>\n<\/tr>\n<tr>\n<td class=\"mlb-details-caption\">Colour<\/td>\n<td class=\"mlb-details-value\">Brown<\/td>\n<\/tr>\n<tr>\n<td class=\"mlb-details-caption\">Hardware<\/td>\n<td class=\"mlb-details-value\">Silver<\/td>\n<\/tr>\n<tr>\n<td class=\"mlb-details-caption\">Year<\/td>\n<td class=\"mlb-details-value\">2011<\/td>\n<\/tr>\n<tr>\n<td class=\"mlb-details-caption\">Accessoires<\/td>\n<td class=\"mlb-details-value\">Dustbag, authenticity card, serialnumber with hologram<\/td>\n<\/tr>\n<tr>\n<td class=\"mlb-details-caption\">Condition<\/td>\n<td class=\"mlb-details-value\">Very good condition<\/td>\n<\/tr>\n<\/tbody>\n<\/table>","protected":false},"featured_media":10470,"template":"","meta":[],"product_brand":[],"product_cat":[1430,87,154,85,99],"product_tag":[102],"class_list":{"0":"post-10469","1":"product","2":"type-product","3":"status-publish","4":"has-post-thumbnail","6":"product_cat-chanel","7":"product_cat-crossbodytaschen","8":"product_cat-designer","9":"product_cat-schultertaschen","10":"product_cat-taschen","11":"product_tag-sale","13":"first","14":"outofstock","15":"sale","16":"sold-individually","17":"shipping-taxable","18":"purchasable","19":"product-type-simple"},"_links":{"self":[{"href":"https:\/\/baselle.com\/en\/wp-json\/wp\/v2\/product\/10469","targetHints":{"allow":["GET"]}}],"collection":[{"href":"https:\/\/baselle.com\/en\/wp-json\/wp\/v2\/product"}],"about":[{"href":"https:\/\/baselle.com\/en\/wp-json\/wp\/v2\/types\/product"}],"wp:featuredmedia":[{"embeddable":true,"href":"https:\/\/baselle.com\/en\/wp-json\/wp\/v2\/media\/10470"}],"wp:attachment":[{"href":"https:\/\/baselle.com\/en\/wp-json\/wp\/v2\/media?parent=10469"}],"wp:term":[{"taxonomy":"product_brand","embeddable":true,"href":"https:\/\/baselle.com\/en\/wp-json\/wp\/v2\/product_brand?post=10469"},{"taxonomy":"product_cat","embeddable":true,"href":"https:\/\/baselle.com\/en\/wp-json\/wp\/v2\/product_cat?post=10469"},{"taxonomy":"product_tag","embeddable":true,"href":"https:\/\/baselle.com\/en\/wp-json\/wp\/v2\/product_tag?post=10469"}],"curies":[{"name":"wp","href":"https:\/\/api.w.org\/{rel}","templated":true}]}}