{"id":10468,"date":"2019-08-11T20:25:43","date_gmt":"2019-08-11T18:25:43","guid":{"rendered":"https:\/\/baselle.com\/?post_type=product&#038;p=10468"},"modified":"2021-10-28T17:16:32","modified_gmt":"2021-10-28T15:16:32","slug":"louis-vuitton-city-steamer-pm-rubis-10468","status":"publish","type":"product","link":"https:\/\/baselle.com\/en\/product\/louis-vuitton-city-steamer-pm-rubis-10468\/","title":{"rendered":"Louis Vuitton City Steamer"},"content":{"rendered":"<p>\n<strong>Louis Vuitton City Steamer PM Description<\/strong><\/p>\n<p>Die originale Louis Vuitton City Steamer PM Leder Handtasche ist die perfekte Tasche f\u00fcr die Business-Frau: Sie ist elegant, schlicht und dennoch ein Highlight zu jedem Outfit. Diese moderne Tasche ist aus rubinrotem Taurillon Leder gefertigt und verf\u00fcgt \u00fcber doppelt gerollte Ledergriffe, ein zentrales Frontschloss mit Gravur, einen Adressanh\u00e4nger, sch\u00fctzende Taschenf\u00fc\u00dfchen und silberfarbene Hardware-Akzente. <\/p>\n<p>Das rote Lederfutter mit Hakenverschluss umfasst ein hinteres Rei\u00dfverschlussfach und ein Steckfach f\u00fcr die Aufbewahrung von Dingen des t\u00e4glichen Bedarfs. Zudem befindet sich ein weiteres Steckfach f\u00fcr wichtige Dokumente vor dem Hauptfach und l\u00e4sst sich durch Aufschlie\u00dfen des LV-H\u00e4ngeschloss \u00f6ffnen. <\/p>\n<p>Die Louis Vuitton City Steamer Tote Bag kann an der Hand oder durch den abnehmbaren Schulterriemen bequem \u00fcber der Schulter sowie crossbody getragen werden.\n<\/p>\n<p>\n<strong>Excellent condition<\/strong><br \/>\nDiese Louis Vuitton City Steamer PM Handtasche aus zweiter Hand ist insgesamt in einem hervorragenden Zustand. Die Tasche wurde kaum und mit gro\u00dfer Sorgfalt getragen. Dementsprechend sind das Taurillon Leder sowie die silberfarbene Hardware in einem sehr gepflegten Zustand. Auch das Tascheninnere ist sauber, ohne Ger\u00fcche und weist keine L\u00f6cher\/Risse auf.\n<\/p>\n<p>\n<strong>Style:<\/strong> Hand-\/Schultertasche\/Tote\/Shopper<br \/>\n<strong>Size:<\/strong> PM<br \/>\n<strong>Dimensions (approx.):<\/strong> width 26,5 cm * height 23 cm * depth 13 cm<br \/>\n<strong>Strap length:<\/strong> 110 cm\n<\/p>\n<p>\n<strong>Exterior material:<\/strong> Taurillon Leder<br \/>\n<strong>Interior Material<\/strong> cowhide leather\n<\/p>\n<p>The pictures represent the offered bag. The picture rights are held by MyLovelyBoutique.com.<\/p>\n<p>Follow us on <a href=\"https:\/\/www.instagram.com\/mylovelyboutique.de\/\" target=\"_blank\" rel=\"noopener noreferrer\"><span style=\"color: #e0adea\">Instagram<\/span><\/a> und lass Dich von unseren Outfit-Ideen inspirieren.<\/p>","protected":false},"excerpt":{"rendered":"<table class=\"mlb-product-details\">\n<tbody>\n<tr>\n<td class=\"mlb-details-caption\">Model<\/td>\n<td class=\"mlb-details-value\">Louis Vuitton City Steamer Tote PM (M53029)<\/td>\n<\/tr>\n<tr>\n<td class=\"mlb-details-caption\">Colour<\/td>\n<td class=\"mlb-details-value\">Rubis\/Rubinrot<\/td>\n<\/tr>\n<tr>\n<td class=\"mlb-details-caption\">Hardware<\/td>\n<td class=\"mlb-details-value\">Silver<\/td>\n<\/tr>\n<tr>\n<td class=\"mlb-details-caption\">Year<\/td>\n<td class=\"mlb-details-value\">2016<\/td>\n<\/tr>\n<tr>\n<td class=\"mlb-details-caption\">Accessoires<\/td>\n<td class=\"mlb-details-value\">LV-Rechnung, Staubbeutel, Schulterriemen, Schloss + Schl\u00fcssel, Adressanh\u00e4nger, LV-Materialinfo<\/td>\n<\/tr>\n<tr>\n<td class=\"mlb-details-caption\">Condition<\/td>\n<td class=\"mlb-details-value\">Excellent condition<\/td>\n<\/tr>\n<\/tbody>\n<\/table>","protected":false},"featured_media":12928,"template":"","meta":[],"product_brand":[],"product_cat":[87,154,68,1431,85,99],"product_tag":[],"class_list":{"0":"post-10468","1":"product","2":"type-product","3":"status-publish","4":"has-post-thumbnail","6":"product_cat-crossbodytaschen","7":"product_cat-designer","8":"product_cat-handtaschen","9":"product_cat-louisvuitton","10":"product_cat-schultertaschen","11":"product_cat-taschen","12":"product_shipping_class-bis1000","14":"first","15":"outofstock","16":"sold-individually","17":"shipping-taxable","18":"purchasable","19":"product-type-simple"},"_links":{"self":[{"href":"https:\/\/baselle.com\/en\/wp-json\/wp\/v2\/product\/10468","targetHints":{"allow":["GET"]}}],"collection":[{"href":"https:\/\/baselle.com\/en\/wp-json\/wp\/v2\/product"}],"about":[{"href":"https:\/\/baselle.com\/en\/wp-json\/wp\/v2\/types\/product"}],"wp:featuredmedia":[{"embeddable":true,"href":"https:\/\/baselle.com\/en\/wp-json\/wp\/v2\/media\/12928"}],"wp:attachment":[{"href":"https:\/\/baselle.com\/en\/wp-json\/wp\/v2\/media?parent=10468"}],"wp:term":[{"taxonomy":"product_brand","embeddable":true,"href":"https:\/\/baselle.com\/en\/wp-json\/wp\/v2\/product_brand?post=10468"},{"taxonomy":"product_cat","embeddable":true,"href":"https:\/\/baselle.com\/en\/wp-json\/wp\/v2\/product_cat?post=10468"},{"taxonomy":"product_tag","embeddable":true,"href":"https:\/\/baselle.com\/en\/wp-json\/wp\/v2\/product_tag?post=10468"}],"curies":[{"name":"wp","href":"https:\/\/api.w.org\/{rel}","templated":true}]}}