{"id":10467,"date":"2019-08-12T11:30:36","date_gmt":"2019-08-12T09:30:36","guid":{"rendered":"https:\/\/baselle.com\/?post_type=product&#038;p=10467"},"modified":"2020-06-27T19:20:20","modified_gmt":"2020-06-27T17:20:20","slug":"louis-vuitton-saint-cloud-rose-ballerine-10467","status":"publish","type":"product","link":"https:\/\/baselle.com\/en\/product\/louis-vuitton-saint-cloud-rose-ballerine-10467\/","title":{"rendered":"Louis Vuitton Saint Cloud"},"content":{"rendered":"<p>\n<strong>Louis Vuitton Saint Cloud Epi Leder Handtasche Beschreibung<\/strong> <\/p>\n<p>Die originale Louis Vuitton Saint Cloud Epi Leder Handtasche ist ein elegantes Lieblingsst\u00fcck f\u00fcr den t\u00e4glichen Gebrauch. Durch die schlichte Form und dem kompakten Interieur ist dieses raffinierte Modell ein praktischer und stylischer Alltagsbegleiter. Sie ist aus robustem Epi-Leder in Rose Ballerine gefertigt und verf\u00fcgt \u00fcber eine rundliche Silhouette. Weitere Merkmale dieses Modells sind der verspielte Quastenanh\u00e4nger aus Leder, das dezente LV-Logo sowie silberfarbene Hardware Akzente. Zudem garantiert der in der L\u00e4nge verstellbare Schultergurt maximalen Tragekomfort im Alltag. <\/p>\n<p>Durch den Magnetverschluss l\u00e4sst sich die Louis Vuitton Saint Cloud zu einem braunen Innenfutter aus Mikrofaser \u00f6ffnen. Im Tascheninneren befindt sich ein Einsteckfach, das sich perfekt f\u00fcr das Aufbewahren Deiner wichtigsten Dinge eignet. Ein weiteres Steckfach befindet sich am Taschenr\u00fccken.\n<\/p>\n<p>\n<strong>Mint condition<\/strong><br \/>\nDiese Louis Vuitton Saint Cloud Epi Leder Handtasche aus zweiter Hand ist in einem neuwertigen Zustand. Das Epi Rindsleder, das Tascheninnere sowie die silberfarbene Hardware sind daher in einem einwandfreien Zustand.\n<\/p>\n<p>\n<strong>Style:<\/strong> Schultertasche\/Crossbody\/Handtasche<br \/>\n<strong>Size:<\/strong> NM<br \/>\n<strong>Dimensions (approx.):<\/strong> Breite 23,5 cm * H\u00f6he 20 cm * Tiefe 8 cm\n<\/p>\n<p>\n<strong>Exterior material:<\/strong> Genarbtes Epi Rindsleder<br \/>\n<strong>Interior Material<\/strong> microfibre lining\n<\/p>\n<p>Die Bilder stellen die angebotene Tasche dar und sind Eigentum von MyLovelyBoutique. <\/p>\n<p>Follow us on <a href=\"https:\/\/www.instagram.com\/mylovelyboutique.de\/\" rel=\"noopener noreferrer\" target=\"_blank\"><span style=\"color: #e0adea\">Instagram<\/span><\/a> und lass Dich von unseren Outfit-Ideen inspirieren. <\/p>","protected":false},"excerpt":{"rendered":"<table class=\"mlb-product-details\">\n<tbody>\n<tr>\n<td class=\"mlb-details-caption\">Model<\/td>\n<td class=\"mlb-details-value\">Saint Cloud Epi Leder Rose Ballerine<\/td>\n<\/tr>\n<tr>\n<td class=\"mlb-details-caption\">Colour<\/td>\n<td class=\"mlb-details-value\">Rose Ballerine<\/td>\n<\/tr>\n<tr>\n<td class=\"mlb-details-caption\">Hardware<\/td>\n<td class=\"mlb-details-value\">Silver<\/td>\n<\/tr>\n<tr>\n<td class=\"mlb-details-caption\">Year<\/td>\n<td class=\"mlb-details-value\">2017<\/td>\n<\/tr>\n<tr>\n<td class=\"mlb-details-caption\">Accessoires<\/td>\n<td class=\"mlb-details-value\">Dustbag<\/td>\n<\/tr>\n<tr>\n<td class=\"mlb-details-caption\">Condition<\/td>\n<td class=\"mlb-details-value\">Mint condition<\/td>\n<\/tr>\n<\/tbody>\n<\/table>","protected":false},"featured_media":10490,"template":"","meta":[],"product_brand":[],"product_cat":[87,154,86,1431,85,99],"product_tag":[],"class_list":{"0":"post-10467","1":"product","2":"type-product","3":"status-publish","4":"has-post-thumbnail","6":"product_cat-crossbodytaschen","7":"product_cat-designer","8":"product_cat-kleinetaschen","9":"product_cat-louisvuitton","10":"product_cat-schultertaschen","11":"product_cat-taschen","12":"product_shipping_class-bis1000","14":"first","15":"outofstock","16":"sold-individually","17":"shipping-taxable","18":"purchasable","19":"product-type-simple"},"_links":{"self":[{"href":"https:\/\/baselle.com\/en\/wp-json\/wp\/v2\/product\/10467","targetHints":{"allow":["GET"]}}],"collection":[{"href":"https:\/\/baselle.com\/en\/wp-json\/wp\/v2\/product"}],"about":[{"href":"https:\/\/baselle.com\/en\/wp-json\/wp\/v2\/types\/product"}],"wp:featuredmedia":[{"embeddable":true,"href":"https:\/\/baselle.com\/en\/wp-json\/wp\/v2\/media\/10490"}],"wp:attachment":[{"href":"https:\/\/baselle.com\/en\/wp-json\/wp\/v2\/media?parent=10467"}],"wp:term":[{"taxonomy":"product_brand","embeddable":true,"href":"https:\/\/baselle.com\/en\/wp-json\/wp\/v2\/product_brand?post=10467"},{"taxonomy":"product_cat","embeddable":true,"href":"https:\/\/baselle.com\/en\/wp-json\/wp\/v2\/product_cat?post=10467"},{"taxonomy":"product_tag","embeddable":true,"href":"https:\/\/baselle.com\/en\/wp-json\/wp\/v2\/product_tag?post=10467"}],"curies":[{"name":"wp","href":"https:\/\/api.w.org\/{rel}","templated":true}]}}