{"id":10421,"date":"2019-08-09T13:40:45","date_gmt":"2019-08-09T11:40:45","guid":{"rendered":"https:\/\/baselle.com\/?post_type=product&#038;p=10421"},"modified":"2019-10-05T10:46:15","modified_gmt":"2019-10-05T08:46:15","slug":"chanel-grosse-reissverschlussbrieftasche-10421","status":"publish","type":"product","link":"https:\/\/baselle.com\/en\/product\/chanel-grosse-reissverschlussbrieftasche-10421\/","title":{"rendered":"CHANEL Portemonnaie"},"content":{"rendered":"<p>\n<strong>CHANEL Gro\u00dfe Rei\u00dfverschlussbrieftasche Beschreibung<\/strong> <\/p>\n<p>Die originale CHANEL Gro\u00dfe Rei\u00dfverschlussbrieftasche bietet ausreichend Platz f\u00fcr Kreditkarten, Kleingeld sowie Geldscheine und l\u00e4sst sich durch einen praktischen Rundum-Zipper \u00f6ffnen.\n<\/p>\n<p>\n<strong>Mint condition<\/strong><br \/>\nDiese CHANEL Gro\u00dfe Rei\u00dfverschlussbrieftasche aus zweiter Hand ist ungetragen und daher in einem neuwertigen Zustand.\n<\/p>\n<p>\n<strong>Wallet size:<\/strong>  Gro\u00df<br \/>\n<strong>Dimensions (approx.):<\/strong> Breite 20 cm * H\u00f6he 12,5 cm * Tiefe 2 cm\n<\/p>\n<p>\n<strong>Exterior material:<\/strong> Patent leather<br \/>\n<strong>Interior Material<\/strong> leather\n<\/p>\n<p>The pictures represent the offered wallet. The picture rights are held by MyLovelyBoutique.com. <\/p>\n<p>Follow us on <a href=\"https:\/\/www.instagram.com\/mylovelyboutique.de\/\" rel=\"noopener noreferrer\" target=\"_blank\"><span style=\"color: #e0adea\">Instagram<\/span><\/a> und lass Dich von unseren Outfit-Ideen inspirieren. <\/p>","protected":false},"excerpt":{"rendered":"<table class=\"mlb-product-details\">\n<tbody>\n<tr>\n<td class=\"mlb-details-caption\">Model<\/td>\n<td class=\"mlb-details-value\">Gro\u00dfe Rei\u00dfverschlussbrieftasche<\/td>\n<\/tr>\n<tr>\n<td class=\"mlb-details-caption\">Colour<\/td>\n<td class=\"mlb-details-value\">Black<\/td>\n<\/tr>\n<tr>\n<td class=\"mlb-details-caption\">Hardware<\/td>\n<td class=\"mlb-details-value\">Silver<\/td>\n<\/tr>\n<tr>\n<td class=\"mlb-details-caption\">Year<\/td>\n<td class=\"mlb-details-value\">2010<\/td>\n<\/tr>\n<tr>\n<td class=\"mlb-details-caption\">Accessoires<\/td>\n<td class=\"mlb-details-value\">Dustbag, authenticity card, serialnumber with hologram<\/td>\n<\/tr>\n<tr>\n<td class=\"mlb-details-caption\">Condition<\/td>\n<td class=\"mlb-details-value\">Mint condition<\/td>\n<\/tr>\n<\/tbody>\n<\/table>","protected":false},"featured_media":10422,"template":"","meta":[],"product_brand":[],"product_cat":[57,1430,154,89],"product_tag":[],"class_list":{"0":"post-10421","1":"product","2":"type-product","3":"status-publish","4":"has-post-thumbnail","6":"product_cat-accessories","7":"product_cat-chanel","8":"product_cat-designer","9":"product_cat-portemonnaie","10":"product_shipping_class-0-500","12":"first","13":"outofstock","14":"sold-individually","15":"shipping-taxable","16":"purchasable","17":"product-type-simple"},"_links":{"self":[{"href":"https:\/\/baselle.com\/en\/wp-json\/wp\/v2\/product\/10421","targetHints":{"allow":["GET"]}}],"collection":[{"href":"https:\/\/baselle.com\/en\/wp-json\/wp\/v2\/product"}],"about":[{"href":"https:\/\/baselle.com\/en\/wp-json\/wp\/v2\/types\/product"}],"wp:featuredmedia":[{"embeddable":true,"href":"https:\/\/baselle.com\/en\/wp-json\/wp\/v2\/media\/10422"}],"wp:attachment":[{"href":"https:\/\/baselle.com\/en\/wp-json\/wp\/v2\/media?parent=10421"}],"wp:term":[{"taxonomy":"product_brand","embeddable":true,"href":"https:\/\/baselle.com\/en\/wp-json\/wp\/v2\/product_brand?post=10421"},{"taxonomy":"product_cat","embeddable":true,"href":"https:\/\/baselle.com\/en\/wp-json\/wp\/v2\/product_cat?post=10421"},{"taxonomy":"product_tag","embeddable":true,"href":"https:\/\/baselle.com\/en\/wp-json\/wp\/v2\/product_tag?post=10421"}],"curies":[{"name":"wp","href":"https:\/\/api.w.org\/{rel}","templated":true}]}}