{"id":10410,"date":"2019-07-29T13:46:58","date_gmt":"2019-07-29T11:46:58","guid":{"rendered":"https:\/\/baselle.com\/?post_type=product&#038;p=10410"},"modified":"2019-08-19T10:34:05","modified_gmt":"2019-08-19T08:34:05","slug":"louis-vuitton-pallas-chain-monogram-canvas-10410","status":"publish","type":"product","link":"https:\/\/baselle.com\/en\/product\/louis-vuitton-pallas-chain-monogram-canvas-10410\/","title":{"rendered":"Louis Vuitton Pallas Chain"},"content":{"rendered":"<p>\n<strong>Louis Vuitton Pallas Chain Monogram Canvas<\/strong><\/p>\n<p>Die originale Louis Vuitton Pallas Chain Monogram Canvas Handtasche ist eine schicke Lieblingstasche f\u00fcr die moderne Frau. Dieses Modell ist aus Monogram beschichtetem Canvas und schwarzem Kalbsleder gefertigt und verf\u00fcgt \u00fcber hinten aufgesetzten Nieten mit LV-Gravur sowie eine goldfarbene Schulterkette. <\/p>\n<p>Der ikonische S-Verschluss \u00f6ffnet sich zu einem schwarzen Mikrofaserinnenfutter mit einem Rei\u00dfverschlussmittelfach, einem Steckfach und einem vorne aufgesetzten Steckfach. Die Pallas Chain kann kurz sowie lang \u00fcber der Schulter oder Crossbody getragen werden, so dass maximaler Tragekomfort garantiert ist. Eine wundersch\u00f6ne Handtasche, die sowohl zu jeder Jahreszeit sowie zu vielen Anl\u00e4ssen getragen werden kann.\n<\/p>\n<p>\n<strong>Excellent condition<\/strong><br \/>\nDiese Louis Vuitton Pallas Chain Monogram Canvas Handtasche aus zweiter Hand ist insgesamt in einem hervorragenden Zustand. Das Canvas, das Kalbsleder sowie die goldfarbene Hardware sind in einem sehr sch\u00f6nen gepflegten Zustand. Das Tascheninnere ist sauber, ohne Ger\u00fcche und weist keine L\u00f6cher\/Risse auf.\n<\/p>\n<p>\n<strong>Style:<\/strong> Shoulder bag, crossbody<br \/>\n<strong>Size:<\/strong> PM<br \/>\n<strong>Dimensions (approx.):<\/strong> width 27 cm * height 17 cm * depth 6 cm<br \/>\n<strong>Shoulder strap (approx.)<\/strong> double = 67 cm; single = 116 cm\n<\/p>\n<p>\n<strong>Exterior material:<\/strong> Canvas, calfskin leather<br \/>\n<strong>Interior Material<\/strong> microfibre lining\n<\/p>\n<p>The pictures represent the offered bag. The picture rights are held by MyLovelyBoutique.com. <\/p>\n<p>Follow us on <a href=\"https:\/\/www.instagram.com\/mylovelyboutique.de\/\" rel=\"noopener noreferrer\" target=\"_blank\"><span style=\"color: #e0adea;\">Instagram<\/span><\/a> und lass Dich von unseren Outfit-Ideen inspirieren. <\/p>","protected":false},"excerpt":{"rendered":"<table class=\"mlb-product-details\">\n<tbody>\n<tr>\n<td class=\"mlb-details-caption\">Model<\/td>\n<td class=\"mlb-details-value\">Pallas Chain Monogram Canvas Schwarz<\/td>\n<\/tr>\n<tr>\n<td class=\"mlb-details-caption\">Colour<\/td>\n<td class=\"mlb-details-value\">Brown, Black<\/td>\n<\/tr>\n<tr>\n<td class=\"mlb-details-caption\">Hardware<\/td>\n<td class=\"mlb-details-value\">Gold<\/td>\n<\/tr>\n<tr>\n<td class=\"mlb-details-caption\">Year<\/td>\n<td class=\"mlb-details-value\">2014<\/td>\n<\/tr>\n<tr>\n<td class=\"mlb-details-caption\">Accessoires<\/td>\n<td class=\"mlb-details-value\">Staubbeutel, LV-Booklet<\/td>\n<\/tr>\n<tr>\n<td class=\"mlb-details-caption\">Condition<\/td>\n<td class=\"mlb-details-value\">Excellent condition<\/td>\n<\/tr>\n<\/tbody>\n<\/table>","protected":false},"featured_media":10412,"template":"","meta":[],"product_brand":[],"product_cat":[87,154,1431,85,99],"product_tag":[],"class_list":{"0":"post-10410","1":"product","2":"type-product","3":"status-publish","4":"has-post-thumbnail","6":"product_cat-crossbodytaschen","7":"product_cat-designer","8":"product_cat-louisvuitton","9":"product_cat-schultertaschen","10":"product_cat-taschen","11":"product_shipping_class-bis1000","13":"first","14":"outofstock","15":"sold-individually","16":"shipping-taxable","17":"purchasable","18":"product-type-simple"},"_links":{"self":[{"href":"https:\/\/baselle.com\/en\/wp-json\/wp\/v2\/product\/10410","targetHints":{"allow":["GET"]}}],"collection":[{"href":"https:\/\/baselle.com\/en\/wp-json\/wp\/v2\/product"}],"about":[{"href":"https:\/\/baselle.com\/en\/wp-json\/wp\/v2\/types\/product"}],"wp:featuredmedia":[{"embeddable":true,"href":"https:\/\/baselle.com\/en\/wp-json\/wp\/v2\/media\/10412"}],"wp:attachment":[{"href":"https:\/\/baselle.com\/en\/wp-json\/wp\/v2\/media?parent=10410"}],"wp:term":[{"taxonomy":"product_brand","embeddable":true,"href":"https:\/\/baselle.com\/en\/wp-json\/wp\/v2\/product_brand?post=10410"},{"taxonomy":"product_cat","embeddable":true,"href":"https:\/\/baselle.com\/en\/wp-json\/wp\/v2\/product_cat?post=10410"},{"taxonomy":"product_tag","embeddable":true,"href":"https:\/\/baselle.com\/en\/wp-json\/wp\/v2\/product_tag?post=10410"}],"curies":[{"name":"wp","href":"https:\/\/api.w.org\/{rel}","templated":true}]}}