{"id":10363,"date":"2019-07-15T13:33:15","date_gmt":"2019-07-15T11:33:15","guid":{"rendered":"https:\/\/baselle.com\/?post_type=product&#038;p=10363"},"modified":"2019-09-02T13:08:03","modified_gmt":"2019-09-02T11:08:03","slug":"louis-vuitton-zippy-geldboerse-multicolore-10363","status":"publish","type":"product","link":"https:\/\/baselle.com\/en\/product\/louis-vuitton-zippy-geldboerse-multicolore-10363\/","title":{"rendered":"Louis Vuitton Zippy"},"content":{"rendered":"<p>\n<strong>Louis Vuitton Zippy Monogram Canvas Multicolore Geldb\u00f6rse Beschreibung<\/strong> <\/p>\n<p>Die originale Louis Vuitton Zippy Monogram Canvas Multicolore Geldb\u00f6rse bietet ausreichend Platz f\u00fcr Kreditkarten, Kleingeld sowie Geldscheine und l\u00e4sst sich durch einen praktischen Rundum-Zipper \u00f6ffnen.\n<\/p>\n<p>\n<strong>Very good condition:<\/strong><br \/>\nDiese Louis Vuitton Zippy Monogram Canvas Multicolore Geldb\u00f6rse aus zweiter Hand wurde selten verwendet und ist daher in einem sehr guten Zustand.\n<\/p>\n<p>\n<strong>Wallet size:<\/strong>  Gro\u00df<br \/>\n<strong>Dimensions (approx.):<\/strong> Breite 19,5 cm * H\u00f6he 10 cm * Tiefe 2 cm\n<\/p>\n<p>\n<strong>Exterior material:<\/strong> Canvas<br \/>\n<strong>Interior Material<\/strong> calfskin leather\n<\/p>\n<p>The pictures represent the offered wallet. The picture rights are held by MyLovelyBoutique.com. <\/p>\n<p>Follow us on <a href=\"https:\/\/www.instagram.com\/mylovelyboutique.de\/\" rel=\"noopener noreferrer\" target=\"_blank\"><span style=\"color: #e0adea\">Instagram<\/span><\/a> und lass Dich von unseren Outfit-Ideen inspirieren. <\/p>","protected":false},"excerpt":{"rendered":"<table class=\"mlb-product-details\">\n<tbody>\n<tr>\n<td class=\"mlb-details-caption\">Model<\/td>\n<td class=\"mlb-details-value\">Zippy Mon. Canvas Mutlicolore (M60241)<\/td>\n<\/tr>\n<tr>\n<td class=\"mlb-details-caption\">Colour<\/td>\n<td class=\"mlb-details-value\">Wei\u00df\/Bunt\/Litchi<\/td>\n<\/tr>\n<tr>\n<td class=\"mlb-details-caption\">Hardware<\/td>\n<td class=\"mlb-details-value\">Gold<\/td>\n<\/tr>\n<tr>\n<td class=\"mlb-details-caption\">Year<\/td>\n<td class=\"mlb-details-value\">2014<\/td>\n<\/tr>\n<tr>\n<td class=\"mlb-details-caption\">Accessoires<\/td>\n<td class=\"mlb-details-value\">Box, Staubbeutel, LV-Booklet<\/td>\n<\/tr>\n<tr>\n<td class=\"mlb-details-caption\">Condition<\/td>\n<td class=\"mlb-details-value\">Very good condition<\/td>\n<\/tr>\n<\/tbody>\n<\/table>","protected":false},"featured_media":10365,"template":"","meta":[],"product_brand":[],"product_cat":[57,154,1431,89],"product_tag":[],"class_list":{"0":"post-10363","1":"product","2":"type-product","3":"status-publish","4":"has-post-thumbnail","6":"product_cat-accessories","7":"product_cat-designer","8":"product_cat-louisvuitton","9":"product_cat-portemonnaie","10":"product_shipping_class-0-500","12":"first","13":"outofstock","14":"sold-individually","15":"shipping-taxable","16":"purchasable","17":"product-type-simple"},"_links":{"self":[{"href":"https:\/\/baselle.com\/en\/wp-json\/wp\/v2\/product\/10363","targetHints":{"allow":["GET"]}}],"collection":[{"href":"https:\/\/baselle.com\/en\/wp-json\/wp\/v2\/product"}],"about":[{"href":"https:\/\/baselle.com\/en\/wp-json\/wp\/v2\/types\/product"}],"wp:featuredmedia":[{"embeddable":true,"href":"https:\/\/baselle.com\/en\/wp-json\/wp\/v2\/media\/10365"}],"wp:attachment":[{"href":"https:\/\/baselle.com\/en\/wp-json\/wp\/v2\/media?parent=10363"}],"wp:term":[{"taxonomy":"product_brand","embeddable":true,"href":"https:\/\/baselle.com\/en\/wp-json\/wp\/v2\/product_brand?post=10363"},{"taxonomy":"product_cat","embeddable":true,"href":"https:\/\/baselle.com\/en\/wp-json\/wp\/v2\/product_cat?post=10363"},{"taxonomy":"product_tag","embeddable":true,"href":"https:\/\/baselle.com\/en\/wp-json\/wp\/v2\/product_tag?post=10363"}],"curies":[{"name":"wp","href":"https:\/\/api.w.org\/{rel}","templated":true}]}}