{"id":10329,"date":"2019-07-12T17:55:08","date_gmt":"2019-07-12T15:55:08","guid":{"rendered":"https:\/\/baselle.com\/?post_type=product&#038;p=10329"},"modified":"2019-07-27T14:50:20","modified_gmt":"2019-07-27T12:50:20","slug":"louis-vuitton-chain-it-10329","status":"publish","type":"product","link":"https:\/\/baselle.com\/en\/product\/louis-vuitton-chain-it-10329\/","title":{"rendered":"Louis Vuitton Chain It"},"content":{"rendered":"<p>\n<strong>Louis Vuitton Chain It PM Epi Leder Handtasche Beschreibung<\/strong><\/p>\n<p>Die originale Louis Vuitton Chain It PM Epi Leder Handtasche ist eine stilvolle Handtasche, die jedem Look das Gewisse Etwas verleiht. Sie ist aus Epi Leder in Denim-Look gefertigt und verf\u00fcgt \u00fcber Ketten-Details, einen gerollten Ledergriff sowie gold-\/ silberfarbene Hardware-Akzente. Die Chain It hat einen abnehmbaren Schulterriemen und kann daher sowohl als Handtasche, \u00fcber der Schulter oder Crossbody getragen werden.  <\/p>\n<p>Der Druckverschluss in Schlossoptik \u00f6ffnet sich zu einem schwarzen Innenfutter aus Mikrofaser. Im Tascheninneren befindet sich ein Einsteckfach, das perfekt f\u00fcr das Aufbewahren Deiner wichtigsten Dinge ist. Ein praktisches Rei\u00dfverschlussfach befindet sich vor dem Hauptfach. Diese wundersch\u00f6ne Schultertasche ist ein elegantes Lieblingsst\u00fcck f\u00fcr den t\u00e4glichen Gebrauch.\n<\/p>\n<p>\n<strong>Mint condition<\/strong><br \/>\nDiese Louis Vuitton Chain It Epi PM Leder Handtasche aus zweiter Hand ist ungetragen. Dementsprechend ist sie in einem neuwertigen Zustand ohne Gebrauchspuren. Das Rindsleder, das Tascheninnere sowie die silberfarbene Hardware sind daher in einem einwandfreien Zustand.\n<\/p>\n<p>\n<strong>Style:<\/strong> Schultertasche\/Crossbody\/Handtasche<br \/>\n<strong>Size:<\/strong> PM<br \/>\n<strong>Dimensions (approx.):<\/strong> Breite 21 cm * H\u00f6he 17 cm * Tiefe 8 cm<br \/>\n<strong>Strap length (approx.):<\/strong> 110 cm\n<\/p>\n<p>\n<strong>Exterior material:<\/strong> Epi cowhide leather<br \/>\n<strong>Interior Material<\/strong> microfibre lining\n<\/p>\n<p>The pictures represent the offered bag. The picture rights are held by MyLovelyBoutique.com. <\/p>\n<p>Follow us on <a href=\"https:\/\/www.instagram.com\/mylovelyboutique.de\/\" rel=\"noopener noreferrer\" target=\"_blank\"><span style=\"color: #e0adea\">Instagram<\/span><\/a> und lass Dich von unseren Outfit-Ideen inspirieren. <\/p>","protected":false},"excerpt":{"rendered":"<table class=\"mlb-product-details\">\n<tbody>\n<tr>\n<td class=\"mlb-details-caption\">Model<\/td>\n<td class=\"mlb-details-value\">Chain It PM Epi Leder (M54606)<\/td>\n<\/tr>\n<tr>\n<td class=\"mlb-details-caption\">Colour<\/td>\n<td class=\"mlb-details-value\">Blau<\/td>\n<\/tr>\n<tr>\n<td class=\"mlb-details-caption\">Hardware<\/td>\n<td class=\"mlb-details-value\">Silber\/Gold<\/td>\n<\/tr>\n<tr>\n<td class=\"mlb-details-caption\">Year<\/td>\n<td class=\"mlb-details-value\">2017<\/td>\n<\/tr>\n<tr>\n<td class=\"mlb-details-caption\">Accessoires<\/td>\n<td class=\"mlb-details-value\">Box, dustbag<\/td>\n<\/tr>\n<tr>\n<td class=\"mlb-details-caption\">Condition<\/td>\n<td class=\"mlb-details-value\">Mint condition<\/td>\n<\/tr>\n<\/tbody>\n<\/table>","protected":false},"featured_media":10331,"template":"","meta":[],"product_brand":[],"product_cat":[87,154,68,1431,85,99],"product_tag":[],"class_list":{"0":"post-10329","1":"product","2":"type-product","3":"status-publish","4":"has-post-thumbnail","6":"product_cat-crossbodytaschen","7":"product_cat-designer","8":"product_cat-handtaschen","9":"product_cat-louisvuitton","10":"product_cat-schultertaschen","11":"product_cat-taschen","12":"product_shipping_class-bis1000","14":"first","15":"outofstock","16":"sold-individually","17":"shipping-taxable","18":"purchasable","19":"product-type-simple"},"_links":{"self":[{"href":"https:\/\/baselle.com\/en\/wp-json\/wp\/v2\/product\/10329","targetHints":{"allow":["GET"]}}],"collection":[{"href":"https:\/\/baselle.com\/en\/wp-json\/wp\/v2\/product"}],"about":[{"href":"https:\/\/baselle.com\/en\/wp-json\/wp\/v2\/types\/product"}],"wp:featuredmedia":[{"embeddable":true,"href":"https:\/\/baselle.com\/en\/wp-json\/wp\/v2\/media\/10331"}],"wp:attachment":[{"href":"https:\/\/baselle.com\/en\/wp-json\/wp\/v2\/media?parent=10329"}],"wp:term":[{"taxonomy":"product_brand","embeddable":true,"href":"https:\/\/baselle.com\/en\/wp-json\/wp\/v2\/product_brand?post=10329"},{"taxonomy":"product_cat","embeddable":true,"href":"https:\/\/baselle.com\/en\/wp-json\/wp\/v2\/product_cat?post=10329"},{"taxonomy":"product_tag","embeddable":true,"href":"https:\/\/baselle.com\/en\/wp-json\/wp\/v2\/product_tag?post=10329"}],"curies":[{"name":"wp","href":"https:\/\/api.w.org\/{rel}","templated":true}]}}