{"id":10279,"date":"2019-09-15T14:49:13","date_gmt":"2019-09-15T12:49:13","guid":{"rendered":"https:\/\/baselle.com\/?post_type=product&#038;p=10279"},"modified":"2019-11-25T10:02:01","modified_gmt":"2019-11-25T09:02:01","slug":"chanel-so-black-2-55-reissue-maxi-double-flap-bag-10279","status":"publish","type":"product","link":"https:\/\/baselle.com\/en\/product\/chanel-so-black-2-55-reissue-maxi-double-flap-bag-10279\/","title":{"rendered":"CHANEL So Black 2.55"},"content":{"rendered":"<p>\n<strong>CHANEL So Black 2.55 Reissue Maxi Double Flap Bag Handtasche Beschreibung<\/strong><\/p>\n<p>Die originale CHANEL So Black 2.55 Reissue Maxi Double Flap Bag Handtasche ist eine schicke und klassische Tasche im typisch zeitlosen Stil von Chanel. In ihrer Maxi-Gr\u00f6\u00dfe eignet sie sich perfekt f\u00fcr den Alltag &#8211; sie bietet genug Platz f\u00fcr alles, was Frau \u00fcber den Tag so braucht. Die Reissue Bag ist aus gestepptem Kalbsleder in Vintage-Optik gefertigt und verf\u00fcgt \u00fcber einen flexiblen Kettenriemen, ein Mademoiselle-Turnlock und schwarze Hardware-Akzente. Die Kombination aus schwarzem Leder mit schwarzer Hardware ist hei\u00df begehrt und nur schwer erh\u00e4ltlich! <\/p>\n<p>Der Mademoiselle-Turnlock-Verschluss und die Klappe mit Druckknopfverschluss \u00f6ffnen sich zu einem schwarzen Lederfutter, aufgeteilt in ein Hauptfach, zwei Steckf\u00e4cher und ein vorne aufgesetztes Steckfach. Des weiteren befindet sich unter der Lasche ein kleines Rei\u00dfverschlussfach und am Taschenr\u00fccken ein aufgesetztes Steckfach. Die Double Flap Bag kann kurz oder lang \u00fcber der Schulter getragen werden, so dass maximaler Tragekomfort garantiert ist. Eine komfortable und schlichte Handtasche, die Chanels klassisches Design verk\u00f6rpert.\n<\/p>\n<p>\n<strong>Good condition:<\/strong><br \/>\nDiese CHANEL So Black 2.55 Reissue Maxi Double Flap Bag Handtasche aus zweiter Hand ist insgesamt in einem guten Zustand. Die Tasche wurde oft, gerne und stets mit Sorgfalt getragen. Das Leder ist rundum in einem gepflegten Zustand, weist jedoch einen leichten Nikotingeruch auf. Der Mademoiselle-Turnlock-Verschluss weist Gebrauchspuren durch regelm\u00e4\u00dfiges \u00d6ffnen\/Schlie\u00dfen der Tasche auf. Das Tascheninnere ist sauber und weist keine L\u00f6cher\/Risse auf.\n<\/p>\n<p>\n<strong>Style:<\/strong> Shoulder bag, crossbody<br \/>\n<strong>Size:<\/strong> Maxi<br \/>\n<strong>Dimensions (approx.):<\/strong> Breite 31,5 cm * H\u00f6he 20 cm * Tiefe 10 cm<br \/>\n<strong>Shoulder chain:<\/strong> einfach = 102 cm; doppelt = 62 cm\n<\/p>\n<p>\n<strong>Exterior material:<\/strong> calfskin leather<br \/>\n<strong>Interior Material<\/strong> calfskin leather\n<\/p>\n<p>The pictures represent the offered bag. The picture rights are held by MyLovelyBoutique.com. <\/p>\n<p>Follow us on <a href=\"https:\/\/www.instagram.com\/mylovelyboutique.de\/\" rel=\"noopener noreferrer\" target=\"_blank\"><span style=\"color: #e0adea\">Instagram<\/span><\/a> und lass Dich von unseren Outfit-Ideen inspirieren. <\/p>","protected":false},"excerpt":{"rendered":"<br \/>\n<table class=\"mlb-product-details\">\n<tbody>\n<tr>\n<td class=\"mlb-details-caption\">Model<\/td>\n<td class=\"mlb-details-value\">So Black 2.55 Reissue Maxi Double Flap Bag<\/td>\n<\/tr>\n<tr>\n<td class=\"mlb-details-caption\">Colour<\/td>\n<td class=\"mlb-details-value\">Black<\/td>\n<\/tr>\n<tr>\n<td class=\"mlb-details-caption\">Hardware<\/td>\n<td class=\"mlb-details-value\">Black<\/td>\n<\/tr>\n<tr>\n<td class=\"mlb-details-caption\">Year<\/td>\n<td class=\"mlb-details-value\">2009<\/td>\n<\/tr>\n<tr>\n<td class=\"mlb-details-caption\">Accessoires<\/td>\n<td class=\"mlb-details-value\">Box, Staubbeutel, Staubtuch, Seriennummer mit Hologramm<\/td>\n<\/tr>\n<tr>\n<td class=\"mlb-details-caption\">Condition<\/td>\n<td class=\"mlb-details-value\">Good condition<\/td>\n<\/tr>\n<\/tbody>\n<\/table>","protected":false},"featured_media":10352,"template":"","meta":[],"product_brand":[],"product_cat":[1430,87,154,85,99],"product_tag":[],"class_list":{"0":"post-10279","1":"product","2":"type-product","3":"status-publish","4":"has-post-thumbnail","6":"product_cat-chanel","7":"product_cat-crossbodytaschen","8":"product_cat-designer","9":"product_cat-schultertaschen","10":"product_cat-taschen","12":"first","13":"outofstock","14":"sold-individually","15":"shipping-taxable","16":"purchasable","17":"product-type-simple"},"_links":{"self":[{"href":"https:\/\/baselle.com\/en\/wp-json\/wp\/v2\/product\/10279","targetHints":{"allow":["GET"]}}],"collection":[{"href":"https:\/\/baselle.com\/en\/wp-json\/wp\/v2\/product"}],"about":[{"href":"https:\/\/baselle.com\/en\/wp-json\/wp\/v2\/types\/product"}],"wp:featuredmedia":[{"embeddable":true,"href":"https:\/\/baselle.com\/en\/wp-json\/wp\/v2\/media\/10352"}],"wp:attachment":[{"href":"https:\/\/baselle.com\/en\/wp-json\/wp\/v2\/media?parent=10279"}],"wp:term":[{"taxonomy":"product_brand","embeddable":true,"href":"https:\/\/baselle.com\/en\/wp-json\/wp\/v2\/product_brand?post=10279"},{"taxonomy":"product_cat","embeddable":true,"href":"https:\/\/baselle.com\/en\/wp-json\/wp\/v2\/product_cat?post=10279"},{"taxonomy":"product_tag","embeddable":true,"href":"https:\/\/baselle.com\/en\/wp-json\/wp\/v2\/product_tag?post=10279"}],"curies":[{"name":"wp","href":"https:\/\/api.w.org\/{rel}","templated":true}]}}