{"id":10246,"date":"2019-06-28T10:14:34","date_gmt":"2019-06-28T08:14:34","guid":{"rendered":"https:\/\/baselle.com\/?post_type=product&#038;p=10246"},"modified":"2020-02-21T21:58:36","modified_gmt":"2020-02-21T20:58:36","slug":"chanel-paris-bombay-back-to-school-messenger-bag-10246","status":"publish","type":"product","link":"https:\/\/baselle.com\/en\/product\/chanel-paris-bombay-back-to-school-messenger-bag-10246\/","title":{"rendered":"CHANEL Messenger Bag"},"content":{"rendered":"<p>\n<strong>CHANEL Paris-Bombay Back To School Messenger Bag Handtasche Beschreibung<\/strong><\/p>\n<p>Die originale CHANEL Paris-Bombay Back To School Messenger Bag Handtasche aus der M\u00e9tiers d&#8217;Art Collection 2012 ist die perfekte Begleitung f\u00fcr Arbeit, Studium oder Shopping Tage. Sie ist aus gestepptem schimmernden und genarbten Kalbsleder gefertigt und verf\u00fcgt \u00fcber Schnallen Details mit CHANEL-Gravur und silberne Hardware-Akzente mit Ruthenium-Finish. <\/p>\n<p>Die Messenger Bag besitzt einen kurzen Kettenriemen sowie einen verstellbaren Lederriemen, so dass sie sowohl als Handtasche als auch als Schultertasche oder Crossbody getragen werden kann. Dies garantiert Dir maximalen Tragekomfort im Alltag. Der doppelte CC-Turnlock- Verschluss \u00f6ffnet sich zu einem mit schwarzem Stoff gef\u00fctterten Tascheninneren mit einem Rei\u00dfverschlussfach und einem vorne aufgesetzten Steckfack. Am Taschenr\u00fccken befindet sich ein weiteres aufgesetztes Steckfach.\n<\/p>\n<p>\n<strong>Very good condition:<\/strong><br \/>\nDiese CHANEL Paris-Bombay Back To School Messenger Bag Handtasche aus zweiter Hand ist insgesamt in einem sehr guten Zustand. Die Tasche wurde gerne und mit Sorgfalt getragen. Das Kalbsleder ist daher in einem gepflegten Zustand. Das Tascheninnere ist sauber, ohne Ger\u00fcche und weist keine L\u00f6cher\/Risse auf. Auch die silbernen Hardware-Akzente sind in einem sehr guten Zustand.\n<\/p>\n<p>\n<strong>Style:<\/strong> Handtasche\/Schultertasche\/Crossbody<br \/>\n<strong>Size:<\/strong> Large<br \/>\n<strong>Dimensions (approx.):<\/strong> Breite 31 cm * H\u00f6he 23 cm * Tiefe 8 cm<br \/>\n<strong>Shoulder strap (approx.):<\/strong> min. 90 cm bis max. 135 cm\n<\/p>\n<p>\n<strong>Exterior material:<\/strong> irisierendes\/genarbtes Kalbsleder<br \/>\n<strong>Interior Material<\/strong> fabric lining\n<\/p>\n<p>The pictures represent the offered bag. The picture rights are held by MyLovelyBoutique.com. <\/p>\n<p>Follow us on <a href=\"https:\/\/www.instagram.com\/mylovelyboutique.de\/\" rel=\"noopener noreferrer\" target=\"_blank\"><span style=\"color: #e0adea\">Instagram<\/span><\/a> und lass Dich von unseren Outfit-Ideen inspirieren. <\/p>","protected":false},"excerpt":{"rendered":"<table class=\"mlb-product-details\">\n<tbody>\n<tr>\n<td class=\"mlb-details-caption\">Model<\/td>\n<td class=\"mlb-details-value\">Paris-Bombay Back To School Messenger Bag<\/td>\n<\/tr>\n<tr>\n<td class=\"mlb-details-caption\">Colour<\/td>\n<td class=\"mlb-details-value\">Schwarz, Silbergrau, Anthrazit<\/td>\n<\/tr>\n<tr>\n<td class=\"mlb-details-caption\">Hardware<\/td>\n<td class=\"mlb-details-value\">Silver with ruthenium finish<\/td>\n<\/tr>\n<tr>\n<td class=\"mlb-details-caption\">Year<\/td>\n<td class=\"mlb-details-value\">2012<\/td>\n<\/tr>\n<tr>\n<td class=\"mlb-details-caption\">Accessoires<\/td>\n<td class=\"mlb-details-value\">Staubbeutel, Authentizit\u00e4tskarte, Seriennummer mit Hologramm, abnehmbarer Schulterriemen, CC-Booklet<\/td>\n<\/tr>\n<tr>\n<td class=\"mlb-details-caption\">Condition<\/td>\n<td class=\"mlb-details-value\">Very good condition<\/td>\n<\/tr>\n<\/tbody>\n<\/table>","protected":false},"featured_media":10267,"template":"","meta":[],"product_brand":[],"product_cat":[1430,87,154,68,85,99],"product_tag":[102],"class_list":{"0":"post-10246","1":"product","2":"type-product","3":"status-publish","4":"has-post-thumbnail","6":"product_cat-chanel","7":"product_cat-crossbodytaschen","8":"product_cat-designer","9":"product_cat-handtaschen","10":"product_cat-schultertaschen","11":"product_cat-taschen","12":"product_tag-sale","14":"first","15":"outofstock","16":"sale","17":"sold-individually","18":"shipping-taxable","19":"purchasable","20":"product-type-simple"},"_links":{"self":[{"href":"https:\/\/baselle.com\/en\/wp-json\/wp\/v2\/product\/10246","targetHints":{"allow":["GET"]}}],"collection":[{"href":"https:\/\/baselle.com\/en\/wp-json\/wp\/v2\/product"}],"about":[{"href":"https:\/\/baselle.com\/en\/wp-json\/wp\/v2\/types\/product"}],"wp:featuredmedia":[{"embeddable":true,"href":"https:\/\/baselle.com\/en\/wp-json\/wp\/v2\/media\/10267"}],"wp:attachment":[{"href":"https:\/\/baselle.com\/en\/wp-json\/wp\/v2\/media?parent=10246"}],"wp:term":[{"taxonomy":"product_brand","embeddable":true,"href":"https:\/\/baselle.com\/en\/wp-json\/wp\/v2\/product_brand?post=10246"},{"taxonomy":"product_cat","embeddable":true,"href":"https:\/\/baselle.com\/en\/wp-json\/wp\/v2\/product_cat?post=10246"},{"taxonomy":"product_tag","embeddable":true,"href":"https:\/\/baselle.com\/en\/wp-json\/wp\/v2\/product_tag?post=10246"}],"curies":[{"name":"wp","href":"https:\/\/api.w.org\/{rel}","templated":true}]}}