{"id":10245,"date":"2019-06-27T20:48:06","date_gmt":"2019-06-27T18:48:06","guid":{"rendered":"https:\/\/baselle.com\/?post_type=product&#038;p=10245"},"modified":"2020-01-01T17:26:20","modified_gmt":"2020-01-01T16:26:20","slug":"louis-vuitton-saint-germain-pm-dune-10245","status":"publish","type":"product","link":"https:\/\/baselle.com\/en\/product\/louis-vuitton-saint-germain-pm-dune-10245\/","title":{"rendered":"Louis Vuitton Saint Germain PM"},"content":{"rendered":"<p>\n<strong>Louis Vuitton Saint Germain PM Empreinte Leder Handtasche Beschreibung<\/strong><\/p>\n<p>Die originale Louis Vuitton Saint Germain PM Empreinte Leder Handtasche ist eine schicke Lieblingstasche f\u00fcr die moderne Frau. Diese strukturierte Schultertasche ist aus charakteristischem Empreinte Leder gefertigt und verf\u00fcgt \u00fcber eine dezent trapezf\u00f6rmige Silhouette. Weitere raffinierte Details sind die hinten aufgesetzten Nieten mit LV-Gravur, das eingepr\u00e4gte Monogram sowie die goldfarbene Schulterkette. <\/p>\n<p>Der ikonische S-Verschluss \u00f6ffnet sich zu einem beigen Mikrofaserinnenfutter mit einem Rei\u00dfverschlussfach und einem vorne aufgesetzten Steckfach. Die Saint Germain kann kurz sowie lang \u00fcber der Schulter oder Crossbody getragen werden, so dass maximaler Tragekomfort garantiert ist. Eine wundersch\u00f6ne Handtasche, die sowohl zu jeder Jahreszeit sowie zu vielen Anl\u00e4ssen getragen werden kann. <\/p>\n<p>Der Neupreis dieser Tasche lag bei 1.920 \u20ac.\n<\/p>\n<p>\n<strong>Very good condition:<\/strong><br \/>\nDiese Louis Vuitton Saint Germain PM Empreinte Leder Handtasche aus zweiter Hand ist insgesamt in einem sehr guten Zustand. Das gepr\u00e4gte Rindsleder, auch die Taschenecken, sind in einem gepflegten Zustand. Die goldfarbene Hardware weist um den Verschluss Mikrokratzer auf. Das Tascheninnere ist sauber, ohne Ger\u00fcche und weist keine L\u00f6cher\/Risse auf.\n<\/p>\n<p>\n<strong>Style:<\/strong> Shoulder bag, crossbody<br \/>\n<strong>Size:<\/strong> PM<br \/>\n<strong>Dimensions (approx.):<\/strong> Breite 26 cm * H\u00f6he 17 cm * Tiefe 8 cm<br \/>\n<strong>Shoulder strap (approx.)<\/strong> doppelt = 70 cm; einfach = 117 cm\n<\/p>\n<p>\n<strong>Exterior material:<\/strong> Grained cowhide leather<br \/>\n<strong>Interior Material<\/strong> microfibre lining\n<\/p>\n<p>The pictures represent the offered bag. The picture rights are held by MyLovelyBoutique.com. <\/p>\n<p>Follow us on <a href=\"https:\/\/www.instagram.com\/mylovelyboutique.de\/\" rel=\"noopener noreferrer\" target=\"_blank\"><span style=\"color: #e0adea;\">Instagram<\/span><\/a> und lass Dich von unseren Outfit-Ideen inspirieren. <\/p>","protected":false},"excerpt":{"rendered":"<table class=\"mlb-product-details\">\n<tbody>\n<tr>\n<td class=\"mlb-details-caption\">Model<\/td>\n<td class=\"mlb-details-value\">Saint Germain PM Mon. Empreinte (M48932)<\/td>\n<\/tr>\n<tr>\n<td class=\"mlb-details-caption\">Colour<\/td>\n<td class=\"mlb-details-value\">Dune\/Beige<\/td>\n<\/tr>\n<tr>\n<td class=\"mlb-details-caption\">Hardware<\/td>\n<td class=\"mlb-details-value\">Gold<\/td>\n<\/tr>\n<tr>\n<td class=\"mlb-details-caption\">Year<\/td>\n<td class=\"mlb-details-value\">2016<\/td>\n<\/tr>\n<tr>\n<td class=\"mlb-details-caption\">Accessoires<\/td>\n<td class=\"mlb-details-value\">Originalrechnung, Staubbeutel<\/td>\n<\/tr>\n<tr>\n<td class=\"mlb-details-caption\">Condition<\/td>\n<td class=\"mlb-details-value\">Very good condition<\/td>\n<\/tr>\n<\/tbody>\n<\/table>","protected":false},"featured_media":10259,"template":"","meta":[],"product_brand":[],"product_cat":[87,154,1431,85,99],"product_tag":[102],"class_list":{"0":"post-10245","1":"product","2":"type-product","3":"status-publish","4":"has-post-thumbnail","6":"product_cat-crossbodytaschen","7":"product_cat-designer","8":"product_cat-louisvuitton","9":"product_cat-schultertaschen","10":"product_cat-taschen","11":"product_tag-sale","12":"product_shipping_class-bis1000","14":"first","15":"outofstock","16":"sale","17":"sold-individually","18":"shipping-taxable","19":"purchasable","20":"product-type-simple"},"_links":{"self":[{"href":"https:\/\/baselle.com\/en\/wp-json\/wp\/v2\/product\/10245","targetHints":{"allow":["GET"]}}],"collection":[{"href":"https:\/\/baselle.com\/en\/wp-json\/wp\/v2\/product"}],"about":[{"href":"https:\/\/baselle.com\/en\/wp-json\/wp\/v2\/types\/product"}],"wp:featuredmedia":[{"embeddable":true,"href":"https:\/\/baselle.com\/en\/wp-json\/wp\/v2\/media\/10259"}],"wp:attachment":[{"href":"https:\/\/baselle.com\/en\/wp-json\/wp\/v2\/media?parent=10245"}],"wp:term":[{"taxonomy":"product_brand","embeddable":true,"href":"https:\/\/baselle.com\/en\/wp-json\/wp\/v2\/product_brand?post=10245"},{"taxonomy":"product_cat","embeddable":true,"href":"https:\/\/baselle.com\/en\/wp-json\/wp\/v2\/product_cat?post=10245"},{"taxonomy":"product_tag","embeddable":true,"href":"https:\/\/baselle.com\/en\/wp-json\/wp\/v2\/product_tag?post=10245"}],"curies":[{"name":"wp","href":"https:\/\/api.w.org\/{rel}","templated":true}]}}