{"id":10202,"date":"2019-06-16T14:30:17","date_gmt":"2019-06-16T12:30:17","guid":{"rendered":"https:\/\/baselle.com\/?post_type=product&#038;p=10202"},"modified":"2020-07-20T10:10:24","modified_gmt":"2020-07-20T08:10:24","slug":"chanel-small-flap-bag-butterfly-patches-10202","status":"publish","type":"product","link":"https:\/\/baselle.com\/en\/product\/chanel-small-flap-bag-butterfly-patches-10202\/","title":{"rendered":"CHANEL Small Flap Bag"},"content":{"rendered":"<p>\n<strong>CHANEL Small Flap Bag Handtasche Beschreibung<\/strong><\/p>\n<p>Die originale CHANEL Small Flap Bag Handtasche ist eine wundersch\u00f6ne Rarit\u00e4t mit Sammlerwert. In ihrer kompakten Gr\u00f6\u00dfe bietet sie Platz f\u00fcr Portemonnaie, Schl\u00fcssel, Smartphone und eignet sie sich daher perfekt als Abendtasche. Die zum Teil transparente Handtasche verf\u00fcgt \u00fcber Schmetterling Patches, gewebte Kettenriemen, einem CC-Turnlock und silberne Hardware-Akzente.<\/p>\n<p>Der CC-Turnlock-Verschluss \u00f6ffnet sich zu einem schwarzen Lederinnenfutter (Taschenboden und an den Seiten). Die Small Flap Bag kann lang oder kurz \u00fcber der Schulter getragen werden, so dass maximaler Tragekomfort garantiert ist. Eine komfortable und kompakte Handtasche mit Seltenheitswert.\n<\/p>\n<p>\n<strong>Very good condition:<\/strong><br \/>\nDiese CHANEL Small Flap Bag Handtasche aus zweiter Hand ist insgesamt in einem sehr guten Zustand. Die Tasche wurde mit Sorgfalt getragen, weshalb das Leder sowie die Patches in einem sehr gepflegten Zustand sind. Auch an den Ecken sind keinerlei Gebrauchspuren zu erkennen. Das Tascheninnere ist sauber, ohne Ger\u00fcche und weist keine L\u00f6cher\/Risse auf. Die silberfarebenen Hardware-Akzente sind ebenfalls in einem sehr guten Zustand.<\/p>\n<p>\n<strong>Style:<\/strong> Shoulder Bag<br \/>\n<strong>Size:<\/strong> Small<br \/>\n<strong>Dimensions (approx.):<\/strong> Breite 20,5 cm * H\u00f6he 13,5 cm * Tiefe 7 cm<br \/>\n<strong>Shoulder chain:<\/strong> einfach = 92 cm; doppelt = 53 cm\n<\/p>\n<p>\n<strong>Exterior material:<\/strong> Leder, Stoff, Vinyl<br \/>\n<strong>Interior Material<\/strong> Leather lining\n<\/p>\n<p>The pictures represent the offered bag. The picture rights are held by MyLovelyBoutique.com. <\/p>\n<p>Follow us on <a href=\"https:\/\/www.instagram.com\/mylovelyboutique.de\/\" rel=\"noopener noreferrer\" target=\"_blank\"><span style=\"color: #e0adea\">Instagram<\/span><\/a> und lass Dich von unseren Outfit-Ideen inspirieren. <\/p>","protected":false},"excerpt":{"rendered":"<br \/>\n<table class=\"mlb-product-details\">\n<tbody>\n<tr>\n<td class=\"mlb-details-caption\">Model<\/td>\n<td class=\"mlb-details-value\">Small Flap Bag<\/td>\n<\/tr>\n<tr>\n<td class=\"mlb-details-caption\">Colour<\/td>\n<td class=\"mlb-details-value\">Black<\/td>\n<\/tr>\n<tr>\n<td class=\"mlb-details-caption\">Hardware<\/td>\n<td class=\"mlb-details-value\">Silver<\/td>\n<\/tr>\n<tr>\n<td class=\"mlb-details-caption\">Year<\/td>\n<td class=\"mlb-details-value\">2011<\/td>\n<\/tr>\n<tr>\n<td class=\"mlb-details-caption\">Accessoires<\/td>\n<td class=\"mlb-details-value\">Dustbag, authenticity card, serialnumber with hologram<\/td>\n<\/tr>\n<tr>\n<td class=\"mlb-details-caption\">Condition<\/td>\n<td class=\"mlb-details-value\">Very good condition<\/td>\n<\/tr>\n<\/tbody>\n<\/table>","protected":false},"featured_media":10225,"template":"","meta":[],"product_brand":[],"product_cat":[1430,154,86,85,99],"product_tag":[],"class_list":{"0":"post-10202","1":"product","2":"type-product","3":"status-publish","4":"has-post-thumbnail","6":"product_cat-chanel","7":"product_cat-designer","8":"product_cat-kleinetaschen","9":"product_cat-schultertaschen","10":"product_cat-taschen","12":"first","13":"outofstock","14":"sold-individually","15":"shipping-taxable","16":"purchasable","17":"product-type-simple"},"_links":{"self":[{"href":"https:\/\/baselle.com\/en\/wp-json\/wp\/v2\/product\/10202","targetHints":{"allow":["GET"]}}],"collection":[{"href":"https:\/\/baselle.com\/en\/wp-json\/wp\/v2\/product"}],"about":[{"href":"https:\/\/baselle.com\/en\/wp-json\/wp\/v2\/types\/product"}],"wp:featuredmedia":[{"embeddable":true,"href":"https:\/\/baselle.com\/en\/wp-json\/wp\/v2\/media\/10225"}],"wp:attachment":[{"href":"https:\/\/baselle.com\/en\/wp-json\/wp\/v2\/media?parent=10202"}],"wp:term":[{"taxonomy":"product_brand","embeddable":true,"href":"https:\/\/baselle.com\/en\/wp-json\/wp\/v2\/product_brand?post=10202"},{"taxonomy":"product_cat","embeddable":true,"href":"https:\/\/baselle.com\/en\/wp-json\/wp\/v2\/product_cat?post=10202"},{"taxonomy":"product_tag","embeddable":true,"href":"https:\/\/baselle.com\/en\/wp-json\/wp\/v2\/product_tag?post=10202"}],"curies":[{"name":"wp","href":"https:\/\/api.w.org\/{rel}","templated":true}]}}