{"id":10201,"date":"2019-06-15T13:03:17","date_gmt":"2019-06-15T11:03:17","guid":{"rendered":"https:\/\/baselle.com\/?post_type=product&#038;p=10201"},"modified":"2020-02-27T19:05:38","modified_gmt":"2020-02-27T18:05:38","slug":"chanel-tweed-flap-bag-10201","status":"publish","type":"product","link":"https:\/\/baselle.com\/en\/product\/chanel-tweed-flap-bag-10201\/","title":{"rendered":"CHANEL Tweed Flap Bag"},"content":{"rendered":"<p>\n<strong>CHANEL Pom Pom Tweed Flap Bag Handtasche Beschreibung<\/strong><\/p>\n<p>Die originale CHANEL Pom Pom Tweed Flap Bag Handtasche ist eine aufwendig verarbeitete Handtasche im typisch zeitlosen Stil von Chanel. Sie ist aus hochwertig gewebten Tweedstoff mit Fransen und Bommel gefertigt und verf\u00fcgt \u00fcber gewebte Kettenriemen, einem CC-Turnlock und silberfarbener Hardware. Durch die Fransen, die Bommel und den Farbmix wird dieser klassischen Tasche ein verspielter Touch mit garantiertem Liebhaberfaktor verliehen. <\/p>\n<p>Der CC-Turnlock-Verschluss \u00f6ffnet sich zu einem schwarzen Innenfutter aus Stoff mit einem gro\u00dfen Rei\u00dfverschlussfach sowie einem gro\u00dfen Steckfach. Am Taschenr\u00fccken befindet sich ein weiteres aufgesetztes Steckfach. Diese CHANEL Tweed Flap Bag kann kurz sowie lang \u00fcber der Schulter getragen werden, so dass maximaler Tragekomfort garantiert ist.\n<\/p>\n<p>\n<strong>Excellent condition<\/strong><br \/>\nDiese CHANEL Pom Pom Tweed Flap Bag Handtasche aus zweiter Hand wurde kaum getragen und ist in einem sehr sch\u00f6nen gepflegten Zustand. Der Tweedstoff, das Tascheninnere sowie die silberne Hardware sind daher in einem einwandfreien Zustand.\n<\/p>\n<p>\n<strong>Style:<\/strong> Shoulder Bag<br \/>\n<strong>Size:<\/strong> Medium<br \/>\n<strong>Dimensions (approx.):<\/strong> Breite 25 cm * H\u00f6he 15,5 cm * Tiefe 7 cm<br \/>\n<strong>Strap length:<\/strong> einfach = 83 cm, doppelt = 53 cm\n<\/p>\n<p>\n<strong>Exterior material:<\/strong> Tweed<br \/>\n<strong>Interior Material<\/strong> fabric lining\n<\/p>\n<p>The pictures represent the offered bag. The picture rights are held by MyLovelyBoutique.com. <\/p>\n<p>Follow us on <a href=\"https:\/\/www.instagram.com\/mylovelyboutique.de\/\" rel=\"noopener noreferrer\" target=\"_blank\"><span style=\"color: #e0adea\">Instagram<\/span><\/a> und lass Dich von unseren Outfit-Ideen inspirieren. <\/p>","protected":false},"excerpt":{"rendered":"<br \/>\n<table class=\"mlb-product-details\">\n<tbody>\n<tr>\n<td class=\"mlb-details-caption\">Model<\/td>\n<td class=\"mlb-details-value\">Pom Pom Tweed Flap Bag<\/td>\n<\/tr>\n<tr>\n<td class=\"mlb-details-caption\">Colour<\/td>\n<td class=\"mlb-details-value\">Schwarz\/Wei\u00df\/Bunt<\/td>\n<\/tr>\n<tr>\n<td class=\"mlb-details-caption\">Hardware<\/td>\n<td class=\"mlb-details-value\">Silver<\/td>\n<\/tr>\n<tr>\n<td class=\"mlb-details-caption\">Year<\/td>\n<td class=\"mlb-details-value\">2015<\/td>\n<\/tr>\n<tr>\n<td class=\"mlb-details-caption\">Accessoires<\/td>\n<td class=\"mlb-details-value\">Dustbag, serialnumber with hologram<\/td>\n<\/tr>\n<tr>\n<td class=\"mlb-details-caption\">Condition<\/td>\n<td class=\"mlb-details-value\">Excellent condition<\/td>\n<\/tr>\n<\/tbody>\n<\/table>","protected":false},"featured_media":10204,"template":"","meta":[],"product_brand":[],"product_cat":[1430,154,85,99],"product_tag":[],"class_list":{"0":"post-10201","1":"product","2":"type-product","3":"status-publish","4":"has-post-thumbnail","6":"product_cat-chanel","7":"product_cat-designer","8":"product_cat-schultertaschen","9":"product_cat-taschen","11":"first","12":"outofstock","13":"sold-individually","14":"shipping-taxable","15":"purchasable","16":"product-type-simple"},"_links":{"self":[{"href":"https:\/\/baselle.com\/en\/wp-json\/wp\/v2\/product\/10201","targetHints":{"allow":["GET"]}}],"collection":[{"href":"https:\/\/baselle.com\/en\/wp-json\/wp\/v2\/product"}],"about":[{"href":"https:\/\/baselle.com\/en\/wp-json\/wp\/v2\/types\/product"}],"wp:featuredmedia":[{"embeddable":true,"href":"https:\/\/baselle.com\/en\/wp-json\/wp\/v2\/media\/10204"}],"wp:attachment":[{"href":"https:\/\/baselle.com\/en\/wp-json\/wp\/v2\/media?parent=10201"}],"wp:term":[{"taxonomy":"product_brand","embeddable":true,"href":"https:\/\/baselle.com\/en\/wp-json\/wp\/v2\/product_brand?post=10201"},{"taxonomy":"product_cat","embeddable":true,"href":"https:\/\/baselle.com\/en\/wp-json\/wp\/v2\/product_cat?post=10201"},{"taxonomy":"product_tag","embeddable":true,"href":"https:\/\/baselle.com\/en\/wp-json\/wp\/v2\/product_tag?post=10201"}],"curies":[{"name":"wp","href":"https:\/\/api.w.org\/{rel}","templated":true}]}}