{"id":10200,"date":"2019-06-15T13:56:10","date_gmt":"2019-06-15T11:56:10","guid":{"rendered":"https:\/\/baselle.com\/?post_type=product&#038;p=10200"},"modified":"2019-06-25T11:46:22","modified_gmt":"2019-06-25T09:46:22","slug":"louis-vuitton-pallas-monogram-canvas-10200","status":"publish","type":"product","link":"https:\/\/baselle.com\/en\/product\/louis-vuitton-pallas-monogram-canvas-10200\/","title":{"rendered":"Louis Vuitton Pallas"},"content":{"rendered":"<p>\n<strong>Louis Vuitton Pallas Monogram Canvas Handtasche Beschreibung<\/strong><\/p>\n<p>Die originale Louis Vuitton Pallas Monogram Canvas Handtasche vereint klassischen Stil mit moderner Funktionalit\u00e4t. Dieses Modell aus Monogram beschichtetem Canvas verf\u00fcgt \u00fcber farbige Kalbsleder-Akzente, sch\u00fctzende Taschenf\u00fc\u00dfe und goldfarbene Hardware. Die weichen Ledergriffe sowie der abnehmbare und verstellbare Schultergurt garantieren Dir maximalen Tragekomfort im Alltag.<\/p>\n<p>Der Zwei-Wege-Rei\u00dfverschluss an der Oberseite \u00f6ffnet sich zu einem braunen Innenraum aus Mikrofaser mit drei Steckf\u00e4chern sowie einem D-Ring, an dem sich z.B. der Schl\u00fcsselbund griffbereit aufbewahren l\u00e4sst. Zus\u00e4tzlichen Stauraum bieten die zwei Einsteckf\u00e4cher jeweils auf der Vorder- und R\u00fcckseite dieser wundersch\u00f6nen Tote Bag von Louis Vuitton.  <\/p>\n<p>Der Neupreis dieser Tasche liegt aktuell bei 1.880,00\u20ac.\n<\/p>\n<p>\n<strong>Very good condition:<\/strong><br \/>\nDiese Louis Vuitton Pallas Monogram Canvas Handtasche aus zweiter Hand ist insgesamt in einem sehr guten Zustand. Sie wurde wenig getragen und sehr pfleglich behandelt. Dementsprechend sind das beschichtete Canvas sowie das Kalbsleder in einem einwandfreien Zustand. Die Ledergriffe aus naturbelassenem Rindsleder haben eine dezente Patina gebildet. Auch das Tascheninnere ist sauber und weist keine L\u00f6cher\/Risse auf. Die goldfarbenen Hardware-Akzente sind in einem sehr guten Zustand.\n<\/p>\n<p>\n<strong>Style:<\/strong> Shoulder bag, handbag<br \/>\n<strong>Size:<\/strong> NM<br \/>\n<strong>Dimensions (approx.):<\/strong> width 34 cm * height 26 cm * depth 13 cm\n<\/p>\n<p>\n<strong>Exterior material:<\/strong> Monogram Canvas, Rindsleder, Kalbsleder<br \/>\n<strong>Interior Material<\/strong> microfibre lining\n<\/p>\n<p>The pictures represent the offered bag. The picture rights are held by MyLovelyBoutique.com.<\/p>\n<p>Follow us on <a href=\"https:\/\/www.instagram.com\/mylovelyboutique.de\/\" target=\"_blank\" rel=\"noopener noreferrer\"><span style=\"color: #e0adea\">Instagram<\/span><\/a> und lass Dich von unseren Outfit-Ideen inspirieren.<\/p>","protected":false},"excerpt":{"rendered":"<table class=\"mlb-product-details\">\n<tbody>\n<tr>\n<td class=\"mlb-details-caption\">Model<\/td>\n<td class=\"mlb-details-value\">Pallas Monogram Canvas<\/td>\n<\/tr>\n<tr>\n<td class=\"mlb-details-caption\">Colour<\/td>\n<td class=\"mlb-details-value\">Brown<\/td>\n<\/tr>\n<tr>\n<td class=\"mlb-details-caption\">Hardware<\/td>\n<td class=\"mlb-details-value\">Gold<\/td>\n<\/tr>\n<tr>\n<td class=\"mlb-details-caption\">Year<\/td>\n<td class=\"mlb-details-value\">2014<\/td>\n<\/tr>\n<tr>\n<td class=\"mlb-details-caption\">Accessoires<\/td>\n<td class=\"mlb-details-value\">Dustbag, removable shoulder strap<\/td>\n<\/tr>\n<tr>\n<td class=\"mlb-details-caption\">Condition<\/td>\n<td class=\"mlb-details-value\">Very good condition<\/td>\n<\/tr>\n<\/tbody>\n<\/table>","protected":false},"featured_media":10217,"template":"","meta":[],"product_brand":[],"product_cat":[154,68,1431,85,99],"product_tag":[],"class_list":{"0":"post-10200","1":"product","2":"type-product","3":"status-publish","4":"has-post-thumbnail","6":"product_cat-designer","7":"product_cat-handtaschen","8":"product_cat-louisvuitton","9":"product_cat-schultertaschen","10":"product_cat-taschen","11":"product_shipping_class-bis1000","13":"first","14":"outofstock","15":"sold-individually","16":"shipping-taxable","17":"purchasable","18":"product-type-simple"},"_links":{"self":[{"href":"https:\/\/baselle.com\/en\/wp-json\/wp\/v2\/product\/10200","targetHints":{"allow":["GET"]}}],"collection":[{"href":"https:\/\/baselle.com\/en\/wp-json\/wp\/v2\/product"}],"about":[{"href":"https:\/\/baselle.com\/en\/wp-json\/wp\/v2\/types\/product"}],"wp:featuredmedia":[{"embeddable":true,"href":"https:\/\/baselle.com\/en\/wp-json\/wp\/v2\/media\/10217"}],"wp:attachment":[{"href":"https:\/\/baselle.com\/en\/wp-json\/wp\/v2\/media?parent=10200"}],"wp:term":[{"taxonomy":"product_brand","embeddable":true,"href":"https:\/\/baselle.com\/en\/wp-json\/wp\/v2\/product_brand?post=10200"},{"taxonomy":"product_cat","embeddable":true,"href":"https:\/\/baselle.com\/en\/wp-json\/wp\/v2\/product_cat?post=10200"},{"taxonomy":"product_tag","embeddable":true,"href":"https:\/\/baselle.com\/en\/wp-json\/wp\/v2\/product_tag?post=10200"}],"curies":[{"name":"wp","href":"https:\/\/api.w.org\/{rel}","templated":true}]}}