{"id":10156,"date":"2019-05-29T14:23:12","date_gmt":"2019-05-29T12:23:12","guid":{"rendered":"https:\/\/baselle.com\/?post_type=product&#038;p=10156"},"modified":"2021-09-29T19:46:07","modified_gmt":"2021-09-29T17:46:07","slug":"chanel-large-shopper-10156","status":"publish","type":"product","link":"https:\/\/baselle.com\/en\/product\/chanel-large-shopper-10156\/","title":{"rendered":"CHANEL Large Shopper"},"content":{"rendered":"<p>\n<strong>CHANEL Large Shopper Leder Handtasche Beschreibung<\/strong><\/p>\n<p>Die originale CHANEL Large Shopper Leder Handtasche ist die perfekte Tasche f\u00fcr die Business-Frau: Sie ist elegant, schlicht und dennoch ein Highlight zu jedem Outfit. Diese moderne Tasche ist aus genarbtem Kalbsleder gefertigt und verf\u00fcgt \u00fcber sch\u00fctzende Taschenf\u00fc\u00dfe, doppelte Griffe aus Leder, seitliche Druckkn\u00f6pfe sowie eine Au\u00dfentasche mit Rei\u00dfverschluss. <\/p>\n<p>Durch den CC-Turnlock-Verschluss \u00f6ffnet sich die CHANEL Large Shopper Bag zu einem Lederinnenfutter in Bordeaux. Im Tascheninneren befinden sich zwei Steckf\u00e4cher, ein Rei\u00dfverschlussfach sowie ein Lederband mit Karabiner zum Anbringen von Schl\u00fcssel etc.\n<\/p>\n<p>\n<strong>Very good condition:<\/strong><br \/>\nDiese CHANEL Large Shopper Leder Handtasche aus zweiter Hand ist insgesamt in einem sehr guten Zustand. Die Tasche wurde mit Sorgfalt getragen, weshalb das genarbte Kalbsleder in einem gepflegten Zustand ist. Die goldfarbenen Hardware-Akzente sind in einem sehr sch\u00f6nen gl\u00e4nzenden Zustand. Das Tascheninnere ist sauber, ohne Ger\u00fcche und weist keine L\u00f6cher\/Risse auf.\n<\/p>\n<p>\n<strong>Style:<\/strong> Shoulder bag<br \/>\n<strong>Size:<\/strong> Large<br \/>\n<strong>Dimensions (approx.):<\/strong> Breite 36 cm * H\u00f6he 25,5 cm * Tiefe 13 cm<br \/>\n<strong>Shoulder chain:<\/strong> 60 cm\n<\/p>\n<p>\n<strong>Exterior material:<\/strong> genarbtes Kalbsleder<br \/>\n<strong>Interior Material<\/strong> leather\n<\/p>\n<p>The pictures represent the offered bag. The picture rights are held by MyLovelyBoutique.com. <\/p>\n<p>Follow us on <a href=\"https:\/\/www.instagram.com\/mylovelyboutique.de\/\" rel=\"noopener noreferrer\" target=\"_blank\"><span style=\"color: #96588a;\">Instagram<\/span><\/a> and get inspired. <\/p>","protected":false},"excerpt":{"rendered":"<table class=\"mlb-product-details\">\n<tbody>\n<tr>\n<td class=\"mlb-details-caption\">Model<\/td>\n<td class=\"mlb-details-value\">Large Shopper<\/td>\n<\/tr>\n<tr>\n<td class=\"mlb-details-caption\">Colour<\/td>\n<td class=\"mlb-details-value\">Black<\/td>\n<\/tr>\n<tr>\n<td class=\"mlb-details-caption\">Hardware<\/td>\n<td class=\"mlb-details-value\">Light gold<\/td>\n<\/tr>\n<tr>\n<td class=\"mlb-details-caption\">Year<\/td>\n<td class=\"mlb-details-value\">2017<\/td>\n<\/tr>\n<tr>\n<td class=\"mlb-details-caption\">Accessoires<\/td>\n<td class=\"mlb-details-value\">Dustbag, authenticity card, serialnumber with hologram<\/td>\n<\/tr>\n<tr>\n<td class=\"mlb-details-caption\">Condition<\/td>\n<td class=\"mlb-details-value\">Very good condition<\/td>\n<\/tr>\n<\/tbody>\n<\/table>","protected":false},"featured_media":12322,"template":"","meta":[],"product_brand":[],"product_cat":[1430,154,68,85,99],"product_tag":[],"class_list":{"0":"post-10156","1":"product","2":"type-product","3":"status-publish","4":"has-post-thumbnail","6":"product_cat-chanel","7":"product_cat-designer","8":"product_cat-handtaschen","9":"product_cat-schultertaschen","10":"product_cat-taschen","12":"first","13":"outofstock","14":"sold-individually","15":"shipping-taxable","16":"purchasable","17":"product-type-simple"},"_links":{"self":[{"href":"https:\/\/baselle.com\/en\/wp-json\/wp\/v2\/product\/10156","targetHints":{"allow":["GET"]}}],"collection":[{"href":"https:\/\/baselle.com\/en\/wp-json\/wp\/v2\/product"}],"about":[{"href":"https:\/\/baselle.com\/en\/wp-json\/wp\/v2\/types\/product"}],"wp:featuredmedia":[{"embeddable":true,"href":"https:\/\/baselle.com\/en\/wp-json\/wp\/v2\/media\/12322"}],"wp:attachment":[{"href":"https:\/\/baselle.com\/en\/wp-json\/wp\/v2\/media?parent=10156"}],"wp:term":[{"taxonomy":"product_brand","embeddable":true,"href":"https:\/\/baselle.com\/en\/wp-json\/wp\/v2\/product_brand?post=10156"},{"taxonomy":"product_cat","embeddable":true,"href":"https:\/\/baselle.com\/en\/wp-json\/wp\/v2\/product_cat?post=10156"},{"taxonomy":"product_tag","embeddable":true,"href":"https:\/\/baselle.com\/en\/wp-json\/wp\/v2\/product_tag?post=10156"}],"curies":[{"name":"wp","href":"https:\/\/api.w.org\/{rel}","templated":true}]}}