{"id":10077,"date":"2019-05-13T14:16:18","date_gmt":"2019-05-13T12:16:18","guid":{"rendered":"https:\/\/baselle.com\/?post_type=product&#038;p=10077"},"modified":"2019-05-31T15:21:49","modified_gmt":"2019-05-31T13:21:49","slug":"chanel-urban-backpack-10077","status":"publish","type":"product","link":"https:\/\/baselle.com\/en\/product\/chanel-urban-backpack-10077\/","title":{"rendered":"CHANEL Urban Backpack"},"content":{"rendered":"<p>\n<strong>CHANEL Urban Luxury Drawstring Backpack Beschreibung<\/strong><\/p>\n<p>Der originale CHANEL Urban Luxury Drawstring Backpack vereint elegantes Design mit l\u00e4ssigem Tragekomfort. Er ist aus schwarzem gestepptem Kalbsleder gefertigt und verf\u00fcgt \u00fcber einen gerollten Ledergriff, Schultergurte mit Kettengliedern, eine Au\u00dfentasche mit Frontklappe und silberfarbene Hardware mit Ruthenium-Finish. <\/p>\n<p>Der Kordel-Verschluss \u00f6ffnet sich zu einem schwarzen, gesteppten Lederfutter mit einem Rei\u00dfverschlussfach und zwei Steckf\u00e4chern. Der Urban Luxury Backpack kann als stylischer Rucksack und ebenso als schicke Handtasche getragen werden, so dass maximaler Tragekomfort garantiert ist.\n<\/p>\n<p>\n<strong>Very good condition:<\/strong><br \/>\nDieser CHANEL Urban Luxury Drawstring Backpack aus zweiter Hand ist insgesamt in einem sehr guten Zustand. Das Kalbsleder sowie die Ecken sind in einem guten Zustand. Das Tascheninnere ist sauber, ohne Ger\u00fcche und weist keine L\u00f6cher\/Risse auf. Die silberfarbenen Hardware-Akzente sind in einem sehr guten Zustand.<\/p>\n<p>\n<strong>Style:<\/strong> Rucksack\/Handtasche<br \/>\n<strong>Rucksackgr\u00f6\u00dfe:<\/strong> Large<br \/>\n<strong>Dimensions (approx.):<\/strong> Breite 30 cm * H\u00f6he 30 cm * Tiefe 16 cm\n<\/p>\n<p>\n<strong>Exterior material:<\/strong> calfskin leather<br \/>\n<strong>Interior Material<\/strong> leather\n<\/p>\n<p>The pictures represent the offered bag. The picture rights are held by MyLovelyBoutique.com. <\/p>\n<p>Follow us on <a href=\"https:\/\/www.instagram.com\/mylovelyboutique.de\/\" rel=\"noopener noreferrer\" target=\"_blank\"><span style=\"color: #e0adea\">Instagram<\/span><\/a> und lass Dich von unseren Outfit-Ideen inspirieren. <\/p>","protected":false},"excerpt":{"rendered":"<table class=\"mlb-product-details\">\n<tbody>\n<tr>\n<td class=\"mlb-details-caption\">Model<\/td>\n<td class=\"mlb-details-value\">Urban Luxury Drawstring Backpack<\/td>\n<\/tr>\n<tr>\n<td class=\"mlb-details-caption\">Colour<\/td>\n<td class=\"mlb-details-value\">Black<\/td>\n<\/tr>\n<tr>\n<td class=\"mlb-details-caption\">Hardware<\/td>\n<td class=\"mlb-details-value\">Silver with ruthenium finish<\/td>\n<\/tr>\n<tr>\n<td class=\"mlb-details-caption\">Year<\/td>\n<td class=\"mlb-details-value\">2016<\/td>\n<\/tr>\n<tr>\n<td class=\"mlb-details-caption\">Accessoires<\/td>\n<td class=\"mlb-details-value\">Box, Staubbeutel, Staubtuch, CC-Booklet, Authentizit\u00e4tskarte, Seriennummer mit Hologramm<\/td>\n<\/tr>\n<tr>\n<td class=\"mlb-details-caption\">Condition<\/td>\n<td class=\"mlb-details-value\">Very good condition<\/td>\n<\/tr>\n<\/tbody>\n<\/table>","protected":false},"featured_media":10080,"template":"","meta":[],"product_brand":[],"product_cat":[1430,154,88,99],"product_tag":[],"class_list":{"0":"post-10077","1":"product","2":"type-product","3":"status-publish","4":"has-post-thumbnail","6":"product_cat-chanel","7":"product_cat-designer","8":"product_cat-rucksaecke","9":"product_cat-taschen","11":"first","12":"outofstock","13":"sold-individually","14":"shipping-taxable","15":"purchasable","16":"product-type-simple"},"_links":{"self":[{"href":"https:\/\/baselle.com\/en\/wp-json\/wp\/v2\/product\/10077","targetHints":{"allow":["GET"]}}],"collection":[{"href":"https:\/\/baselle.com\/en\/wp-json\/wp\/v2\/product"}],"about":[{"href":"https:\/\/baselle.com\/en\/wp-json\/wp\/v2\/types\/product"}],"wp:featuredmedia":[{"embeddable":true,"href":"https:\/\/baselle.com\/en\/wp-json\/wp\/v2\/media\/10080"}],"wp:attachment":[{"href":"https:\/\/baselle.com\/en\/wp-json\/wp\/v2\/media?parent=10077"}],"wp:term":[{"taxonomy":"product_brand","embeddable":true,"href":"https:\/\/baselle.com\/en\/wp-json\/wp\/v2\/product_brand?post=10077"},{"taxonomy":"product_cat","embeddable":true,"href":"https:\/\/baselle.com\/en\/wp-json\/wp\/v2\/product_cat?post=10077"},{"taxonomy":"product_tag","embeddable":true,"href":"https:\/\/baselle.com\/en\/wp-json\/wp\/v2\/product_tag?post=10077"}],"curies":[{"name":"wp","href":"https:\/\/api.w.org\/{rel}","templated":true}]}}