{"id":10015,"date":"2019-04-22T19:50:06","date_gmt":"2019-04-22T17:50:06","guid":{"rendered":"https:\/\/baselle.com\/?post_type=product&#038;p=10015"},"modified":"2019-05-05T11:53:38","modified_gmt":"2019-05-05T09:53:38","slug":"chanel-happy-stitch-green-10015","status":"publish","type":"product","link":"https:\/\/baselle.com\/en\/product\/chanel-happy-stitch-green-10015\/","title":{"rendered":"CHANEL Happy Stitch"},"content":{"rendered":"<p>\n<strong>CHANEL Happy Stitch Flap Bag Handtasche Beschreibung<\/strong><\/p>\n<p>Die originale CHANEL Happy Stitch Flap Bag Handtasche ist ein schickes und zeitloses Accessoire f\u00fcr jede moderne Frau. Sie ist aus dunkelgr\u00fcnem, gestepptem Nubuk-Kalbsleder gefertigt und verf\u00fcgt \u00fcber einen eingewebten Leder-Kettenriemen mit Schulterpolster, Whipstitch-Details an den Bord\u00fcren, eine aufgesetzte Au\u00dfentasche, einen CC-Turnlock und goldfarbener Hardware mit Ruthenium-Finish. <\/p>\n<p>Der CC-Turnlock-Verschluss \u00f6ffnet sich zu einem roten Innenfutter aus Stoff mit einem gro\u00dfen Rei\u00dfverschlussfach und zwei Einsteckf\u00e4cher, die sich perfekt f\u00fcr das N\u00f6tigste eignen. Diese CHANEL Flap Bag kann kurz sowie lang \u00fcber der Schulter oder Crossbody getragen werden, so dass maximaler Tragekomfort garantiert ist. Ein auff\u00e4lliges Luxusst\u00fcck nur von Chanel!\n<\/p>\n<p>\n<strong>Excellent condition<\/strong><br \/>\nDiese CHANEL Happy Stitch Flap Bag Edelwei\u00df Handtasche aus zweiter Hand ist in einem hervorragenden Zustand. Die Tasche wurde kaum getragen. Dementsprechend sind das Nubuk-Kalbsleder sowie die goldfarbene Hardware in einem einwandfreien Zustand. Auch das Tascheninnere ist sauber, ohne Ger\u00fcche und weist keine L\u00f6cher\/Risse auf.\n<\/p>\n<p>\n<strong>Style:<\/strong> Shoulder bag, crossbody<br \/>\n<strong>Size:<\/strong> Jumbo<br \/>\n<strong>Dimensions (approx.):<\/strong> Breite 30 cm * H\u00f6he 20 cm * Tiefe 7,5 cm<br \/>\n<strong>Strap length:<\/strong> einfach = 101 cm, doppelt = 62 cm\n<\/p>\n<p>\n<strong>Exterior material:<\/strong> Nubuk-Kalbsleder<br \/>\n<strong>Interior Material<\/strong> fabric lining\n<\/p>\n<p>The pictures represent the offered bag. The picture rights are held by MyLovelyBoutique.com. <\/p>\n<p>Follow us on <a href=\"https:\/\/www.instagram.com\/mylovelyboutique.de\/\" rel=\"noopener noreferrer\" target=\"_blank\"><span style=\"color: #e0adea\">Instagram<\/span><\/a> und lass Dich von unseren Outfit-Ideen inspirieren. <\/p>","protected":false},"excerpt":{"rendered":"<br \/>\n<table class=\"mlb-product-details\">\n<tbody>\n<tr>\n<td class=\"mlb-details-caption\">Model<\/td>\n<td class=\"mlb-details-value\">Happy Stitch Jumbo Flap Bag<\/td>\n<\/tr>\n<tr>\n<td class=\"mlb-details-caption\">Colour<\/td>\n<td class=\"mlb-details-value\">Dark green<\/td>\n<\/tr>\n<tr>\n<td class=\"mlb-details-caption\">Hardware<\/td>\n<td class=\"mlb-details-value\">Goldfarben mit Ruthenium-Finish<\/td>\n<\/tr>\n<tr>\n<td class=\"mlb-details-caption\">Year<\/td>\n<td class=\"mlb-details-value\">2015<\/td>\n<\/tr>\n<tr>\n<td class=\"mlb-details-caption\">Accessoires<\/td>\n<td class=\"mlb-details-value\">Originalrechnung, Staubbeutel, Box, Authentizit\u00e4tskarte, Seriennummer mit Hologramm<\/td>\n<\/tr>\n<tr>\n<td class=\"mlb-details-caption\">Condition<\/td>\n<td class=\"mlb-details-value\">Excellent condition<\/td>\n<\/tr>\n<\/tbody>\n<\/table>","protected":false},"featured_media":10017,"template":"","meta":[],"product_brand":[],"product_cat":[1430,87,154,85,99],"product_tag":[],"class_list":{"0":"post-10015","1":"product","2":"type-product","3":"status-publish","4":"has-post-thumbnail","6":"product_cat-chanel","7":"product_cat-crossbodytaschen","8":"product_cat-designer","9":"product_cat-schultertaschen","10":"product_cat-taschen","12":"first","13":"outofstock","14":"sold-individually","15":"shipping-taxable","16":"purchasable","17":"product-type-simple"},"_links":{"self":[{"href":"https:\/\/baselle.com\/en\/wp-json\/wp\/v2\/product\/10015","targetHints":{"allow":["GET"]}}],"collection":[{"href":"https:\/\/baselle.com\/en\/wp-json\/wp\/v2\/product"}],"about":[{"href":"https:\/\/baselle.com\/en\/wp-json\/wp\/v2\/types\/product"}],"wp:featuredmedia":[{"embeddable":true,"href":"https:\/\/baselle.com\/en\/wp-json\/wp\/v2\/media\/10017"}],"wp:attachment":[{"href":"https:\/\/baselle.com\/en\/wp-json\/wp\/v2\/media?parent=10015"}],"wp:term":[{"taxonomy":"product_brand","embeddable":true,"href":"https:\/\/baselle.com\/en\/wp-json\/wp\/v2\/product_brand?post=10015"},{"taxonomy":"product_cat","embeddable":true,"href":"https:\/\/baselle.com\/en\/wp-json\/wp\/v2\/product_cat?post=10015"},{"taxonomy":"product_tag","embeddable":true,"href":"https:\/\/baselle.com\/en\/wp-json\/wp\/v2\/product_tag?post=10015"}],"curies":[{"name":"wp","href":"https:\/\/api.w.org\/{rel}","templated":true}]}}