{"id":5270,"date":"2016-12-30T18:26:14","date_gmt":"2016-12-30T17:26:14","guid":{"rendered":"http:\/\/sportwagencheck24.com\/wordpress\/?page_id=5270"},"modified":"2024-05-22T00:18:48","modified_gmt":"2024-05-21T22:18:48","slug":"zahlung","status":"publish","type":"page","link":"https:\/\/baselle.com\/en\/zahlung\/","title":{"rendered":"Payment Methods"},"content":{"rendered":"<div class=\"content-post\">\n<p>The following payment methods are basically available in our online shop:<\/p>\n<ul>\n<li>Buy in instalments by easyCredit<\/li>\n<li>Advance payment by bank transfer (within 5 days after receipt of order)<\/li>\n<li>Credit card: Mastercard, VISA, American Express<\/li>\n<li>Klarna: invoice purchase, instalments, pay now<\/li>\n<li>PayPal<\/li>\n<li>Cash on delivery<\/li>\n<\/ul>\n<p>When completing your order, you can choose which payment method you want to use for your purchase.<\/p>\n<h4>Buy in instalments by easyCredit<img decoding=\"async\" src=\"https:\/\/baselle.com\/app\/uploads\/2023\/08\/easyCredit-Ratenkauf_eC-blau_1000x652_mit-Schutzraum_RGB-e1692911034155.png\" class=\"pay-meth\" alt=\"SEPA-Logo\" \/><\/h4>\n<p>Instalments by easyCredit offers customers in Germany the opportunity to pay for shopping baskets with order values of \u20ac200 - \u20ac10,000 conveniently and easily in instalments. The goods will be sent to you before you pay for them. You can select the term and amount of the monthly instalments in the final order step. Legitimisation, e.g. via PostIdent or video, is not necessary! All the necessary information is entered directly online when you place your order. You will receive your detailed instalment plan by e-mail. The easyCredit instalment purchase is a product of TeamBank AG, Beuthener Stra\u00dfe 25, 90471 Nuremberg. As this is an independent billing company, we have no influence if your desired payment method is rejected.<\/p>\n<h4>Advance Payment<img decoding=\"async\" src=\"https:\/\/baselle.com\/app\/uploads\/2019\/09\/201eae4d-vorkasse-logo.png\" class=\"pay-meth\" alt=\"SEPA-Logo\" \/><\/h4>\n<p>If you select advance payment we provide you with our bank details in a separate e-mail.  Please transfer the total amount to our bank account within 5 days. The goods will be dispatched after receipt of payment.<\/p>\n<h4>Credit card <img decoding=\"async\" src=\"https:\/\/baselle.com\/app\/uploads\/2017\/01\/mastercard-e1484486843481.png\" class=\"pay-meth\" alt=\"Master Card Logo\" \/><img decoding=\"async\" src=\"https:\/\/baselle.com\/app\/uploads\/2017\/01\/visa-e1484486833931.png\" class=\"pay-meth\" alt=\"Visa Logo\" \/><img decoding=\"async\" src=\"https:\/\/baselle.com\/app\/uploads\/2017\/01\/american-express-e1484486824516.png\" class=\"pay-meth\" alt=\"American Express\" \/><\/h4>\n<p>You can use the following credit cards: Mastercard, VISA, American Express.<br \/>\nOnce your credit card has been authorised, it will be charged immediately and you will receive an order confirmation from us. The goods will be dispatched to you immediately.<\/p>\n<h4>Instalments by Klarna <img decoding=\"async\" src=\"https:\/\/x.klarnacdn.net\/payment-method\/assets\/badges\/generic\/klarna.svg\" class=\"pay-meth\" alt=\"Klarna Logo\" \/><\/h4>\n<p>With Klarna's flexible instalment purchase, you can decide how much of your invoice you want to pay each month. Please note: The monthly instalment is at least 1\/24 of the total amount and must not be less than \u20ac6.95 in total. In addition, Klarna instalment purchase is only available for consumers. The goods will be sent to you before you pay for them. Further information such as Klarna's terms and conditions or privacy policy can be found <a href=\"https:\/\/www.klarna.com\/de\/agb\/\" target=\"_blank\" rel=\"noopener noreferrer\"><span style=\"color: #96588a;\">here<\/span><\/a>.<\/p>\n<h4>Invoice purchase by Klarna <img decoding=\"async\" src=\"https:\/\/x.klarnacdn.net\/payment-method\/assets\/badges\/generic\/klarna.svg\" class=\"pay-meth\" alt=\"Klarna Logo\" \/><\/h4>\n<p>To be able to use the Klarna invoice purchase payment method, please note the following requirements:<br \/>\nYou must be at least 18 years old and your delivery, billing and registration addresses must match. In addition, Klarna invoice purchase is only available for consumers. Klarna also sets a maximum purchase amount on account after a credit check. If this maximum amount is exceeded, the order will be cancelled.<\/p>\n<p>After a positive identity and credit check by Klarna, your data will be verified and an order confirmation will be sent to you. The goods will then be dispatched to you immediately and you will receive your Klarna invoice (please note that this invoice is not in our name, but is sent directly by Klarna). When paying by invoice, you can only pay for the goods once you have received them. The payment period is 14 days from the invoice date.<\/p>\n<p>As Klarna is an independent billing company, we have no influence if your desired payment method with Klarna is rejected. Please contact the Klarna customer service. You can find more information about Klarna invoice purchases <a href=\"https:\/\/cdn.klarna.com\/1.0\/shared\/content\/legal\/terms\/0\/de_de\/invoice\" target=\"_blank\" rel=\"noopener noreferrer\"> <span style=\"color: #96588a;\">here<\/span><\/a>.<\/p>\n<h4>Pay by PayPal <img decoding=\"async\" src=\"https:\/\/baselle.com\/app\/uploads\/2019\/09\/d7d38ce8-de-pp-logo-100px.png\" class=\"pay-meth\" alt=\"Paypal Logo\" \/><\/h4>\n<p>To be able to pay with PayPal, you need to register with PayPal. You can find more information about PayPal <a href=\"https:\/\/www.paypal.com\/de\/webapps\/mpp\/paypal-popup\" target=\"_blank\" rel=\"noopener noreferrer\"> <span style=\"color: #96588a;\">here<\/span><\/a>.<\/p>\n<h4>Instalments by PayPal <img decoding=\"async\" src=\"https:\/\/baselle.com\/app\/uploads\/2020\/02\/fc90abc2-paypal_ratenzahlung_h_farbe.png\" class=\"pay-meth\" alt=\"Paypal Logo\" \/><\/h4>\n<p>To be able to pay with PayPal instalments, you need to register with PayPal. Payment by instalments is offered as an additional payment source as part of the payment process with PayPal and is available subject to a credit check. The lender is PayPal (Europe) S.\u00e0 r.l. et Cie, S.C.A., 22-24 Boulevard Royal, L-2449 Luxembourg. You can find more information about PayPal instalment payment <a href=\"https:\/\/www.paypal.com\/de\/webapps\/mpp\/paypal-instalments\" target=\"_blank\" rel=\"noopener noreferrer\"> <span style=\"color: #96588a;\">here<\/span><\/a>.<\/p>\n<h4>Cash on delivery<\/h4>\n<p>With the cash on delivery service, you receive the ordered goods by paying the specified cash on delivery amount to the DHL delivery agent.<\/p>\n<\/div>\n<p><!-- AUSGEBLENDET --><\/p>\n<p><!--\n\n\n<h4>Ratenkauf <img decoding=\"async\" src=\"https:\/\/baselle.com\/wordpress\/app\/uploads\/2017\/01\/klarna-ratenkauf-e1484487086230.png\" class=\"pay-meth\" alt=\"Klarna Logo\" \/><\/h4>\n\n\nMit dem flexiblen Ratenkauf von Klarna kannst Du entscheiden wie viel Du von Deiner Rechnung jeden Monat bezahlen m\u00f6chtest. Bitte beachte: Die monatliche Rate betr\u00e4gt mindestens 1\/24 des Gesamtbetrages und darf  insgesamt nicht unter 6,95 \u20ac liegen. Die Ware wird Dir zugesendet noch bevor Du diese bezahlst. Weitere Informationen wie die AGB oder Datenschutzbestimmungen von Klarna findest Du <a href=\"http:\/\/klarna-de.custhelp.com\/\" target=\"_blank\" rel=\"noopener noreferrer\">hier<\/a>.\n\n\n<h4>Zahlung auf Rechnung <img decoding=\"async\" src=\"https:\/\/baselle.com\/wordpress\/app\/uploads\/2017\/01\/klarna-rechnung-e1484487183224.png\" class=\"pay-meth\" alt=\"Klarna Logo\" \/><\/h4>\n\n\nUm die Zahlungsmethode Klarna-Rechnungskauf nutzen zu k\u00f6nnen, beachte bitte folgende Voraussetzungen:\nDu musst mindestens 18 Jahre alt sein und Deine Liefer-, Rechnungs- und Meldeadresse m\u00fcssen \u00fcbereinstimmen. Au\u00dferdem legt Klarna nach einer Bonit\u00e4tspr\u00fcfung einen maximalen Einkaufsbetrag auf Rechnung fest. Bei \u00dcberschreitung dieses Maximalbetrages wird die Bestellung fehlschlagen.\n\nNach einer positiven Identit\u00e4ts- und Bonit\u00e4tspr\u00fcfung durch Klarna, werden Deine Daten verifiziert und eine Bestellbest\u00e4tigung wird von uns an Dich versandt. Die Ware wird danach sofort an dich verschickt und Du erh\u00e4ltst Deine Klarna Rechnung (beachte, dass diese Rechnung nicht auf uns lautet, sondern direkt von Klarna versandt wird). Bei der Zahlung auf Rechnung kannst Du die Ware erst bezahlen, sobald Du die Ware erhalten hast. Die Zahlungsfrist betr\u00e4gt 14 Tage ab Rechnungsdatum.\n\nDa Klarna ein unabh\u00e4ngiges Rechnungsunternehmen ist, haben wir keinen Einfluss darauf, wenn Deine gew\u00fcnschte Bezahlmethode mit Klarna abgelehnt wird. Kontaktiere hierzu bitte den Klarna-Kundenservie.\n\n--><br \/>\n<!--\n\n\n<h4>Barzahlung bei Abholung <img decoding=\"async\" src=\"https:\/\/baselle.com\/app\/uploads\/2017\/01\/cash-on-pickup-e1484487363722.png\" class=\"pay-meth\" alt=\"Barabholung Logo\" \/><\/h4>\n\n\nDu kannst alle verf\u00fcgbaren Produkte aus unserem Onlineshop vor Ort pers\u00f6nlich besichtigen, bar bezahlen und mitnehmen.\nHierzu bitten wir Dich um eine vorige Terminabsprache.\n\n--><br \/>\n<!--\n\n\n<h4>SOFORT \u00dcberweisung <img decoding=\"async\" src=\"https:\/\/baselle.com\/wordpress\/app\/uploads\/2017\/01\/250x94-e1484486695520.png\" class=\"pay-meth\" alt=\"Sofort Logo\" \/><\/h4>\n\n\nSOFORT \u00dcberweisung ist ein T\u00dcV-zertifiziertes Online-Bezahlsystem, mit dem Du sicher, schnell und ohne Registrierung zahlen kannst.\nUm mit SOFORT bezahlen zu k\u00f6nnen, ben\u00f6tigst Du Deine Online-Banking Zugangsdaten sowie PIN und TAN.\nNachdem Du mithilfe Deiner BIC\/BLZ Dein Bankinstitut, welches die \u00dcberweisung ausf\u00fchrt, ausgew\u00e4hlt hast, kommst Du in den Login-Bereich des gesch\u00fctzten Zahlformulars.\nNun kannst Du Dich mit Deinen Online-Banking Zugangsdaten anmelden. Diese Daten werden verschl\u00fcsselt an Dein Bankinstitut \u00fcbermittelt. Daraufhin wirst Du (wie Du es bereits vom Online-Banking kennst) nach Deiner einmal nutzbaren TAN gefragt. Nach erfolgreicher Eingabe erh\u00e4ltst Du eine Bestellbest\u00e4tigung von uns mit \u00dcbersicht zu Deiner \u00dcberweisung.\nAnschlie\u00dfend werden wir die Bestellung sofort an Dich verschicken.\n\n--><\/p>","protected":false},"excerpt":{"rendered":"<p>Wir bieten Dir folgende Zahlungsmethoden an: Ratenkauf by easyCredit Vorkasse\/Vorab\u00fcberweisung (innerhalb 5 Tage nach Abschluss der Bestellung) Kreditkartenzahlung: Mastercard, VISA, American Express Klarna: Rechnung, Ratenkauf, Sofort\u00fcberweisung PayPal Zahlung, PayPal Ratenzahlung Nachnahme Beim Bestellabschluss kannst Du ausw\u00e4hlen, welche Zahlungsart Du f\u00fcr Deinen Einkauf nutzt. Ratenkauf by easyCredit Der Ratenkauf by easyCredit bietet Kunden in Deutschland die&#8230;<\/p>\n<p><a class=\"read-more\" href=\"https:\/\/baselle.com\/en\/zahlung\/\">weiterlesen<\/a><\/p>","protected":false},"author":1,"featured_media":0,"parent":0,"menu_order":0,"comment_status":"closed","ping_status":"closed","template":"template-fullwidth.php","meta":{"footnotes":""},"class_list":["post-5270","page","type-page","status-publish","hentry"],"_links":{"self":[{"href":"https:\/\/baselle.com\/en\/wp-json\/wp\/v2\/pages\/5270","targetHints":{"allow":["GET"]}}],"collection":[{"href":"https:\/\/baselle.com\/en\/wp-json\/wp\/v2\/pages"}],"about":[{"href":"https:\/\/baselle.com\/en\/wp-json\/wp\/v2\/types\/page"}],"author":[{"embeddable":true,"href":"https:\/\/baselle.com\/en\/wp-json\/wp\/v2\/users\/1"}],"replies":[{"embeddable":true,"href":"https:\/\/baselle.com\/en\/wp-json\/wp\/v2\/comments?post=5270"}],"version-history":[{"count":59,"href":"https:\/\/baselle.com\/en\/wp-json\/wp\/v2\/pages\/5270\/revisions"}],"predecessor-version":[{"id":20928,"href":"https:\/\/baselle.com\/en\/wp-json\/wp\/v2\/pages\/5270\/revisions\/20928"}],"wp:attachment":[{"href":"https:\/\/baselle.com\/en\/wp-json\/wp\/v2\/media?parent=5270"}],"curies":[{"name":"wp","href":"https:\/\/api.w.org\/{rel}","templated":true}]}}