{"id":5266,"date":"2016-12-30T18:03:23","date_gmt":"2016-12-30T17:03:23","guid":{"rendered":"http:\/\/sportwagencheck24.com\/wordpress\/?page_id=5266"},"modified":"2024-04-21T22:44:46","modified_gmt":"2024-04-21T20:44:46","slug":"garantiert-originale","status":"publish","type":"page","link":"https:\/\/baselle.com\/en\/garantiert-originale\/","title":{"rendered":"Originalit\u00e4tsversprechen"},"content":{"rendered":"<div class=\"content-post\">\n<div class=\"mlb-post-image-fullsize\">\n<img decoding=\"async\" src=\"https:\/\/baselle.com\/app\/uploads\/2023\/09\/Echtheitspruefung-Bild.png\" \/>\n<\/div>\n<\/div>\n<div class=\"container\">\n<div class=\"row\">\n<div class=\"col-full\">\n<h2 class=\"separator\">\n<span>The promise<\/span><br \/>\n<\/h2>\n<div class=\"orgi-intro\">\nDas Einkaufen von gebrauchten Luxusartikeln ist nicht einfach. Zum einen ist da die Unsicherheit \u00fcber Echtheit und Zustand und zum anderen ist eine R\u00fcckgabe entweder mit einem kompliziert langen Prozedere verbunden oder gar unm\u00f6glich. Wenn man sich schon einen exklusiven Designerschatz g\u00f6nnen will, m\u00f6chte man nat\u00fcrlich nur <strong>das Beste<\/strong> an Qualit\u00e4t und nat\u00fcrlich Originalit\u00e4t haben.<\/p>\n<p>Der Markt ist leider mittlerweile mit zahlreich gef\u00e4lschten Produkten \u00fcberschwemmt und das macht es einem Laien besonders schwer bis unm\u00f6glich herauszufinden, ob der Luxusartikel tats\u00e4chlich original ist und ob auch der Qualit\u00e4tszustand dem angebotenen Preis entspricht.\n<\/p><\/div>\n<div class=\"orgi-img-right\">\n<img decoding=\"async\" src=\"https:\/\/baselle.com\/app\/uploads\/2023\/09\/IMG_3233-Kopie.png\" class=\"imgBorder\" alt=\"bild linksb\u00fcndig\" \/>\n<\/div>\n<div class=\"original-container\">\nEin <strong>exklusives Designerst\u00fcck<\/strong> kann man durchaus als <strong>Geldanlage bzw. Investition<\/strong> betrachten und m\u00f6chte nat\u00fcrlich zu einem soliden Preis, ein 100prozentiges Original einkaufen, das mit seinem Zustand den k\u00fcnftigen Wert steigert oder zumindest sichert. Niemand m\u00f6chte beim Wiederverkauf mit dem Vorwurf konfrontiert werden, dass man ein Plagiat anbietet und Markenpiraterie unterst\u00fctzt.<\/p>\n<p>Bei MyLovelyBoutique.com kannst Du sicher und sorgenfrei einkaufen! Denn jeder verkaufte Artikel geht mit einer <strong>100 % Geld-zur\u00fcck-Garantie<\/strong> f\u00fcr die Originalit\u00e4t sowie einem 14-t\u00e4gigen <strong>R\u00fcckgaberecht<\/strong> einher. Dadurch kannst Du den Zustand des Artikels pers\u00f6nlich begutachten und diesen bei Nichtgefallen einfach wieder an uns zur\u00fcck senden. <\/p>\n<p><strong>Wir garantieren,<\/strong> dass es sich bei unseren Produkten ausschlie\u00dflich zu <strong>100 %<\/strong> um <strong>Originalware<\/strong> handelt. Jedes unserer Secondhand Designer St\u00fccke wurde einer pr\u00e4zisen Authentizit\u00e4tskontrolle unterzogen. Mit der langj\u00e4hrigen Erfahrung von MyLovelyBoutique.com im Umgang mit zahlreichen hochwertigen CHANEL und LOUIS VUITTON Produkten, m\u00f6chten wir unseren Kunden nicht nur ein sorgenfreies Einkaufserlebnis garantieren, sondern setzen uns tatkr\u00e4ftig und entschlossen f\u00fcr die Bek\u00e4mpfung von Produkt- und Markenpiraterie im Internet ein.\n<\/p>\n<\/div>\n<h2 class=\"separator\">\n<span>Unsere Leidenschaft<\/span><br \/>\n<\/h2>\n<div class=\"orgi-intro\">\nWir von MyLovelyBoutique.com lieben und sch\u00e4tzen die <strong>Qualit\u00e4t<\/strong> und die <strong>Handwerkskunst<\/strong> namhafter Designer, die mit gutem Grund Modegeschichte geschrieben haben. Diese stehen nicht nur f\u00fcr modische Kreationen, sondern f\u00fcr pr\u00e4zise verarbeitete Lederwaren \u2013 gefertigt in Manufakturen, deren <strong>Savoir-faire<\/strong> in jedes Detail einflie\u00dft. Und mit genau diesem K\u00f6nnen sind die etablierten H\u00e4user den Produktf\u00e4lschern haushoch \u00fcberlegen. <\/p>\n<p>Das Augenmerk auf Qualit\u00e4t von Verarbeitung und Materialien macht hier den himmelweiten Unterschied. W\u00e4hrend billige Nachahmungen nach k\u00fcrzester Zeit kaputt  im M\u00fcll landen, werden Originale \u00fcber mehrere Jahrzehnte getragen und &#8211; wenn dann doch einmal n\u00f6tig &#8211; anstandslos von Herstellern wie CHANEL oder Louis Vuitton repariert. Die lange Freude an einem Produkt, die Wertsch\u00e4tzung, die Nachhaltigkeit, die Langlebigkeit, die Geschichte, dies sind nur ein paar Gr\u00fcnde, die unsere Leidenschaft f\u00fcr Originalware und unsere Motivation im Kampf gegen Plagiate begr\u00fcnden!\n<\/p><\/div>\n<h2 class=\"separator\">\n<span>Authentication process<\/span><br \/>\n<\/h2>\n<div class=\"orgi-intro\">\nNach Eingang ausgew\u00e4hlter Luxustaschen- und accessoires bei uns, werden diese versiert <strong>auf Originalit\u00e4t sowie auf Einhaltung der Qualit\u00e4tsstandards gepr\u00fcft<\/strong> und mit viel Sorgfalt ausgesucht.\n<\/div>\n<div class=\"orgi-container-2\">\n<img decoding=\"async\" src=\"https:\/\/baselle.com\/app\/uploads\/2023\/09\/IMG_3244.png\" class=\"imgBorder\" alt=\"bild linksb\u00fcndig\" \/><\/p>\n<div class=\"orgi-container_text-2\">\nHierbei spielen die routinierte und t\u00e4gliche Arbeit mit Produkten von CHANEL wie LOUIS VUITTON nicht weniger eine Rolle wie die Untersuchung auf Basis unserer Datenbank zu den Authentizit\u00e4tsmerkmalen und der direkte Vergleich von lagernden Modellen untereinander. <\/p>\n<p>Der <strong>t\u00e4gliche Umgang<\/strong> mit hochwertigen Luxussch\u00e4tzen entlarvt ein Plagiat meist schon nach dem ersten Anfassen! Die Verwendung minderwertiger Materialien f\u00e4llt unseren Experten ebenso schnell auf, wie Fehler bei den Produktdetails, die den F\u00e4lschern h\u00e4ufig unterlaufen. Wir <strong>nehmen alle Details<\/strong> wie die Verarbeitung der N\u00e4hte, das Logo, die Schnitte verwendeter Materialien uvm. genauestens <strong>unter die Lupe<\/strong>. &#8220;B-Ware&#8221; oder &#8220;Zweite Wahl&#8221; wird weder von CHANEL, Herm\u00e8s noch von Louis Vuitton angeboten.\n<\/div>\n<\/div>\n<div class=\"orgi-outro\">\nDurch den fundierten Background, dem tagt\u00e4glichen Umgang und somit der Senior-Erfahrung mit gebrauchten Luxuswaren, haben wir uns einzigartige F\u00e4higkeiten im Beriech Qualit\u00e4ts- und Echtheitskontrolle angeeignet, die jedes Plagiat sofort entlarven und extrem wertmindernde Besch\u00e4digungen sofort erkennen und ausschlie\u00dfen l\u00e4sst. Bei jeder noch so kleinen Unstimmigkeit wird ein Ankauf bzw. ein Verkauf im Kundenauftrag von MyLovelyBoutique.com abgelehnt. Denn bei uns kommen nur die Produkte in den Verkauf, die unserer strengen Echtheitskontrolle standhalten! <\/p>\n<p>Deshalb k\u00f6nnen wir Dir nur sehr ans Herz legen, Deine Designertasche oder andere gebrauchte Luxusartikel bei einem professionellen Shop wie MyLovelyBoutique.com zu kaufen, damit Du f\u00fcr Dein Geld auch den originalen Traum genie\u00dfen kannst sowie den damit verbundenen Wert erh\u00e4ltst und nicht mit einem wertlosen Plagiat \u00fcberrascht wirst.\n<\/p><\/div>\n<\/div>\n<\/div>\n<\/div>","protected":false},"excerpt":{"rendered":"<p>Unser Versprechen Das Einkaufen von gebrauchten Luxusartikeln ist nicht einfach. Zum einen ist da die Unsicherheit \u00fcber Echtheit und Zustand und zum anderen ist eine R\u00fcckgabe entweder mit einem kompliziert langen Prozedere verbunden oder gar unm\u00f6glich. Wenn man sich schon einen exklusiven Designerschatz g\u00f6nnen will, m\u00f6chte man nat\u00fcrlich nur das Beste an Qualit\u00e4t und nat\u00fcrlich&#8230;<\/p>\n<p><a class=\"read-more\" href=\"https:\/\/baselle.com\/en\/garantiert-originale\/\">weiterlesen<\/a><\/p>","protected":false},"author":1,"featured_media":0,"parent":0,"menu_order":0,"comment_status":"closed","ping_status":"closed","template":"template-fullwidth-no-breadcrumbs.php","meta":{"footnotes":""},"class_list":["post-5266","page","type-page","status-publish","hentry"],"_links":{"self":[{"href":"https:\/\/baselle.com\/en\/wp-json\/wp\/v2\/pages\/5266","targetHints":{"allow":["GET"]}}],"collection":[{"href":"https:\/\/baselle.com\/en\/wp-json\/wp\/v2\/pages"}],"about":[{"href":"https:\/\/baselle.com\/en\/wp-json\/wp\/v2\/types\/page"}],"author":[{"embeddable":true,"href":"https:\/\/baselle.com\/en\/wp-json\/wp\/v2\/users\/1"}],"replies":[{"embeddable":true,"href":"https:\/\/baselle.com\/en\/wp-json\/wp\/v2\/comments?post=5266"}],"version-history":[{"count":60,"href":"https:\/\/baselle.com\/en\/wp-json\/wp\/v2\/pages\/5266\/revisions"}],"predecessor-version":[{"id":20025,"href":"https:\/\/baselle.com\/en\/wp-json\/wp\/v2\/pages\/5266\/revisions\/20025"}],"wp:attachment":[{"href":"https:\/\/baselle.com\/en\/wp-json\/wp\/v2\/media?parent=5266"}],"curies":[{"name":"wp","href":"https:\/\/api.w.org\/{rel}","templated":true}]}}