{"id":5260,"date":"2016-12-30T17:40:17","date_gmt":"2016-12-30T16:40:17","guid":{"rendered":"http:\/\/sportwagencheck24.com\/wordpress\/?page_id=5260"},"modified":"2024-09-04T19:55:51","modified_gmt":"2024-09-04T17:55:51","slug":"ruecknahme","status":"publish","type":"page","link":"https:\/\/baselle.com\/en\/ruecknahme\/","title":{"rendered":"WITHDRAWAL &amp; RIGHT OF CANCELLATION"},"content":{"rendered":"<p>\nPlease note that all orders placed from and shipped outside of the EU are final and cannot be returned or exchanged.\n<\/p>\n<p>\nThe following statutory right of cancellation applies to all orders within the EU.\n<\/p>\n<p>\nThe goods as well as their accessories must be packed securely and carefully before being returned.\n<\/p>\n<p>\nThe goods must be returned to us with all accessories. The return shipment therefore includes the product itself as well as all certificates, original invoices, accessories such as dust bags or boxes\/cartons from the manufacturer etc. included in the scope of delivery.\n<\/p>\n<p>\nThe goods sold by us are always labelled with a seal. As buyer you may only remove the seal and all labels if you want to keep the item. If the seal, the label and\/or the security thread have been damaged\/removed, we will not accept a return.\n<\/p>\n<p>\nThe goods must be returned to us adequately insured via the dispatch route. The direct costs of returning the goods shall be borne by the buyer.\n<\/p>\n<p><\/p>\n<h4>Right to cancel<\/h4>\n<p>You have the right to cancel this contract within fourteen days without giving any reason.\n<\/p>\n<p>\nThe cancellation period is 14 days from the day on which you or a third party named by you, who is not the carrier, have taken physical possession of the goods.\n<\/p>\n<p>\nTo exercise the right to cancel, you must inform us (BASELLE, Inh. M. Schramm, Strigelstra\u00dfe 7, 87700 Memmingen, Email: info@baselle.com, Phone: +49 (0) 157 \u2013 92 33 99 86) of your decision to cancel this contract by a clear statement sent by email. You can use the attached sample cancellation form for this purpose, but this is not mandatory.\n<\/p>\n<p>\nTo meet the cancellation deadline, it is sufficient for you to send your notification of exercising your right of cancellation before the cancellation period expires.\n<\/p>\n<h4>Effects of cancellation<\/h4>\n<p>\nIf you withdraw from this contract, we shall reimburse to you all payments received from you, including the costs of delivery (with the exception of the supplementary costs resulting from your choice of a type of delivery other than the least expensive type of standard delivery offered by us), without undue delay and in any event not later than 14 days from the day on which we are informed about your decision to withdraw from this contract. For the reimbursement we will use the same means of payment that you used for the original transaction, unless expressly agreed otherwise with you; in no case will you be charged any fees for this reimbursement. We may withhold reimbursement until we have received the goods back or until you have supplied evidence of having sent back the goods, whichever is the earliest. You must return or hand over the goods to us immediately and in any case no later than fourteen days from the day on which you inform us of the cancellation of this contract. The deadline is met if you dispatch the goods before the period of fourteen days has expired. The goods must be packed securely and carefully before being returned. The goods must be returned to us adequately insured via the dispatch route. In the event of cancellation, the item must be returned together with the sealed label.\n<\/p>\n<p>\nYou bear the direct costs of returning the goods.\n<\/p>\n<p>\nYou only have to pay for any loss in value of the goods if this loss in value is resulting from the handling other than what is necessary to establish the nature, characteristics and functioning of the goods.\n<\/p>\n<h4>Exclusion or premature expiry of the right of cancellation<\/h4>\n<p>\nThe right of cancellation does not apply to consumers whose habitual residence and delivery address at the time of conclusion of the contract is in a country that does not belong to the European Union.\n<\/p>\n<h4>Model cancellation form<\/h4>\n<p><\/p>\n<p>\nIf you wish to cancel the contract, please complete this form and return it to us:\n<\/p>\n<p>\nBASELLE, Inh. M. Schramm, Strigelstra\u00dfe 7, 87700 Memmingen; Email-Adresse: info@baselle.com\n<\/p>\n<p>\nI \/ We(*) hereby give notice of cancellation<br \/> <br \/>\nmy\/our (*)<br \/>\ncontract of sale of the following goods (*)\/<br \/>\n\/for the supply of the following service(*)<br \/>\nOrdered on (*) \/ received on (*)<br \/>\nName of consumer(s)<br \/>\nAddress of consumer(s)<br \/>\nSignature of consumer(s) (only if this for is notified on paper)<\/p>\n<p>Date\n<\/p>\n<p>\nDelete as appropriate<\/p>","protected":false},"excerpt":{"rendered":"<p>Bitte beachte, dass alle Bestellungen, die von au\u00dferhalb der EU aufgegeben order dorthin versandt werden, endg\u00fcltig sind und nicht zur\u00fcckgegeben oder umgetauscht werden k\u00f6nnen. F\u00fcr alle Bestellungen innerhalb der EU gilt das nachfolgende gesetzliche Widerrufsrecht. Vor der R\u00fccksendung sind die Waren sowie deren Zubeh\u00f6r sicher und sorgf\u00e4ltig zu verpacken. Die Ware ist mit s\u00e4mtlichen Zubeh\u00f6r&#8230;<\/p>\n<p><a class=\"read-more\" href=\"https:\/\/baselle.com\/en\/ruecknahme\/\">weiterlesen<\/a><\/p>","protected":false},"author":1,"featured_media":0,"parent":0,"menu_order":0,"comment_status":"closed","ping_status":"closed","template":"template-fullwidth.php","meta":{"footnotes":""},"class_list":["post-5260","page","type-page","status-publish","hentry"],"_links":{"self":[{"href":"https:\/\/baselle.com\/en\/wp-json\/wp\/v2\/pages\/5260","targetHints":{"allow":["GET"]}}],"collection":[{"href":"https:\/\/baselle.com\/en\/wp-json\/wp\/v2\/pages"}],"about":[{"href":"https:\/\/baselle.com\/en\/wp-json\/wp\/v2\/types\/page"}],"author":[{"embeddable":true,"href":"https:\/\/baselle.com\/en\/wp-json\/wp\/v2\/users\/1"}],"replies":[{"embeddable":true,"href":"https:\/\/baselle.com\/en\/wp-json\/wp\/v2\/comments?post=5260"}],"version-history":[{"count":20,"href":"https:\/\/baselle.com\/en\/wp-json\/wp\/v2\/pages\/5260\/revisions"}],"predecessor-version":[{"id":22036,"href":"https:\/\/baselle.com\/en\/wp-json\/wp\/v2\/pages\/5260\/revisions\/22036"}],"wp:attachment":[{"href":"https:\/\/baselle.com\/en\/wp-json\/wp\/v2\/media?parent=5260"}],"curies":[{"name":"wp","href":"https:\/\/api.w.org\/{rel}","templated":true}]}}