{"id":5137,"date":"2016-11-10T11:32:45","date_gmt":"2016-11-10T10:32:45","guid":{"rendered":"http:\/\/sportwagencheck24.com\/wordpress\/agb\/"},"modified":"2025-06-09T02:09:03","modified_gmt":"2025-06-09T00:09:03","slug":"agb","status":"publish","type":"page","link":"https:\/\/baselle.com\/en\/agb\/","title":{"rendered":"Allgemeine Gesch\u00e4ftsbedingungen"},"content":{"rendered":"<h4>\u00a7 1 Geltungsbereich und Gesch\u00e4ftsbeziehungen<\/h4>\n<p>(1) Die nachfolgenden Allgemeinen Gesch\u00e4ftsbedingungen gelten f\u00fcr alle Vertr\u00e4ge \u00fcber die Lieferung von Waren zwischen uns und einem Verbraucher oder Unternehmer in ihrer zum Zeitpunkt der Bestellung g\u00fcltigen Fassung. Der Einbeziehung von eigenen Bedingungen durch den Verbraucher wird hiermit widersprochen.<\/p>\n<p>(2) Verbraucher ist jede nat\u00fcrliche Person, die ein Rechtsgesch\u00e4ft zu Zwecken abschlie\u00dft, die \u00fcberwiegend weder ihrer gewerblichen noch ihrer selbst\u00e4ndigen beruflichen T\u00e4tigkeit zugerechnet werden k\u00f6nnen (\u00a7 13 BGB).<\/p>\n<p>(3) Unternehmer ist jede nat\u00fcrliche oder juristische Person oder eine rechtsf\u00e4hige Personengesellschaft, die bei Abschluss eines Rechtsgesch\u00e4fts in Aus\u00fcbung ihrer selbst\u00e4ndigen beruflichen oder gewerblichen T\u00e4tigkeit handelt.<\/p>\n<h4>\u00a7 2 Vertragsschluss<\/h4>\n<p>(1) Die folgenden Regelungen \u00fcber den Vertragsabschluss gelten f\u00fcr alle Bestellungen \u00fcber unseren Internetshop www.baselle.com.<\/p>\n<p>(2) Im Falle des Vertragsschlusses kommt der Vertrag mit BASELLE, Inh. M. Schramm, Strigelstra\u00dfe 7, D-87700 Memmingen zustande.<\/p>\n<p>(3) Die Pr\u00e4sentation der Waren in unserem Internetshop stellen kein rechtlich bindendes Vertragsangebot unsererseits dar, sondern sind nur eine unverbindliche Aufforderungen an den Verbraucher, Waren zu bestellen. Mit der Bestellung der gew\u00fcnschten Ware gibt der Verbraucher ein f\u00fcr ihn verbindliches Angebot auf Abschluss eines Kaufvertrages ab.<\/p>\n<p>(4) Bei Eingang Deiner Bestellung in unserem Internetshop gelten folgende Regelungen: Der Verbraucher gibt ein bindendes Vertragsangebot ab, indem er die in unserem Internetshop vorgesehene Bestellprozedur erfolgreich durchl\u00e4uft.<\/p>\n<p>Die Bestellung erfolgt in folgenden Schritten:<\/p>\n<p>1) Auswahl der gew\u00fcnschten Ware<br \/>\n2) Best\u00e4tigen durch Anklicken des Buttons \u201eIn den Warenkorb\u201c<br \/>\n3) Pr\u00fcfung der Angaben im Warenkorb<br \/>\n4) Bet\u00e4tigung des Buttons \u201eWeiter zur Kasse\u201c<br \/>\n5) Anmeldung im Internetshop nach Registrierung und Eingabe der Anmeldeangaben (E-Mail-Adresse und Passwort) oder als Gast fortfahren.<br \/>\n6) Nochmalige Pr\u00fcfung bzw. Berichtigung der jeweiligen eingegebenen Daten.<br \/>\n7) Verbindliche Absendung der Bestellung durch Anklicken des Buttons \u201ekostenpflichtig bestellen\u201c bzw. \u201eJetzt kaufen\u201c.<\/p>\n<p>Der Verbraucher kann vor dem verbindlichen Absenden der Bestellung durch Bet\u00e4tigen der in dem von ihm verwendeten Internet-Browser enthaltenen \u201eZur\u00fcck\u201c-Taste nach Kontrolle seiner Angaben wieder zu der Internetseite gelangen, auf der die Angaben des Kunden erfasst werden und Eingabefehler berichtigen bzw. durch Schlie\u00dfen des Internetbrowsers den Bestellvorgang abbrechen. Wir best\u00e4tigen den Eingang der Bestellung unmittelbar durch eine automatisch generierte E-Mail (\u201eAuftragsbest\u00e4tigung\u201c). Mit dieser nehmen wir Dein Angebot an.<\/p>\n<p>(5) Speicherung des Vertragstextes bei Bestellungen \u00fcber unseren Internetshop : Wir speichern den Vertragstext und senden Dir die Bestelldaten und unsere AGB per E-Mail zu. Deine vergangenen Bestellungen kannst Du in unserem Kunden-Bereich unter Mein Konto \u2013&gt; Bestellungen einsehen, sofern ein Kundenkonto durch Dich erstellt wurde.<\/p>\n<p>(6) Der Kunde hat sicherzustellen, zur Kontaktaufnahme und Bestellabwicklung eine korrekte Email-Adresse bei Abschluss der Bestellung anzugeben, so dass die vom Verk\u00e4ufer versandten Emails empfangen werden k\u00f6nnen. <\/p>\n<p>(7) Eine Bestellung kann jeder Zeit ohne Angaben von Gr\u00fcnden unsererseits abgelehnt oder storniert werden. BASELLE ist in keinem Fall Schadensersatzpflichtig.<\/p>\n<p>(8) Die Vertragssprache ist Deutsch und Englisch.<\/p>\n<h4>\u00a7 3 Zahlung<\/h4>\n<p>(1) Der Kunde kann mit den im Online-Shop des Verk\u00e4ufers zur Verf\u00fcgung stehenden Zahlungsarten bezahlen.<\/p>\n<p>(2) Wird die Zahlungsart Vorab\u00fcberweisung ausgew\u00e4hlt, ist die Zahlung sofort nach Vertragsschluss f\u00e4llig. <\/p>\n<p>(3) Wird die Zahlungsart &#8220;PayPal&#8221; ausgew\u00e4hlt, erfolgt die Zahlungsabwicklung \u00fcber PayPal (Europe) S.\u00e0 r.l. et Cie, S.C.A., 22-24 Boulevard Royal, L-2449 Luxembourg, mit den von PayPal geltenden Nutzungsbedingungen, einsehbar unter https:\/\/www.paypal.com\/de\/webapps\/mpp\/ua\/useragreement-full. Verf\u00fcgt der Kunde nicht \u00fcber ein PayPal-Nutzerkonto gelten folgende Nutzungsbedingungen: https:\/\/www.paypal.com\/de\/webapps\/mpp\/ua\/privacywax-full.<\/p>\n<p>(4) Wird die Zahlungsart &#8220;Klarna&#8221; ausgew\u00e4hlt, erfolgt die Zahlung an  Klarna Bank AB (publ), Sveav\u00e4gen 46, 111 34 Stockholm, Schweden. Der Klarna Rechnungskauf und Ratenkauf ist ausschlie\u00dflich f\u00fcr Verbraucher verf\u00fcgbar. Hier findest Du die <a href=\"https:\/\/www.klarna.com\/de\/agb\/\" target=\"_blank\" rel=\"noopener noreferrer\"> <em>Allgemeinen Gesch\u00e4ftsbedinungen<\/em><\/a> und <a href=\"https:\/\/cdn.klarna.com\/1.0\/shared\/content\/legal\/terms\/0\/de_de\/privacy\" target=\"_blank\" rel=\"noopener noreferrer\"> <em>privacy policy<\/em><\/a> von Klarna. <\/p>\n<p>(5) Wird die Zahlungsart &#8220;Nachnahme&#8221; ausgew\u00e4hlt, ist die Zahlung bei Zustellung des Pakets f\u00e4llig. <\/p>\n<h4>\u00a7 4 Preise<\/h4>\n<p>(1) Die angegebenen Preise sind Endpreise. Unsere Produkte unterliegen der Differenzbesteuerung, weshalb auf der Rechnung keine Mehrwertsteuer ausgewiesen wird. Gegebenenfalls zus\u00e4tzlich anfallende Versandkosten sind auf der Produktseite separat angegeben.<\/p>\n<p>(2) Bei Lieferungen in L\u00e4nder au\u00dferhalb der Europ\u00e4ischen Union k\u00f6nnen zus\u00e4tzliche Kosten wie Einfuhrz\u00f6lle\/-geb\u00fchren und Steuern anfallen. Diese Kosten sind vom Kunden zu tragen. <\/p>\n<h4>\u00a7 5 Lieferung, Versandkosten, Verpackungskosten sowie Gefahren\u00fcbergang<\/h4>\n<p>(1) Nach Zahlungseingang des vollst\u00e4ndigen Kaufpreises und der eventuell anfallenden Versandkosten wird die Ware innerhalb von 2-3 Werktagen von uns an DHL \u00fcbergeben. Die Lieferung erfolgt an die vom K\u00e4ufer angegebene Lieferadresse.<\/p>\n<p>(2) Lieferverz\u00f6gerungen durch Betriebsst\u00f6rungen, beh\u00f6rdliche Ma\u00dfnahmen oder h\u00f6here Gewalt f\u00fchren zu einer angemessenen Verl\u00e4ngerung der Lieferfrist. H\u00f6here Gewalt liegt auch vor bei Arbeitskampfma\u00dfnahmen einschlie\u00dflich Streiks und rechtm\u00e4\u00dfigen Aussperrungen im Betrieb des Verk\u00e4ufers oder bei den Vorlieferanten des Verk\u00e4ufers. Wird durch die vorgenannten, von uns nicht zu vertretenden Umst\u00e4nde die Lieferung oder Leistung unm\u00f6glich oder unzumutbar, so wird der Verk\u00e4ufer von der Lieferverpflichtung frei. Sofern die Lieferverz\u00f6gerung l\u00e4nger als sechs Wochen dauert, sind der Verk\u00e4ufer und der K\u00e4ufer berechtigt, vom Vertrag zur\u00fcckzutreten, sofern die Lieferung nicht innerhalb der zuvor von uns oder dem K\u00e4ufer gesetzten Nachfrist erfolgt. Anspr\u00fcche des K\u00e4ufers auf Schadensersatz sind in diesem Falle ausgeschlossen.<\/p>\n<p>(3) Im Falle des Lieferverzuges kann der K\u00e4ufer nach Ma\u00dfgabe des \u00a7 323 BGB vom Vertrag zur\u00fccktreten. Weitergehende Anspr\u00fcche bei Lieferverzug, insbesondere Anspr\u00fcche auf Schadensersatz, sind ausgeschlossen.<\/p>\n<p>(4) Ger\u00e4t der K\u00e4ufer in Annahmeverzug, so ist der Verk\u00e4ufer berechtigt, vom Vertrag zur\u00fcckzutreten und Schadensersatz wegen Nichterf\u00fcllung zu verlangen.<\/p>\n<p>(5) Die Zusendekosten f\u00fcr den internationalen Versand gehen zu Lasten des K\u00e4ufers. Hilfsmittel der Zusendung werden nicht zur\u00fcckgenommen, falls nicht etwas anderes ausdr\u00fccklich vereinbart wurde. Kann die Ware an den K\u00e4ufer aus Gr\u00fcnden, die dieser zu vertreten hat, nicht ausgeliefert werden, wird das Transportunternehmen die Ware an den Verk\u00e4ufer zur\u00fccksenden. Die damit verbundenen Kosten hat der K\u00e4ufer zu tragen.<\/p>\n<h4>\u00a7 6 Eigentumsvorbehalt<\/h4>\n<p>(1) Treten wir in Vorleistung, bleibt die gelieferte Ware bis zur vollst\u00e4ndigen Bezahlung des Kaufpreises unser Eigentum.<\/p>\n<h4>\u00a7 7 M\u00e4ngelhaftung<\/h4>\n<p>(1) Es gelten die Vorschriften zur gesetzlichen M\u00e4ngelhaftung, sofern nicht etwas anderes vereinbart ist.<\/p>\n<p>(2) Abweichend davon betr\u00e4gt die Gew\u00e4hrleistungsfrist bei gebrauchten Waren ein Jahr ab dem Zeitpunkt der Ablieferung der Ware. Die verk\u00fcrzte einj\u00e4hrige Gew\u00e4hrleistungsfrist gilt nicht f\u00fcr den Fall, dass der Verk\u00e4ufer den Mangel arglistig verschwiegen hat.<\/p>\n<h4>\u00a7 8 Transportsch\u00e4den<\/h4>\n<p>(1) Stellt der K\u00e4ufer bei der Annahme des Paketes offensichtliche Transportsch\u00e4den fest, sind diese m\u00f6glichst sofort beim Zusteller zu reklamieren sowie uns zu melden, so dass wir unsere Anspr\u00fcche gegen\u00fcber dem Frachtf\u00fchrer bzw. Transportversicherung geltend machen k\u00f6nnen. Die gesetzlichen Anspr\u00fcche des K\u00e4ufers sowie deren Durchsetzung, insbesondere Ihre Gew\u00e4hrleistungsrechte bleiben davon unber\u00fchrt.<\/p>\n<h4>\u00a7 9 R\u00fccksendung<\/h4>\n<p>(1) Vor der R\u00fccksendung sind die Waren sowie deren Zubeh\u00f6r sicher und sorgf\u00e4ltig zu verpacken. Die Ware ist mit s\u00e4mtlichen Zubeh\u00f6r an uns zur\u00fcck zu senden. Die R\u00fccksendung umfasst demnach das Produkt selbst sowie s\u00e4mtliche im Lieferumfang enthaltenen Zertifikate, Originalrechnungen, Zubeh\u00f6r wie z.B. Staubbeutel oder Boxen\/Kartonagen des Herstellers etc. Der K\u00e4ufer kann jederzeit in der jeweiligen Artikelbeschreibung des bestellten Produktes nachlesen, welcher Zubeh\u00f6r Bestandteil des Produktes ist. Ist eine Originalverpackung im Lieferumfang enthalten, so ist auch diese vor einer R\u00fccksendung sorgf\u00e4ltig in einem Umkarton zu verpacken, um so Besch\u00e4digungen zu vermeiden.<\/p>\n<p>(2) Die von uns verkaufte Ware ist grunds\u00e4tzlich mit einem verplombten Etikett versehen. Der K\u00e4ufer darf die Plombe sowie alle Etiketten nur entfernen, wenn dieser den Artikel auch wirklich behalten m\u00f6chte. Sollte die Plombe, das Etikett oder\/und der Sicherungsfaden besch\u00e4digt \/ entfernt worden sein, werden wir eine R\u00fccknahme nicht akzeptieren.<\/p>\n<p>(3) Die R\u00fccksendung an uns muss ausreichend versichert \u00fcber den Versandweg stattfinden. Die unmittelbaren Kosten der R\u00fccksendung der Ware werden vom K\u00e4ufer getragen.<\/p>\n<p>(4) R\u00fcckzahlungen erfolgen auf das urspr\u00fcnglich zur Zahlung verwendete Konto. Bei Zahlung per Vorkasse erfolgt die R\u00fcckzahlung auf das Konto, das urspr\u00fcnglich zur Vorab\u00fcberweisung verwendet wurde. Bei Zahlung per PayPal erfolgt die R\u00fcckzahlung auf das mit PayPal verwendete Zahlungsmittel. Wurde eine Zahlung per Kreditkarte via Stripe get\u00e4tigt, wird die R\u00fcckzahlung auf der urspr\u00fcnglich verwendeten Kreditkarte gutgeschrieben.<\/p>\n<h4>\u00a7 10 Widerrufsbelehrung<\/h4>\n<p><em>Right to cancel<\/em><\/p>\n<p>You have the right to cancel this contract within fourteen days without giving any reason.<\/p>\n<p>The cancellation period is 14 days from the day on which you or a third party named by you, who is not the carrier, have taken physical possession of the goods.<\/p>\n<p>Um Ihr Widerrufsrecht auszu\u00fcben, m\u00fcssen Sie uns (BASELLE, Inh. Miriam Schramm, Strigelstra\u00dfe 7, 87700 Memmingen, Email: info@baselle.com) mittels einer eindeutigen Erkl\u00e4rung (z.B. Email, Brief,Fax) \u00fcber Ihren Entschluss, diesen Vertrag zu widerrufen, informieren. Sie k\u00f6nnen hierf\u00fcr das beigef\u00fcgte Muster-Widerrufsformular verwenden, das jedoch nicht vorgeschrieben ist.<\/p>\n<p>To meet the cancellation deadline, it is sufficient for you to send your notification of exercising your right of cancellation before the cancellation period expires.<\/p>\n<p><em>Effects of cancellation<\/em><\/p>\n<p>Wenn Sie diesen Vertrag widerrufen, haben wir Ihnen alle Zahlungen, die wir von Ihnen erhalten haben, einschlie\u00dflich der Lieferkosten (mit Ausnahme der zus\u00e4tzlichen Kosten, die sich daraus ergeben, dass Sie eine andere Art der Lieferung als die von uns angebotene, g\u00fcnstigste Standardlieferung gew\u00e4hlt haben), unverz\u00fcglich und sp\u00e4testens binnen vierzehn Tagen ab dem Tag zur\u00fcckzuzahlen, an dem die Mitteilung \u00fcber Ihren Widerruf dieses Vertrags bei uns eingegangen ist. F\u00fcr diese R\u00fcckzahlung verwenden wir dasselbe Zahlungsmittel, das Sie bei der urspr\u00fcnglichen Transaktion eingesetzt haben, es sei denn, mit Ihnen wurde ausdr\u00fccklich etwas anderes vereinbart; in keinem Fall werden Ihnen wegen dieser R\u00fcckzahlung Entgelte berechnet. Wir k\u00f6nnen die R\u00fcckzahlung verweigern, bis wir die Waren wieder zur\u00fcckerhalten haben oder bis Sie den Nachweis erbracht haben, dass Sie die Waren zur\u00fcckgesandt haben, je nachdem, welches der fr\u00fchere Zeitpunkt ist. Sie haben die Waren unverz\u00fcglich und in jedem Fall sp\u00e4testens binnen vierzehn Tagen ab dem Tag, an dem Sie uns \u00fcber den Widerruf dieses Vertrags unterrichten, an uns zur\u00fcckzusenden oder zu \u00fcbergeben. Die Frist ist gewahrt, wenn Sie die Waren vor Ablauf der Frist von vierzehn Tagen absenden. Vor der R\u00fccksendung sind die Waren sicher und sorgf\u00e4ltig zu verpacken. Die R\u00fccksendung an uns muss ausreichend versichert \u00fcber den Versandweg stattfinden. Die R\u00fccksendung des Artikels muss zusammen mit dem verplombten Etikett erfolgen.<br \/>\nYou bear the direct costs of returning the goods.<\/p>\n<p>You only have to pay for any loss in value of the goods if this loss in value is resulting from the handling other than what is necessary to establish the nature, characteristics and functioning of the goods.<\/p>\n<p><em>Exclusion or premature expiry of the right of cancellation<\/em><\/p>\n<p>The right of cancellation does not apply to consumers whose habitual residence and delivery address at the time of conclusion of the contract is in a country that does not belong to the European Union.<\/p>\n<p><em>Model cancellation form<\/em><\/p>\n<p>If you wish to cancel the contract, please complete this form and return it to us:<\/p>\n<p>BASELLE, Inh. Miriam Schramm, Strigelstra\u00dfe 7, 87700 Memmingen; Email-Adresse: info@baselle.com<\/p>\n<p>I \/ We(*) hereby give notice of cancellation<br \/>\nmy\/our (*)<br \/>\ncontract of sale of the following goods (*)\/<br \/>\n\/for the supply of the following service(*)<br \/>\nOrdered on (*) \/ received on (*)<br \/>\nName of consumer(s)<br \/>\nAddress of consumer(s)<br \/>\nSignature of consumer(s) (only if this for is notified on paper)<\/p>\n<p>Date<\/p>\n<p>Delete as appropriate<\/p>\n<h4>\u00a711 Anwendbares Recht<\/h4>\n<p>(1) Im Falle von Rechtsstreitigkeiten gilt das Recht der Bundesrepublik Deutschland unter Ausschluss des UN-Kaufrechts. Bei Verbrauchern gilt diese Rechtswahl nur, sofern der gew\u00e4hrte Schutz durch zwingende Bestimmungen des Rechts des Staates, in dem der Verbraucher seinen gew\u00f6hnlichen Aufenthalt hat, nicht entzogen wird.  <\/p>\n<p>(2) Diese Rechtswahl gilt nicht im Hinblick auf das gesetzliche Widerrufsrecht f\u00fcr Verbraucher, deren zum Zeitpunkt des Vertragsschlusses gew\u00f6hnlicher Aufenthalt und Lieferadresse in einem Staat liegt, der nicht der Europ\u00e4ischen Union angeh\u00f6rt<\/p>\n<h4>\u00a712 Alternative Streitbeteiligung gem\u00e4\u00df Art. 14 Abs. 1 ODR-VO und \u00a7 36 VSBG:<\/h4>\n<p>Die Europ\u00e4ische Kommission stellt eine Plattform zur Online-Streitbeilegung (OS) bereit, die Du unter <a href=\"https:\/\/ec.europa.eu\/consumers\/odr\" target=\"_blank\" rel=\"noopener noreferrer\">https:\/\/ec.europa.eu\/consumers\/odr<\/a> findest. Diese Plattform dient dazu, verbraucherrechtliche Streitigkeiten bez\u00fcglich online geschlossener Kauf- und Dienstvertr\u00e4ge au\u00dfergerichtlich beizulegen. Wir sind nicht verpflichtet und nicht bereit, an einem au\u00dfergerichtlichen Streitbeilegungsverfahren teilzunehmen. Bei Fragen oder Problemen stehen wir gerne zur Verf\u00fcgung: <a href=\"https:\/\/baselle.com\/en\/contact\/\" rel=\"noopener noreferrer\" target=\"_blank\"><em>kontaktiere uns hier<\/em>.<\/a><\/p>\n<h4>Erg\u00e4nzende Allgemeine Gesch\u00e4ftsbedingungen zum easyCredit-Ratenkauf<\/h4>\n<p>1. Geltungsbereich und allgemeine Nutzungsbedingungen<\/p>\n<p>Die nachfolgenden erg\u00e4nzenden Allgemeinen Gesch\u00e4ftsbedingungen (im folgenden AGB)<br \/>\ngelten zwischen Ihnen und dem H\u00e4ndler f\u00fcr alle mit dem H\u00e4ndler geschlossenen Vertr\u00e4ge, bei<br \/>\ndenen der easyCredit-Ratenkauf (im folgenden Ratenkauf) genutzt wird.<br \/>\nDie erg\u00e4nzenden AGB haben im Konfliktfall Vorrang vor anderslautenden Allgemeinen<br \/>\nGesch\u00e4ftsbedingungen des H\u00e4ndlers.<br \/>\nEin Ratenkauf ist nur f\u00fcr Kunden m\u00f6glich, die Verbraucher gem. \u00a7 13 BGB sind und das 18.<br \/>\nLebensjahr vollendet haben.<\/p>\n<p>2. Ratenkauf<\/p>\n<p>F\u00fcr Ihren Kauf stellt Ihnen der H\u00e4ndler mit Unterst\u00fctzung der TeamBank AG N\u00fcrnberg,<br \/>\nBeuthener Stra\u00dfe 25, 90471 N\u00fcrnberg (im folgenden TeamBank AG) den Ratenkauf als<br \/>\nweitere Zahlungsm\u00f6glichkeit bereit.<br \/>\nDer H\u00e4ndler beh\u00e4lt sich vor, Ihre Bonit\u00e4t zu pr\u00fcfen. Die n\u00e4heren Einzelheiten entnehmen Sie<br \/>\nbitte dem Ratenkauf-Datenschutzhinweis in der Bestellstrecke. Sollte aufgrund nicht<br \/>\nausreichender Bonit\u00e4t oder des Erreichens der H\u00e4ndler-Umsatzgrenze die Nutzung des<br \/>\nRatenkaufs nicht m\u00f6glich sein, beh\u00e4lt sich der H\u00e4ndler vor, Ihnen eine alternative<br \/>\nZahlungsm\u00f6glichkeit anzubieten.<br \/>\nDer Vertrag \u00fcber einen Ratenkauf kommt zwischen Ihnen und dem H\u00e4ndler zustande. Es<br \/>\nerfolgt keine Auszahlung, sondern mit dem Ratenkauf entscheiden Sie sich f\u00fcr eine Abzahlung<br \/>\ndes Kaufpreises in monatlichen Raten. \u00dcber eine fest vereinbarte Laufzeit sind dabei<br \/>\nmonatliche Raten zu zahlen, wobei die Schlussrate unter Umst\u00e4nden von den vorherigen<br \/>\nRatenbetr\u00e4gen abweicht. Das Eigentum an der Ware bleibt bis zur vollst\u00e4ndigen Bezahlung<br \/>\nvorbehalten.<br \/>\nDie bei Nutzung des Ratenkaufs entstanden Forderungen werden im Rahmen eines laufenden<br \/>\nFactoringvertrages vom H\u00e4ndler an die TeamBank AG abgetreten. Zahlungen k\u00f6nnen mit<br \/>\nschuldbefreiender Wirkung ausschlie\u00dflich an die TeamBank AG geleistet werden.<br \/>\nAbgesehen von der allgemeinen Gewerbeaufsicht unterliegt der H\u00e4ndler keiner Aufsicht durch<br \/>\neine Aufsichtsbeh\u00f6rde. Beschwerden k\u00f6nnen Sie per Brief oder eMail an den H\u00e4ndler richten.<\/p>\n<p>3. Ratenzahlung per SEPA-Lastschrift<\/p>\n<p>Durch das mit dem Ratenkauf erteilte SEPA-Lastschriftmandat erm\u00e4chtigen Sie die TeamBank<br \/>\nAG, die durch den Ratenkauf zu entrichtenden Zahlungen, von Ihrem im Bestellprozess<br \/>\nangegebenen Girokonto bei dem dort angegebenen Kreditinstitut durch eine SEPA-Lastschrift<br \/>\neinzuziehen.<br \/>\nDer Einzug erfolgt fr\u00fchestens zum angegebenen Datum der PreNotifikation\/Vorabank\u00fcndigung. Ein sp\u00e4terer, zeitnaher Einzug kann erfolgen.<br \/>\nWenn zwischen der Pre-Notifikation und dem F\u00e4lligkeitsdatum eine Verringerung des<br \/>\nKaufpreisbetrags erfolgt (z.B. durch Gutschriften), so kann der abgebuchte Betrag von dem in<br \/>\nder Pre-Notifikation genannten Betrag abweichen.<br \/>\nSie haben daf\u00fcr Sorge zu tragen, dass zum Zeitpunkt der F\u00e4lligkeit Ihr Girokonto \u00fcber eine<br \/>\nausreichende Deckung verf\u00fcgt. Ihr Kreditinstitut ist nicht verpflichtet die Lastschrift einzul\u00f6sen,<br \/>\nfalls eine ausreichende Deckung des Girokontos nicht gegeben ist.<br \/>\nSollte es mangels erforderlicher Deckung des Girokontos, wegen eines unberechtigten<br \/>\nWiderspruchs des Kontoinhabers oder aufgrund des Erl\u00f6schens des Girokontos zu einer<br \/>\nR\u00fccklastschrift kommen, geraten Sie auch ohne gesonderte Mahnung in Verzug, es sei denn,<br \/>\ndie R\u00fccklastschrift resultiert aus einem Umstand, den Sie nicht zu vertreten haben.<br \/>\nVon Ihrem Kreditinstitut der TeamBank AG berechnete Kosten f\u00fcr eine von Ihnen verschuldete<br \/>\nR\u00fccklastschrift kann die TeamBank AG Ihnen gegen\u00fcber als Schaden geltend machen und ist<br \/>\nvon Ihnen zu erstatten. Ihnen bleibt der Nachweis eines geringeren oder gar keines Schadens<br \/>\nbei der TeamBank AG vorbehalten.<br \/>\nBefinden Sie sich in Verzug, ist die TeamBank AG berechtigt f\u00fcr jede Mahnung eine<br \/>\nangemessene Mahngeb\u00fchr oder Verzugszinsen in H\u00f6he von f\u00fcnf Prozentpunkten \u00fcber dem<br \/>\njeweiligen Basiszinssatz der Europ\u00e4ischen Zentralbank zu berechnen.<br \/>\nAufgrund der hohen Kosten, welche mit einer R\u00fccklastschrift verbunden sind, bitten wir Sie im<br \/>\nFalle eines R\u00fccktritts vom Kaufvertrag, einer Retoure oder einer Reklamation, der SEPALastschrift nicht zu widersprechen. In diesen F\u00e4llen erfolgt in Abstimmung mit dem H\u00e4ndler<br \/>\ndie R\u00fcckabwicklung der Zahlung durch R\u00fcck\u00fcberweisung des entsprechenden Betrags oder<br \/>\ndurch eine Gutschrift. <\/p>","protected":false},"excerpt":{"rendered":"<p>\u00a7 1 Geltungsbereich und Gesch\u00e4ftsbeziehungen (1) Die nachfolgenden Allgemeinen Gesch\u00e4ftsbedingungen gelten f\u00fcr alle Vertr\u00e4ge \u00fcber die Lieferung von Waren zwischen uns und einem Verbraucher oder Unternehmer in ihrer zum Zeitpunkt der Bestellung g\u00fcltigen Fassung. Der Einbeziehung von eigenen Bedingungen durch den Verbraucher wird hiermit widersprochen. (2) Verbraucher ist jede nat\u00fcrliche Person, die ein Rechtsgesch\u00e4ft zu&#8230;<\/p>\n<p><a class=\"read-more\" href=\"https:\/\/baselle.com\/en\/agb\/\">weiterlesen<\/a><\/p>","protected":false},"author":1,"featured_media":0,"parent":0,"menu_order":0,"comment_status":"closed","ping_status":"closed","template":"template-fullwidth.php","meta":{"footnotes":""},"class_list":["post-5137","page","type-page","status-publish","hentry"],"_links":{"self":[{"href":"https:\/\/baselle.com\/en\/wp-json\/wp\/v2\/pages\/5137","targetHints":{"allow":["GET"]}}],"collection":[{"href":"https:\/\/baselle.com\/en\/wp-json\/wp\/v2\/pages"}],"about":[{"href":"https:\/\/baselle.com\/en\/wp-json\/wp\/v2\/types\/page"}],"author":[{"embeddable":true,"href":"https:\/\/baselle.com\/en\/wp-json\/wp\/v2\/users\/1"}],"replies":[{"embeddable":true,"href":"https:\/\/baselle.com\/en\/wp-json\/wp\/v2\/comments?post=5137"}],"version-history":[{"count":79,"href":"https:\/\/baselle.com\/en\/wp-json\/wp\/v2\/pages\/5137\/revisions"}],"predecessor-version":[{"id":23706,"href":"https:\/\/baselle.com\/en\/wp-json\/wp\/v2\/pages\/5137\/revisions\/23706"}],"wp:attachment":[{"href":"https:\/\/baselle.com\/en\/wp-json\/wp\/v2\/media?parent=5137"}],"curies":[{"name":"wp","href":"https:\/\/api.w.org\/{rel}","templated":true}]}}