{"id":5136,"date":"2016-11-10T11:32:45","date_gmt":"2016-11-10T10:32:45","guid":{"rendered":"http:\/\/sportwagencheck24.com\/wordpress\/impressum\/"},"modified":"2024-09-04T20:01:41","modified_gmt":"2024-09-04T18:01:41","slug":"impressum","status":"publish","type":"page","link":"https:\/\/baselle.com\/en\/impressum\/","title":{"rendered":"Company Information"},"content":{"rendered":"<p>BASELLE.com<br \/>\nStrigelstra\u00dfe 7<br \/>\n87700 Memmingen<\/p>\n<p>Business leadership:<br \/>\nM. Schramm<\/p>\n<p>WhatsApp: +49 (0) 157 \u2013 92 33 99 86<br \/>\nEmail: support@baselle.com<\/p>\n<p>VAT ID number:<br \/>\nDE302379147<\/p>\n<p>The European Commission provides a platform for online dispute resolutions which can be accessed at <a href=\"https:\/\/ec.europa.eu\/consumers\/odr\" rel=\"noopener noreferrer\" target=\"_blank\">https:\/\/ec.europa.eu\/consumers\/odr<\/a><br \/>\nWe are not obliged or willing to participate in dispute resolution proceedings before a consumer arbitration board.<\/p>\n<h4>Disclaimer<\/h4>\n<p>Verantwortliche f\u00fcr eigene Inhalte von baselle.com nach \u00a77 Abs.1 TMG: Miriam Schramm (o.g.) Nach \u00a7\u00a7 8 bis 10 TMG sind wir als Diensteanbieter jedoch nicht verpflichtet, \u00fcbermittelte oder gespeicherte fremde Informationen zu \u00fcberwachen oder nach Umst\u00e4nden zu forschen, die auf eine rechtswidrige T\u00e4tigkeit hinweisen.<\/p>\n<p>We cannot accept any liability or guarantee for any links to external third-party websites over whose content we have no influence. The respective provider or operator of the pages is always responsible for the content of the linked pages.<\/p>\n<h4>Copyright and Trademark Law<\/h4>\n<p>The copyright for information published by the author himself remains solely with the author. Reproduction or use of such graphics and texts in other electronic or printed publications is not permitted without the express written consent of the author.<\/p>\n<p>All brand names and trademarks mentioned on the website and possibly protected by third parties are subject without restriction to the provisions of the applicable trademark law and the ownership rights of the respective registered owners. The mere mention of a trade mark does not imply that it is not protected by the rights of third parties.<\/p>","protected":false},"excerpt":{"rendered":"<p>BASELLE.com Strigelstra\u00dfe 7 87700 Memmingen Unternehmensinhaber: M. Schramm WhatsApp: +49 (0) 157 \u2013 92 33 99 86 Email: support@baselle.com Umsatzsteuer-Identifikationsnummer gem\u00e4\u00df \u00a7 27 a Umsatzsteuergesetz: USt-ID: DE 302379147 Link zur Plattform der EU-Kommission zur Online-Streitbeilegung: https:\/\/ec.europa.eu\/consumers\/odr Wir sind zur Teilnahme an einem Streitbeilegungsverfahren vor einer Verbraucherschlichtungsstelle nicht verpflichtet und nicht bereit. Disclaimer Verantwortliche f\u00fcr eigene&#8230;<\/p>\n<p><a class=\"read-more\" href=\"https:\/\/baselle.com\/en\/impressum\/\">weiterlesen<\/a><\/p>","protected":false},"author":1,"featured_media":0,"parent":0,"menu_order":0,"comment_status":"closed","ping_status":"closed","template":"template-fullwidth.php","meta":{"footnotes":""},"class_list":["post-5136","page","type-page","status-publish","hentry"],"_links":{"self":[{"href":"https:\/\/baselle.com\/en\/wp-json\/wp\/v2\/pages\/5136","targetHints":{"allow":["GET"]}}],"collection":[{"href":"https:\/\/baselle.com\/en\/wp-json\/wp\/v2\/pages"}],"about":[{"href":"https:\/\/baselle.com\/en\/wp-json\/wp\/v2\/types\/page"}],"author":[{"embeddable":true,"href":"https:\/\/baselle.com\/en\/wp-json\/wp\/v2\/users\/1"}],"replies":[{"embeddable":true,"href":"https:\/\/baselle.com\/en\/wp-json\/wp\/v2\/comments?post=5136"}],"version-history":[{"count":32,"href":"https:\/\/baselle.com\/en\/wp-json\/wp\/v2\/pages\/5136\/revisions"}],"predecessor-version":[{"id":14625,"href":"https:\/\/baselle.com\/en\/wp-json\/wp\/v2\/pages\/5136\/revisions\/14625"}],"wp:attachment":[{"href":"https:\/\/baselle.com\/en\/wp-json\/wp\/v2\/media?parent=5136"}],"curies":[{"name":"wp","href":"https:\/\/api.w.org\/{rel}","templated":true}]}}