{"id":4290,"date":"2016-05-31T06:33:12","date_gmt":"2016-05-31T04:33:12","guid":{"rendered":"http:\/\/8theme.com\/import\/xstore\/versions\/?page_id=4290"},"modified":"2024-09-04T19:32:04","modified_gmt":"2024-09-04T17:32:04","slug":"faq","status":"publish","type":"page","link":"https:\/\/baselle.com\/en\/faq\/","title":{"rendered":"Frequently asked questions"},"content":{"rendered":"<div class=\"container\">\n<div class=\"row\">\n<div class=\"col-full\">\n<h2 class=\"separator-top\">\n<span>Allgemein<\/span><br \/>\n<\/h2>\n<div class=\"faq-quest\">1.1 Was ist BASELLE?<\/div>\n<div class=\"panel\">\n<p>BASELLE ist Dein Online-Shop f\u00fcr ausgew\u00e4hlte und hochwertige Second Hand Designertaschen &#038; -accessoires. Bei uns findest Du ausschlie\u00dflich originale Designersch\u00e4tze von CHANEL, Herm\u00e8s, LOUIS VUITTON  und weiterer Designer zu super Preisen.<\/p>\n<\/div>\n<div class=\"faq-quest\">1.2 Kann ich sicher sein, dass es sich um Originale handelt?<\/div>\n<div class=\"panel\">\n<p>Mit unserer langj\u00e4hrigen Erfahrung im Umgang mit zahlreichen hochwertigen Designer Produkten, werden diese durch unsere routinierte und t\u00e4gliche Arbeit versiert auf Originalit\u00e4t gepr\u00fcft. Bei jeder noch so kleinen Unstimmigkeit mit dem jeweiligen Produkt wird ein Ankauf bzw. ein Verkauf im Kundenauftrag von BASELLE abgelehnt. So garantieren wir, dass es sich bei unseren zum Verkauf angebotenen Produkten ausschlie\u00dflich zu 100 % um Originalware handelt.\n<\/p>\n<\/div>\n<div class=\"faq-quest\">1.3 Stellt ihr ein Zertifikat \u00fcber die Echtheit aus?<\/div>\n<div class=\"panel\">\n<p>Wir stellen keine Zertifikate aus. Dies ist allein dem Marken-Rechtsinhaber vorbehalten. Unsere Rechnung mit Angabe der zum Produkt zugeh\u00f6rigen Seriennummer\/Datacode (sofern vorhanden) dient f\u00fcr Dich als Nachweis, dass Du bei uns ein gepr\u00fcftes Original gekauft hast.\n<\/p>\n<\/div>\n<h2 class=\"separator\">\n<span>My Account<\/span><br \/>\n<\/h2>\n<div class=\"faq-quest\">2.1 Wo kann ich meine pers\u00f6nlichen Daten, wie z.B. Liefer-\/Rechnungsadresse, \u00e4ndern?<\/div>\n<div class=\"panel\">\n<p>Unter Mein Konto \u2013 Adressen kannst Du Deine pers\u00f6nlichen Daten \u00e4ndern oder direkt <a href=\"https:\/\/baselle.com\/en\/mein-konto\/\">here<\/a> klicken.<\/p>\n<\/div>\n<div class=\"faq-quest\">2.2 Wie kann ich meine E-Mail-Adresse oder mein Passwort \u00e4ndern?<\/div>\n<div class=\"panel\">\n<p>Dein Passwort und Deine E-Mail-Adresse \u00e4nderst Du unter Mein Konto \u2013 Kontodetails. Klicke einfach <a href=\"https:\/\/baselle.com\/en\/mein-konto\/edit-account\/\">here<\/a>, wenn Du bequem weitergeleitet werden willst.\n<\/p>\n<\/div>\n<div class=\"faq-quest\">2.3 Ich habe mein Passwort vergessen. Was soll ich machen?<\/div>\n<div class=\"panel\">\n<p>Du kannst ein neues Passwort \u00fcber den Link \u201ePasswort vergessen\u201c anfordern oder einfach <a href=\"https:\/\/baselle.com\/en\/mein-konto\/edit-account\/\">here<\/a> klicken.<\/p>\n<\/div>\n<h2 class=\"separator\">\n<span>Bestellung<\/span><br \/>\n<\/h2>\n<div class=\"faq-quest\">3.1 Kann ich meiner Bestellung noch einen Artikel hinzuf\u00fcgen?<\/div>\n<div class=\"panel\">\n<p>Dies h\u00e4ngt von dem Status Deiner Bestellung ab und ist mit dem <a href=\"https:\/\/baselle.com\/en\/contact\/\">Support<\/a> abzukl\u00e4ren.<\/p>\n<\/div>\n<div class=\"faq-quest\">3.2 Wie kann ich meine Bestellung stornieren?<\/div>\n<div class=\"panel\">\n<p>Eine Stornierung ist telefonisch oder \u00fcber das <a href=\"https:\/\/baselle.com\/en\/contact\/\">Kontaktformular<\/a> vorzunehmen. Eine Stornierung ist m\u00f6glich, solange die Bestellung noch nicht verschickt wurde.<\/p>\n<\/div>\n<h2 class=\"separator\">\n<span>Zahlung<\/span><br \/>\n<\/h2>\n<div class=\"faq-quest\">4.1 Wie kann ich bezahlen?<\/div>\n<div class=\"panel\">\n<p>BASELLE bietet Dir folgende Zahlungsm\u00f6glichkeiten:<\/p>\n<ul>\n<li>easyCredit-Ratenkauf<\/li>\n<li>Advance payment by bank transfer (within 5 days after receipt of order)<\/li>\n<li>Credit card: Mastercard, VISA, American Express<\/li>\n<li>Klarna: invoice purchase, instalments, pay now<\/li>\n<li>PayPal<\/li>\n<li>Debit by PayPal<\/li>\n<\/ul>\n<p>When completing your order, you can choose which payment method you want to use for your purchase.\n<\/p>\n<\/div>\n<div class=\"faq-quest\">4.2 Ist die Zahlung sicher?<\/div>\n<div class=\"panel\">\n<p>Die Bezahlung sowie die gesamte Seite l\u00e4uft \u00fcber eine SSL sowie HTTPS Verschl\u00fcsselung (HyperText Transfer Protocol Secure ist ein abh\u00f6rsicheres Protokoll, das Daten zwischen Browser und Server in beide Richtungen verschl\u00fcsselt \u00fcbertr\u00e4gt.)<\/p>\n<\/div>\n<h2 class=\"separator\">\n<span>Versand &amp; Lieferung<\/span><br \/>\n<\/h2>\n<div class=\"faq-quest\">5.1 Wie lange dauert die Zustellung meiner Bestellung?<\/div>\n<div class=\"panel\">\n<p>Der Versand erfolgt direkt nach Zahlungseingang. Du erh\u00e4ltst eine Benachrichtigung mit der Sendungsverfolgungsnummer Deines Paketes. Den Bestellstatus kannst Du jederzeit unter Mein Konto \u2013 Bestellungen einsehen.<\/p>\n<\/div>\n<div class=\"faq-quest\">5.2 Mit welchem Versandunternehmen wird meine Bestellung verschickt?<\/div>\n<div class=\"panel\">\n<p>Wir versenden versichert per DHL an die von Dir angegebene Lieferadresse.<\/p>\n<\/div>\n<div class=\"faq-quest\">5.3 Mein Paket ist verloren gegangen, wie geht es nun weiter?<\/div>\n<div class=\"panel\">\n<p>Wir versenden alle Pakete ausschlie\u00dflich versichert, so dass bei Paketverlust der Kaufpreis inkl. eventuell angefallener Versandkosten zur\u00fcck erstattet wird.<\/p>\n<\/div>\n<div class=\"faq-quest\">5.4 Kann ich die Artikel pers\u00f6nlich besichtigen bzw. abholen?<\/div>\n<div class=\"panel\">\n<p>Als reiner Online-Shop ohne Verkaufsr\u00e4ume bieten wir leider keine pers\u00f6nliche Abholung bzw. Besichtigung an.<\/p>\n<\/div>\n<h2 class=\"separator\">\n<span>R\u00fccksendung<\/span><br \/>\n<\/h2>\n<div class=\"faq-quest\">6.1 Ist es m\u00f6glich, die Ware zur\u00fcckzusenden?<\/div>\n<div class=\"panel\">\n<p>Grunds\u00e4tzlich ist eine R\u00fccksendung der bestellten Artikel an uns m\u00f6glich. Mehr zu Deinem gesetzlichen Widerrufsrecht findest Du <a href=\"https:\/\/baselle.com\/en\/ruecknahme\/\">here<\/a>. Bitte beachte: Vor der R\u00fccksendung sind die Waren sicher und sorgf\u00e4ltig zu verpacken. Die R\u00fccksendung an uns muss ausreichend versichert \u00fcber den Versandweg stattfinden. Im Falle eines Widerrufs muss die R\u00fccksendung des Artikels zusammen mit dem verplombten Etikett erfolgen.<\/p>\n<\/div>\n<div class=\"faq-quest\">6.2 Ich habe das Etikett bereits entfernt. Ist eine R\u00fccksendung dennoch m\u00f6glich?<\/div>\n<div class=\"panel\">\n<p>Wir akzeptieren ausnahmslos nur R\u00fccksendungen mit unserem verplombten Etikett an der Ware. Da es sich bei unseren Produkten um Secondhand-Ware handelt,  wird durch das Entfernen des Etiketts\/Besch\u00e4digen der Plombe oder des Sicherheitsfadens Deinerseits best\u00e4tigt, dass Du die Ware behalten m\u00f6chtest und diese m\u00f6glicherweise bereits getragen hast. In diesem Fall ist ein Widerruf und die R\u00fccksendung der bestellten Ware nicht mehr m\u00f6glich.<\/p>\n<\/div>\n<div class=\"faq-quest\">6.3 Wer tr\u00e4gt die Kosten der R\u00fccksendung?<\/div>\n<div class=\"panel\">\n<p>Die unmittelbaren Kosten der R\u00fccksendung der Ware werden vom K\u00e4ufer getragen.<\/p>\n<\/div>\n<div class=\"faq-quest\">6.4 Wann wird mir der Betrag meiner Retoure gutgeschrieben?<\/div>\n<div class=\"panel\">\n<p>Sofort nach Eingang der R\u00fccksendung bei uns, wird diese gepr\u00fcft und nach erfolgreicher Pr\u00fcfung die R\u00fcckerstattung auf das urspr\u00fcnglich verwendete Zahlungsmittel veranlasst. Der Zeitraum der Gutschrift ist abh\u00e4ngig vom Bankinstitut.<\/p>\n<\/div>\n<h2 class=\"separator\">\n<span>Buyout<\/span><br \/>\n<\/h2>\n<div class=\"faq-quest\">7.1 Kauft ihr auch an?<\/div>\n<div class=\"panel\">\n<p>Wir sind grunds\u00e4tzlich an einem Ankauf von Taschen &#038; Accessoires der Designer LOUIS VUITTON, CHANEL und Herm\u00e8s interessiert, sofern diese in einem neuwertigen bis guten Zustand sind und in unser Sortiment passen.<\/p>\n<\/div>\n<div class=\"faq-quest\">7.2 Wie l\u00e4uft ein Ankauf ab?<\/div>\n<div class=\"panel\">\n<p>Nutze unser Ankaufsformular oder schreibe uns gerne eine Mail an <a href=\"mailto:info@baselle.com\">info@baselle.com<\/a> mit einer kurzen Info zum Artikel, dessen Zustand sowie dem Zubeh\u00f6r (Box, Staubbeutel etc.) und lass uns bitte ein paar Fotos des Artikels zukommen. <\/p>\n<\/div>\n<h2 class=\"separator\">\n<span>Consignment<\/span><br \/>\n<\/h2>\n<div class=\"faq-quest\">8.1 Welche Artikel nehmt ihr in Kommission?<\/div>\n<div class=\"panel\">\n<p>Wir nehmen Taschen &#038; Accessoires der Designer LOUIS VUITTON, CHANEL, Dior und Herm\u00e8s sowie weiterer Designer auf Anfrage in Kommission an, sofern diese in einem neuwertigen bis guten Zustand sind und in unser Sortiment passen.<\/p>\n<\/div>\n<div class=\"faq-quest\">8.2 Wie l\u00e4uft ein Kommissionsverkauf bei BASELLE ab?<\/div>\n<div class=\"panel\">\n<p>Nutze unser Verkaufsformular oder schreibe uns gerne eine Mail an <a href=\"mailto:info@baselle.com\">info@baselle.com<\/a> mit einer kurzen Info zum Artikel, dessen Zustand sowie dem Zubeh\u00f6r (Box, Staubbeutel etc.) und lass uns bitte ein paar Fotos des Artikels zukommen. Gemeinsam stimmen wir einen Preis ab und organisieren danach eine Abholung. Wir k\u00fcmmern uns von der Pr\u00fcfung, professionellen Fotos bis zum Verkauf um alles Weitere. In der Zwischenzeit kannst Du Dich entspannt zur\u00fccklehnen.<\/p>\n<\/div>\n<div class=\"faq-quest\">8.3 Fallen mir Versandkosten an?<\/div>\n<div class=\"panel\">\n<p>Bei unserem Service des Kommissionsverkaufs sind von Dir keine Versandkosten zu zahlen. Wir lassen Dir ein vorausbezahltes Versandlabel zukommen und \u00fcbernehmen die Versand- sowie R\u00fccksendekosten, sobald es zu einem Verkauf kommt. Hierf\u00fcr erheben wir lediglich die Versandkostenpauschale, die wir auf den vereinbarten Verkaufspreis hinzu berechnen.<\/p>\n<\/div>\n<div class=\"faq-quest\">8.3 Kann ich meine Tasche parallel auf anderen Verkaufsplattformen zum Verkauf anbieten?<\/div>\n<div class=\"panel\">\n<p>Nein, denn wir bieten f\u00fcr Dich mit dem Kommissionsverkauf eine attraktive und komfortable M\u00f6glichkeit, Deinen Artikel in unserem Online Shop sowie in allen relevanten Internetportalen anzubieten. Somit ist ein schneller Verkauf meist garantiert und es besteht keine Notwendigkeit Deinen Artikel \u00fcber andere Plattformen anzubieten. Im Gegenteil kann dies unter Umst\u00e4nden den den Verkaufsprozess vielmehr st\u00f6ren.<\/p>\n<\/div>\n<h2 class=\"separator\">\n<span>easyCredit-Ratenkauf<\/span><br \/>\n<\/h2>\n<div class=\"faq-quest\">9.1 Was ist der easyCredit-Ratenkauf?<\/div>\n<div class=\"panel\">\n<p>Mit dem easyCredit-Ratenkauf haben Sie die M\u00f6glichkeit, bequem und einfach per Raten zu zahlen. Sie entscheiden, wie viel Sie zahlen wollen und genie\u00dfen somit gr\u00f6\u00dfte Flexibilit\u00e4t bei der Realisierung Ihrer W\u00fcnsche.<\/p>\n<\/div>\n<div class=\"faq-quest\">9.2 Wer kann den easyCredit-Ratenkauf abschlie\u00dfen?<\/div>\n<div class=\"panel\">\n<p>Wenn Sie \u00fcber ein regelm\u00e4\u00dfiges monatliches Einkommen verf\u00fcgen k\u00f6nnen, pr\u00fcft die TeamBank gerne ihren individuellen Wunsch.<\/p>\n<\/div>\n<div class=\"faq-quest\">9.3 Welche Unterlagen sind f\u00fcr die Bestellung notwendig?<\/div>\n<div class=\"panel\">\n<p>Die Entscheidung, ob ein easyCredit-Ratenkauf m\u00f6glich ist, erhalten Sie sofort im Rahmen des Bestellprozesses. Eine nachgelagerte Pr\u00fcfung ist nicht mehr notwendig, sodass Sie auch keinerlei Unterlagen einreichen m\u00fcssen.<\/p>\n<\/div>\n<div class=\"faq-quest\">9.4 Welche Finanzierungsbetr\u00e4ge sind beim easyCredit-Ratenkauf m\u00f6glich?<\/div>\n<div class=\"panel\">\n<p>Sie k\u00f6nnen Eink\u00e4ufe zwischen 200,- Euro bis 10.000,- Euro bequem und einfach durch den easyCredit-Ratenkauf abwickeln.<\/p>\n<\/div>\n<div class=\"faq-quest\">9.5 Welche Laufzeiten werden angeboten?<\/div>\n<div class=\"panel\">\n<p>Laufzeiten sind zwischen 2 und 60 Monaten m\u00f6glich.<\/p>\n<\/div>\n<div class=\"faq-quest\">9.6 Welche Sicherheiten sind notwendig?<\/div>\n<div class=\"panel\">\n<p>Sicherheiten m\u00fcssen nicht geleistet werden.<\/p>\n<\/div>\n<div class=\"faq-quest\">9.7 Wann werden die monatlichen Raten abgebucht?<\/div>\n<div class=\"panel\">\n<p>Die erste Rate wird fr\u00fchestens 30 Tage nach Abschluss eingezogen. Der Einzugstermin ist automatisch auf den 1. eines Monats vorbelegt. \u00c4nderungen auf den 15. eines Monats sind w\u00e4hrend der Laufzeit in Ihrem easyCredit-Kundenportal m\u00f6glich.<\/p>\n<\/div>\n<div class=\"faq-quest\">9.8 Sind Sondertilgungen w\u00e4hrend der Laufzeit m\u00f6glich?<\/div>\n<div class=\"panel\">\n<p>Sondertilgungen sind jederzeit geb\u00fchrenfrei m\u00f6glich. Durch Sonderzahlungen reduziert sich automatisch die monatliche Rate. Bitte beachten Sie, dass die Mindestrate von 20,00 Euro nicht unterschritten werden kann.<\/p>\n<\/div>\n<div class=\"faq-quest\">9.9 Hat die Ablehnung meines Finanzierungswunsches Einfluss auf weitere Bestellungen?<\/div>\n<div class=\"panel\">\n<p>Nein, Ihr Produktwunsch wird immer individuell gepr\u00fcft, sodass eine sp\u00e4tere Entscheidung durchaus positiv ausfallen kann.<\/p>\n<\/div>\n<div class=\"faq-quest\">9.10 Muss das PostIdent-Verfahren durchgef\u00fchrt werden?<\/div>\n<div class=\"panel\">\n<p>Nein, das PostIdent-Verfahren ist nicht notwendig.<\/p>\n<\/div>\n<div class=\"faq-quest\">9.11 Kann ich meinen Ratenplan w\u00e4hrend der Laufzeit anpassen?<\/div>\n<div class=\"panel\">\n<p>Sollte es w\u00e4hrend der Laufzeit zu finanziellen Engp\u00e4ssen kommen, besteht die M\u00f6glichkeit einer Ratenaussetzung oder einer dauerhaften Reduzierung der Rate. Besuchen Sie einfach Ihr easyCredit-Kundenportal und nehmen Sie selbstst\u00e4ndig die gew\u00fcnschte Anpassung vor.<\/p>\n<\/div>\n<h2 class=\"separator\">\n<span>Sonstiges<\/span><br \/>\n<\/h2>\n<div class=\"faq-quest\">10.1 Hast Du Deine Frage hier nicht gefunden?<\/div>\n<div class=\"panel\">\n<p><a href=\"https:\/\/baselle.com\/en\/contact\/\">Hier<\/a> geht\u00b4s zu unserem Kontaktformular. Wir freuen uns auf Deine Nachricht!<\/p>\n<\/div>\n<\/div>\n<\/div>\n<\/div>","protected":false},"excerpt":{"rendered":"<p>Allgemein 1.1 Was ist BASELLE? BASELLE ist Dein Online-Shop f\u00fcr ausgew\u00e4hlte und hochwertige Second Hand Designertaschen &#038; -accessoires. Bei uns findest Du ausschlie\u00dflich originale Designersch\u00e4tze von CHANEL, Herm\u00e8s, LOUIS VUITTON und weiterer Designer zu super Preisen. 1.2 Kann ich sicher sein, dass es sich um Originale handelt? Mit unserer langj\u00e4hrigen Erfahrung im Umgang mit zahlreichen&#8230;<\/p>\n<p><a class=\"read-more\" href=\"https:\/\/baselle.com\/en\/faq\/\">weiterlesen<\/a><\/p>","protected":false},"author":1,"featured_media":0,"parent":0,"menu_order":0,"comment_status":"closed","ping_status":"closed","template":"template-fullwidth.php","meta":{"footnotes":""},"class_list":["post-4290","page","type-page","status-publish","hentry"],"_links":{"self":[{"href":"https:\/\/baselle.com\/en\/wp-json\/wp\/v2\/pages\/4290","targetHints":{"allow":["GET"]}}],"collection":[{"href":"https:\/\/baselle.com\/en\/wp-json\/wp\/v2\/pages"}],"about":[{"href":"https:\/\/baselle.com\/en\/wp-json\/wp\/v2\/types\/page"}],"author":[{"embeddable":true,"href":"https:\/\/baselle.com\/en\/wp-json\/wp\/v2\/users\/1"}],"replies":[{"embeddable":true,"href":"https:\/\/baselle.com\/en\/wp-json\/wp\/v2\/comments?post=4290"}],"version-history":[{"count":60,"href":"https:\/\/baselle.com\/en\/wp-json\/wp\/v2\/pages\/4290\/revisions"}],"predecessor-version":[{"id":22031,"href":"https:\/\/baselle.com\/en\/wp-json\/wp\/v2\/pages\/4290\/revisions\/22031"}],"wp:attachment":[{"href":"https:\/\/baselle.com\/en\/wp-json\/wp\/v2\/media?parent=4290"}],"curies":[{"name":"wp","href":"https:\/\/api.w.org\/{rel}","templated":true}]}}