{"id":20951,"date":"2024-08-27T00:23:05","date_gmt":"2024-08-26T22:23:05","guid":{"rendered":"https:\/\/baselle.com\/?page_id=20951"},"modified":"2024-08-27T14:07:33","modified_gmt":"2024-08-27T12:07:33","slug":"kommission-ankauf-inzahlungnahme-neu","status":"publish","type":"page","link":"https:\/\/baselle.com\/en\/kommission-ankauf-inzahlungnahme-neu\/","title":{"rendered":"Kommission   |   Ankauf   |   Inzahlungnahme NEU"},"content":{"rendered":"<section class=\"main-hero-about\">\r\n<div class=\"about-container\">\r\n<\/div>\r\n<\/section>\r\n<section class=\"about-us-top\">\r\n<div class=\"about-container page-headline-style\">\r\n<div class=\"page-headline\">\r\n<div class=\"page-headline_sub\">Sell with BASELLE<\/div>\r\n<h1 class=\"page-headline_main\">Consign | Sell | Trade<\/h1>\r\n<\/div>\r\n<\/div>\r\n\r\n<div class=\"img-content-wrapper img-content-wrapper--about-us img-content-wrapper_back\">\r\n<div class=\"about-container\">\r\n<div class=\"img-content-wrapper_circle\">\r\n<div class=\"img-content-wrapper_target img-content-wrapper_target--img right\">\r\n<img decoding=\"async\" src=\"https:\/\/baselle.com\/app\/uploads\/2023\/09\/IMG_0629-2-scaled.jpg\" alt=\"Modshot wearing CHANEL Funky Town Flap Bag with Chunky Chain Black Lambskin Leather\" class=\"img-content-wrapper__img entered lazyloaded right\" data-lazy-src=\"https:\/\/baselle.com\/app\/uploads\/2024\/04\/Modshot-wearing-CHANEL-Funky-Town-Flap-Bag-with-Chunky-Chain-Black-Lambskin-Leather.webp\" data-ll-status=\"loaded\">\r\n<\/div>\r\n<div class=\"img-content-wrapper_target\">\r\n<div class=\"img-content-wrapper_base-content\">\r\n<div class=\"img-content-wrapper_base\">\r\n<p><span>Would you like to get rid of your once-loved designer treasures? Then you've come to the right place!<\/span><\/p> \r\n<p><span>BASELLE offers you various options for selling your item(s) easily and conveniently.<\/span><\/p>\r\n<p><span>Regardless of which seller-friendly option you choose, you will always benefit from the best service and a fair price.<\/span><\/p>\r\n<\/div>\r\n<\/div>\r\n<\/div>\r\n<\/div>\r\n<\/div>\r\n<\/div>\r\n\r\n<div class=\"img-content-wrapper img-content-wrapper--about-us\">\r\n<div class=\"about-container\">\r\n<div class=\"img-content-wrapper_circle\">\r\n<div class=\"img-content-wrapper_target img-content-wrapper_target--img left\">\r\n<img decoding=\"async\" src=\"https:\/\/baselle.com\/app\/uploads\/2024\/08\/CHANEL-Small-Zippy-Wallet-Brown-Caramel-scaled.jpg\" alt=\"Louis-Vuitton-Petite-Boite-Chapeau-Monogram-Reverse\" class=\"img-content-wrapper__img entered lazyloaded left\" data-lazy-src=\"https:\/\/baselle.com\/app\/uploads\/2024\/04\/Louis-Vuitton-Petite-Boite-Chapeau-Monogram-Reverse.webp\" data-ll-status=\"loaded\">\r\n<\/div>\r\n<div class=\"img-content-wrapper_target\">\r\n<div class=\"img-content-wrapper_base-content\">\r\n<h2 class=\"img-content-wrapper__title\">Which items do we accept?<\/h2>\r\n<div class=\"img-content-wrapper_base\">\r\n<p><span style=\"font-weight: 400;\">We are generally interested in authentic bags, jewellery and accessories by the designers LOUIS VUITTON, CHANEL, Dior and Herm\u00e8s (other designers on request), provided they are in mint to good condition and fit into our range.<\/span><\/p> \r\n<p><span>We do not stock items with nicotine odours or musty storage odours.\r\n<\/span><\/p>\r\n<p><span><p class=\"selling-infobox-note\">Please note that we only <strong>authentische Artikel<\/strong> accept authentic items and ask you to be sure of the authenticity of your item before you send it to us. If the item is not deemed authentic by our experts, it will be returned to you at your expense!<\/p><\/span><\/p>\r\n<\/div>\r\n<\/div>\r\n<\/div>\r\n<\/div>\r\n<\/div>\r\n<\/div>\r\n\r\n<div class=\"img-content-wrapper img-content-wrapper--about-us img-content-wrapper_back\">\r\n<div class=\"about-container\">\r\n<div class=\"img-content-wrapper_circle\">\r\n<div class=\"img-content-wrapper_target img-content-wrapper_target--img right\">\r\n<img decoding=\"async\" src=\"https:\/\/baselle.com\/app\/uploads\/2024\/08\/Louis-Vuitton-Speedy-Stardust-and-Onthego-Empreinte-Creme-Pre-Loved-Handbags-scaled.jpg\" alt=\"CHANEL Mini Rectangular Black Velvet Second Hand on MyLovelyBoutique\" class=\"img-content-wrapper__img entered lazyloaded right\" data-lazy-src=\"https:\/\/baselle.com\/app\/uploads\/2023\/09\/IMG_0629-2-scaled.jpg\" data-ll-status=\"loaded\">\r\n<\/div>\r\n<div class=\"img-content-wrapper_target\">\r\n<div class=\"img-content-wrapper_base-content\">\r\n<h2 class=\"img-content-wrapper__title\">Consignment<\/h2>\r\n<div class=\"img-content-wrapper_base\">\r\n<p><span>This particularly attractive option offers the opportunity to offer your designer treasure for sale at BASELLE for a significantly higher price. <\/span><\/p> \r\n<p><span>We do all the work and you can sit back and relax in the meantime. As soon as the item has been successfully sold, you will receive your payout. <\/span><\/p> \r\n<\/div>\r\n<div class=\"img-content-wrapper_btn-layer\">\r\n<div class=\"img-content-wrapper_btn8\">\r\n<a href=\"https:\/\/baselle.com\/en\/kommissionsformular\/\" class=\"img-content-wrapper_btn8 common8-btn\">\r\nLearn more<\/a>\r\n<\/div>\r\n<\/div>\r\n<\/div>\r\n<\/div>\r\n<\/div>\r\n<\/div>\r\n<\/div>\r\n\r\n<div class=\"img-content-wrapper img-content-wrapper--about-us\">\r\n<div class=\"about-container\">\r\n<div class=\"img-content-wrapper_circle\">\r\n<div class=\"img-content-wrapper_target img-content-wrapper_target--img left\">\r\n<img decoding=\"async\" src=\"https:\/\/baselle.com\/app\/uploads\/2024\/08\/CHANEL-Heart-Clasp-WOC-Schwarz-scaled.jpg\" alt=\"Herm\u00e8s Orange Boxes\" class=\"img-content-wrapper__img entered lazyloaded left\" data-lazy-src=\"https:\/\/baselle.com\/app\/uploads\/2024\/04\/Hermes-Orange-Boxes-scaled.webp\" data-ll-status=\"loaded\">\r\n<\/div>\r\n<div class=\"img-content-wrapper_target\">\r\n<div class=\"img-content-wrapper_base-content\">\r\n<h2 class=\"img-content-wrapper__title\">Buyout<\/h2>\r\n<div class=\"img-content-wrapper_base\">\r\n<p><span>BASELLE offers you an uncomplicated and trustworthy purchase, so that you will be paid immediately upon successful inspection of the goods.<\/span><\/p>\r\n<p><span>We check the goods for authenticity and condition within 24 hours of receipt and then pay out the agreed proceeds.<\/span><\/p>\r\n<\/div>\r\n<div class=\"img-content-wrapper_btn-layer\">\r\n<div class=\"img-content-wrapper_btn8\">\r\n<a href=\"https:\/\/baselle.com\/en\/direkter-ankauf\/\" class=\"img-content-wrapper_btn8 common8-btn\">\r\nLearn more<\/a>\r\n<\/div>\r\n<\/div>\r\n<\/div>\r\n<\/div>\r\n<\/div>\r\n<\/div>\r\n<\/div>\r\n\r\n<div class=\"img-content-wrapper img-content-wrapper--about-us img-content-wrapper_back\">\r\n<div class=\"about-container\">\r\n<div class=\"img-content-wrapper_circle\">\r\n<div class=\"img-content-wrapper_target img-content-wrapper_target--img right\">\r\n<img decoding=\"async\" src=\"https:\/\/baselle.com\/app\/uploads\/2024\/08\/CHANEL-Boy-Bag-Limited-Edition-2019-Beige-Black-scaled.jpg\" alt=\"Herme\u0300s 24:24 Eptom Leather Handbag Etoupe\" class=\"img-content-wrapper__img entered lazyloaded right\" data-lazy-src=\"https:\/\/baselle.com\/app\/uploads\/2024\/04\/Hermes-2424-Eptom-Leather-Handbag-Etoupe.webp\" data-ll-status=\"loaded\">\r\n<\/div>\r\n\r\n<div class=\"img-content-wrapper_target\">\r\n<div class=\"img-content-wrapper_base-content\">\r\n<h2 class=\"img-content-wrapper__title\">Trade<\/h2>\r\n<div class=\"img-content-wrapper_base\">\r\n<p><span>Have you found a designer treasure at BASELLE and do you want to get rid of your own at the same time? <span><\/p>\r\n<p><span>Then trade-in is the ideal solution. The procedure is exactly the same as for \"Sell to us\".<span><\/p>\r\n<p><span>Any surpluses will be settled immediately as with the purchase. In the event of a surcharge, this can be settled using the payment options offered via our online shop.<span><\/p>\r\n<\/div>\r\n<div class=\"img-content-wrapper_btn-layer\">\r\n<div class=\"img-content-wrapper_btn8\">\r\n<a href=\"https:\/\/baselle.com\/en\/contact\/\" class=\"img-content-wrapper_btn8 common8-btn\">\r\n<div class=\"Echtheitspr\u00fcfung\">Contact us<\/div> <\/a>\r\n<\/div>\r\n<\/div>\r\n<\/div>\r\n<\/div>\r\n<\/div>\r\n<\/div>\r\n<\/div>\r\n<\/section>","protected":false},"excerpt":{"rendered":"Verkaufe mit BASELLE Kommission | Ankauf | Inzahlungnahme Du m\u00f6chtest Dich von einigen Deiner Designersch\u00e4tze trennen? Dann bist Du bei uns genau richtig! BASELLE bietet Dir verschiedene M\u00f6glichkeiten, Deine(n) Artikel unkompliziert und bequem zu verkaufen. Unabh\u00e4ngig davon, f\u00fcr welche verk\u00e4uferfreundliche Option Du Dich entscheidest, wirst Du bei uns immer von bestem Service und einem fairen...<br><br><a class=\"read-more\" href=\"https:\/\/baselle.com\/en\/kommission-ankauf-inzahlungnahme-neu\/\">weiterlesen<\/a>","protected":false},"author":506,"featured_media":0,"parent":0,"menu_order":0,"comment_status":"closed","ping_status":"closed","template":"template-fullwidth-no-breadcrumbs.php","meta":{"footnotes":""},"class_list":["post-20951","page","type-page","status-publish","hentry"],"_links":{"self":[{"href":"https:\/\/baselle.com\/en\/wp-json\/wp\/v2\/pages\/20951","targetHints":{"allow":["GET"]}}],"collection":[{"href":"https:\/\/baselle.com\/en\/wp-json\/wp\/v2\/pages"}],"about":[{"href":"https:\/\/baselle.com\/en\/wp-json\/wp\/v2\/types\/page"}],"author":[{"embeddable":true,"href":"https:\/\/baselle.com\/en\/wp-json\/wp\/v2\/users\/506"}],"replies":[{"embeddable":true,"href":"https:\/\/baselle.com\/en\/wp-json\/wp\/v2\/comments?post=20951"}],"version-history":[{"count":39,"href":"https:\/\/baselle.com\/en\/wp-json\/wp\/v2\/pages\/20951\/revisions"}],"predecessor-version":[{"id":21951,"href":"https:\/\/baselle.com\/en\/wp-json\/wp\/v2\/pages\/20951\/revisions\/21951"}],"wp:attachment":[{"href":"https:\/\/baselle.com\/en\/wp-json\/wp\/v2\/media?parent=20951"}],"curies":[{"name":"wp","href":"https:\/\/api.w.org\/{rel}","templated":true}]}}