{"id":20240,"date":"2024-05-19T22:24:19","date_gmt":"2024-05-19T20:24:19","guid":{"rendered":"https:\/\/baselle.com\/?page_id=20240"},"modified":"2024-09-04T19:59:13","modified_gmt":"2024-09-04T17:59:13","slug":"echtheitspruefung","status":"publish","type":"page","link":"https:\/\/baselle.com\/en\/echtheitspruefung\/","title":{"rendered":"How we authenticate"},"content":{"rendered":"<section class=\"main-hero-about\">\r\n<div class=\"about-container\">\r\n<\/div>\r\n<\/section>\r\n<section class=\"about-us-top\">\r\n<div class=\"about-container page-headline-style\">\r\n<div class=\"page-headline\">\r\n<div class=\"page-headline_sub\">Authentication<\/div>\r\n<h1 class=\"page-headline_main\">How new arrivals earn the tag<\/h1>\r\n<\/div>\r\n<\/div>\r\n\r\n<div class=\"img-content-wrapper img-content-wrapper--about-us img-content-wrapper_back\">\r\n<div class=\"about-container\">\r\n<div class=\"img-content-wrapper_circle\">\r\n<div class=\"img-content-wrapper_target img-content-wrapper_target--img right\">\r\n<img decoding=\"async\" src=\"https:\/\/baselle.com\/app\/uploads\/2024\/04\/CHANEL-Wallet-Cardholder-Caviar-Black-SHW-Second-Hand-scaled.webp\" alt=\"CHANEL Wallet Cardholder Caviar Black SHW Second Hand\" class=\"img-content-wrapper__img entered lazyloaded right\" data-lazy-src=\"https:\/\/baselle.com\/app\/uploads\/2024\/04\/CHANEL-Wallet-Cardholder-Caviar-Black-SHW-Second-Hand-scaled.webp\" data-ll-status=\"loaded\">\r\n<\/div>\r\n<div class=\"img-content-wrapper_target\">\r\n<div class=\"img-content-wrapper_base-content\">\r\n<div class=\"img-content-wrapper_base\">\r\n<p><span>We know that shopping pre-loved luxury items is not easy. On the one hand, there is uncertainty about authenticity and condition and on the other hand, a return is either associated with a complicated and lengthy procedure or even impossible.<\/span><\/p> \r\n<p><span>If you want to treat yourself to an exclusive designer treasure, you naturally want only the best in quality and originality.<\/span><\/p>\r\n<p><span>But unfortunately, the market is flooded with numerous counterfeit products. This makes it particularly difficult or even impossible for a layperson to find out whether the luxury item is actually authentic and whether the quality corresponds to the seller's price<\/span><\/p>\r\n<\/div>\r\n<\/div>\r\n<\/div>\r\n<\/div>\r\n<\/div>\r\n<\/div>\r\n\r\n<div class=\"img-content-wrapper img-content-wrapper--about-us\">\r\n<div class=\"about-container\">\r\n<div class=\"img-content-wrapper_circle\">\r\n<div class=\"img-content-wrapper_target img-content-wrapper_target--img left\">\r\n<img decoding=\"async\" src=\"https:\/\/baselle.com\/app\/uploads\/2024\/04\/Hermes-Della-Cavalleria-Epsom-Leather-Handbag-Black.webp\" alt=\"Herme\u0300s Della Cavalleria Epsom Leather Handbag Black\" class=\"img-content-wrapper__img entered lazyloaded left\" data-lazy-src=\"https:\/\/baselle.com\/app\/uploads\/2024\/04\/Hermes-Della-Cavalleria-Epsom-Leather-Handbag-Black.webp\" data-ll-status=\"loaded\">\r\n<\/div>\r\n<div class=\"img-content-wrapper_target\">\r\n<div class=\"img-content-wrapper_base-content\">\r\n<h2 class=\"img-content-wrapper__title\">Authentication process<\/h2>\r\n<div class=\"img-content-wrapper_base\">\r\n<p><span style=\"font-weight: 400;\">After receiving selected luxury bags and accessories, they are expertly checked for authenticity as well as for compliance with quality standards .<\/span><\/p>\r\n<p><span> Our experienced experts' daily work with CHANEL, Herm\u00e8s and LOUIS VUITTON products is as important as the analysis based on our database of authenticity features and the direct comparison of models in stock.<\/span><\/p> \r\n<\/div>\r\n<\/div>\r\n<\/div>\r\n<\/div>\r\n<\/div>\r\n<\/div>\r\n\r\n<div class=\"img-content-wrapper img-content-wrapper--about-us img-content-wrapper_back\">\r\n<div class=\"about-container\">\r\n<div class=\"img-content-wrapper_circle\">\r\n<div class=\"img-content-wrapper_target img-content-wrapper_target--img right\">\r\n<img decoding=\"async\" src=\"https:\/\/baselle.com\/app\/uploads\/2024\/04\/CHANEL-Black-Boy-Bag-Authenticity-Check.webp\" alt=\"CHANEL Black Boy Bag Authenticity Check\" class=\"img-content-wrapper__img entered lazyloaded right\" data-lazy-src=\"https:\/\/baselle.com\/app\/uploads\/2024\/04\/CHANEL-Black-Boy-Bag-Authenticity-Check.webp\" data-ll-status=\"loaded\">\r\n<\/div>\r\n<div class=\"img-content-wrapper_target\">\r\n<div class=\"img-content-wrapper_base-content\">\r\n<div class=\"img-content-wrapper_base\">\r\n<p><span>The daily handling of high-quality luxury treasures usually exposes a counterfeit after the first touch!<\/span><\/p>  \r\n<p><span>Our experts notice the use of inferior materials just as quickly as mistakes in the product details that counterfeiters often make.<\/span><\/p>  \r\n<p><span>At BASELLE, we scrutinise all details such as the finish of the seams, the logo, the cuts of the materials used and much more. Neither CHANEL, Herm\u00e8s nor Louis Vuitton offer \u2018B-goods\u2019 or \u2018second choice\u2019.<\/span><\/p>\r\n<\/div>\r\n<\/div>\r\n<\/div>\r\n<\/div>\r\n<\/div>\r\n<\/div>\r\n\r\n<div class=\"img-content-wrapper img-content-wrapper--about-us\">\r\n<div class=\"about-container\">\r\n<div class=\"img-content-wrapper_circle\">\r\n<div class=\"img-content-wrapper_target img-content-wrapper_target--img left\">\r\n<img decoding=\"async\" src=\"https:\/\/baselle.com\/app\/uploads\/2024\/04\/Louis-Vuitton-Capucines-Monogram-Leder-Handtasche-Schwarz-Second-Hand.webp\" alt=\"Louis Vuitton Capucines Monogram Leder Handtasche Schwarz Second Hand\" class=\"img-content-wrapper__img entered lazyloaded left\" data-lazy-src=\"https:\/\/baselle.com\/app\/uploads\/2024\/04\/Louis-Vuitton-Capucines-Monogram-Leder-Handtasche-Schwarz-Second-Hand.webp\" data-ll-status=\"loaded\">\r\n<\/div>\r\n<div class=\"img-content-wrapper_target\">\r\n<div class=\"img-content-wrapper_base-content\">\r\n<div class=\"img-content-wrapper_base\">\r\nThanks to our solid background knowledge and senior experience with pre-loved luxury goods, we have acquired unique skills in the field of quality and authenticity control. With this knowledge, we are able to track down plagiarism and recognise and exclude extremely value-reducing damage.<\/span><\/p>\r\n<p><span> Any discrepancy, however small, will result in BASELLE refusing to buy or sell on behalf of a customer. This is because we only sell products that pass our strict authenticity checks!<\/span><\/p>\r\n<div class=\"img-content-wrapper_btn-layer\">\r\n<div class=\"img-content-wrapper_btn8\">\r\n<\/div>\r\n<\/div>\r\n<\/div>\r\n<\/div>\r\n<\/div>\r\n<\/div>\r\n<\/div>\r\n\r\n<div class=\"img-content-wrapper img-content-wrapper--about-us img-content-wrapper_back\">\r\n<div class=\"about-container\">\r\n<div class=\"img-content-wrapper_circle\">\r\n<div class=\"img-content-wrapper_target img-content-wrapper_target--img right\">\r\n<img decoding=\"async\" src=\"https:\/\/baselle.com\/app\/uploads\/2024\/04\/IMG_3127-2.webp\" alt=\"CHANEL and Herm\u00e8s Boxes and Shopping Bags\" class=\"img-content-wrapper__img entered lazyloaded right\" data-lazy-src=\"https:\/\/baselle.com\/app\/uploads\/2024\/04\/IMG_3127-2.webp\" data-ll-status=\"loaded\">\r\n<\/div>\r\n\r\n<div class=\"img-content-wrapper_target\">\r\n<div class=\"img-content-wrapper_base-content\">\r\n<h2 class=\"img-content-wrapper__title\"><\/h2>\r\n<div class=\"img-content-wrapper_base\">\r\n<p><span>That's why we highly recommend buying your designer bag or other used luxury items from a professional shop like BASELLE. \r\n<p><span>This is the only way to enjoy the original dream for your money, get the value it deserves and not be surprised with a worthless knock-off.<\/span><\/p>  \r\n<\/div>\r\n<div class=\"img-content-wrapper_btn-layer\">\r\n<div class=\"img-content-wrapper_btn8\">\r\n<a href=\"https:\/\/baselle.com\/en\/shop\/\" class=\"img-content-wrapper_btn8 common8-btn\">\r\nShop now <\/a>\r\n<\/div>\r\n<\/div>\r\n<\/div>\r\n<\/div>\r\n<\/div>\r\n<\/div>\r\n<\/div>\r\n<\/section>","protected":false},"excerpt":{"rendered":"Echtheitspr\u00fcfung Wie Neuzug\u00e4nge unser Siegel erhalten Das Einkaufen von gebrauchten Luxusartikeln ist nicht einfach. Zum einen ist da die Unsicherheit \u00fcber Echtheit und Zustand und zum anderen ist eine R\u00fcckgabe entweder mit einem kompliziert langen Prozedere verbunden oder gar unm\u00f6glich. Wenn man sich schon einen exklusiven Designerschatz g\u00f6nnen will, m\u00f6chte man nat\u00fcrlich nur das Beste...<br><br><a class=\"read-more\" href=\"https:\/\/baselle.com\/en\/echtheitspruefung\/\">weiterlesen<\/a>","protected":false},"author":506,"featured_media":0,"parent":0,"menu_order":0,"comment_status":"closed","ping_status":"closed","template":"template-fullwidth-no-breadcrumbs.php","meta":{"footnotes":""},"class_list":["post-20240","page","type-page","status-publish","hentry"],"_links":{"self":[{"href":"https:\/\/baselle.com\/en\/wp-json\/wp\/v2\/pages\/20240","targetHints":{"allow":["GET"]}}],"collection":[{"href":"https:\/\/baselle.com\/en\/wp-json\/wp\/v2\/pages"}],"about":[{"href":"https:\/\/baselle.com\/en\/wp-json\/wp\/v2\/types\/page"}],"author":[{"embeddable":true,"href":"https:\/\/baselle.com\/en\/wp-json\/wp\/v2\/users\/506"}],"replies":[{"embeddable":true,"href":"https:\/\/baselle.com\/en\/wp-json\/wp\/v2\/comments?post=20240"}],"version-history":[{"count":56,"href":"https:\/\/baselle.com\/en\/wp-json\/wp\/v2\/pages\/20240\/revisions"}],"predecessor-version":[{"id":22037,"href":"https:\/\/baselle.com\/en\/wp-json\/wp\/v2\/pages\/20240\/revisions\/22037"}],"wp:attachment":[{"href":"https:\/\/baselle.com\/en\/wp-json\/wp\/v2\/media?parent=20240"}],"curies":[{"name":"wp","href":"https:\/\/api.w.org\/{rel}","templated":true}]}}